{"id":12,"date":"2024-04-26T12:36:37","date_gmt":"2024-04-26T12:36:37","guid":{"rendered":"https:\/\/www.essence-france.com\/?page_id=12"},"modified":"2024-06-08T10:48:26","modified_gmt":"2024-06-08T10:48:26","slug":"espace-client","status":"publish","type":"page","link":"https:\/\/www.essence-france.com\/en\/espace-client\/","title":{"rendered":"Client Space"},"content":{"rendered":"\t\t<div data-elementor-type=\"wp-page\" data-elementor-id=\"12\" class=\"elementor elementor-12\" data-elementor-post-type=\"page\">\n\t\t\t\t<div class=\"elementor-element elementor-element-e0d335f e-con-full e-flex e-con e-parent\" data-id=\"e0d335f\" data-element_type=\"container\" data-settings=\"{&quot;background_background&quot;:&quot;classic&quot;}\">\n\t\t\t\t<\/div>\n\t\t<div class=\"elementor-element elementor-element-d3d8d0e e-flex e-con-boxed e-con e-parent\" data-id=\"d3d8d0e\" data-element_type=\"container\">\n\t\t\t\t\t<div class=\"e-con-inner\">\n\t\t\t\t<div class=\"elementor-element elementor-element-b82a6e4 e-my-account-tabs-vertical elementor-widget elementor-widget-woocommerce-my-account\" data-id=\"b82a6e4\" data-element_type=\"widget\" data-settings=\"{&quot;customize_dashboard_check&quot;:&quot;yes&quot;}\" data-widget_type=\"woocommerce-my-account.default\">\n\t\t\t\t<div class=\"elementor-widget-container\">\n\t\t\t\t\t<div class=\"e-my-account-tab e-my-account-tab__ \">\t\t\t<div class=\"woocommerce\"><\/div>\t\t<\/div>\n\t\t\t\t\t\t<\/div>\n\t\t\t\t<\/div>\n\t\t\t\t\t<\/div>\n\t\t\t\t<\/div>\n\t\t\t\t<\/div>\n\t\t","protected":false},"excerpt":{"rendered":"<p>Dashboard Orders Cr\u00e9dits boutique Downloads Addresses Moyens de paiement Account Details Logout Dashboard Orders Cr\u00e9dits boutique Downloads Addresses Moyens de paiement Account Details Logout Dashboard Orders Cr\u00e9dits boutique Downloads Addresses Moyens de paiement Account Details Logout Bonjour admin2882essencefrance (vous n\u2019\u00eates pas admin2882essencefrance\u00a0? D\u00e9connexion) \u00c0 partir du tableau de bord de votre compte, vous pouvez visualiser [&hellip;]<\/p>\n","protected":false},"author":1,"featured_media":0,"parent":0,"menu_order":0,"comment_status":"closed","ping_status":"closed","template":"elementor_header_footer","meta":{"_acf_changed":false,"footnotes":""},"class_list":["post-12","page","type-page","status-publish","hentry"],"acf":[],"yoast_head":"<!-- This site is optimized with the Yoast SEO plugin v26.7 - https:\/\/yoast.com\/wordpress\/plugins\/seo\/ -->\n<title>Espace Client - Essence France<\/title>\n<meta name=\"description\" content=\"Espace client : Chez Essence France, la satisfaction client est notre priorit\u00e9 absolue. D\u00e9couvrez nos services ax\u00e9s sur vos besoins.\" \/>\n<meta name=\"robots\" content=\"index, follow, max-snippet:-1, max-image-preview:large, max-video-preview:-1\" \/>\n<link rel=\"canonical\" href=\"https:\/\/www.essence-france.com\/en\/espace-client\/\" \/>\n<meta property=\"og:locale\" content=\"en_US\" \/>\n<meta property=\"og:type\" content=\"article\" \/>\n<meta property=\"og:title\" content=\"Espace Client - Essence France\" \/>\n<meta property=\"og:description\" content=\"Espace client : Chez Essence France, la satisfaction client est notre priorit\u00e9 absolue. D\u00e9couvrez nos services ax\u00e9s sur vos besoins.\" \/>\n<meta property=\"og:url\" content=\"https:\/\/www.essence-france.com\/en\/espace-client\/\" \/>\n<meta property=\"og:site_name\" content=\"Essence France\" \/>\n<meta property=\"article:modified_time\" content=\"2024-06-08T10:48:26+00:00\" \/>\n<meta property=\"og:image\" content=\"https:\/\/www.essence-france.com\/wp-content\/uploads\/2024\/05\/website_1.png\" \/>\n\t<meta property=\"og:image:width\" content=\"1200\" \/>\n\t<meta property=\"og:image:height\" content=\"675\" \/>\n\t<meta property=\"og:image:type\" content=\"image\/png\" \/>\n<meta name=\"twitter:card\" content=\"summary_large_image\" \/>\n<meta name=\"twitter:label1\" content=\"Est. reading time\" \/>\n\t<meta name=\"twitter:data1\" content=\"2 minutes\" \/>\n<script type=\"application\/ld+json\" class=\"yoast-schema-graph\">{\"@context\":\"https:\/\/schema.org\",\"@graph\":[{\"@type\":\"WebPage\",\"@id\":\"https:\/\/www.essence-france.com\/fr\/espace-client\/\",\"url\":\"https:\/\/www.essence-france.com\/fr\/espace-client\/\",\"name\":\"Espace Client - Essence France\",\"isPartOf\":{\"@id\":\"https:\/\/www.essence-france.com\/en\/#website\"},\"datePublished\":\"2024-04-26T12:36:37+00:00\",\"dateModified\":\"2024-06-08T10:48:26+00:00\",\"description\":\"Espace client : Chez Essence France, la satisfaction client est notre priorit\u00e9 absolue. D\u00e9couvrez nos services ax\u00e9s sur vos besoins.\",\"breadcrumb\":{\"@id\":\"https:\/\/www.essence-france.com\/fr\/espace-client\/#breadcrumb\"},\"inLanguage\":\"en-US\",\"potentialAction\":[{\"@type\":\"ReadAction\",\"target\":[\"https:\/\/www.essence-france.com\/fr\/espace-client\/\"]}]},{\"@type\":\"BreadcrumbList\",\"@id\":\"https:\/\/www.essence-france.com\/fr\/espace-client\/#breadcrumb\",\"itemListElement\":[{\"@type\":\"ListItem\",\"position\":1,\"name\":\"Accueil\",\"item\":\"https:\/\/www.essence-france.com\/en\/\"},{\"@type\":\"ListItem\",\"position\":2,\"name\":\"Client Space\"}]},{\"@type\":\"WebSite\",\"@id\":\"https:\/\/www.essence-france.com\/en\/#website\",\"url\":\"https:\/\/www.essence-france.com\/en\/\",\"name\":\"Essence France\",\"description\":\"\",\"publisher\":{\"@id\":\"https:\/\/www.essence-france.com\/en\/#organization\"},\"potentialAction\":[{\"@type\":\"SearchAction\",\"target\":{\"@type\":\"EntryPoint\",\"urlTemplate\":\"https:\/\/www.essence-france.com\/en\/?s={search_term_string}\"},\"query-input\":{\"@type\":\"PropertyValueSpecification\",\"valueRequired\":true,\"valueName\":\"search_term_string\"}}],\"inLanguage\":\"en-US\"},{\"@type\":\"Organization\",\"@id\":\"https:\/\/www.essence-france.com\/en\/#organization\",\"name\":\"Essence France\",\"url\":\"https:\/\/www.essence-france.com\/en\/\",\"logo\":{\"@type\":\"ImageObject\",\"inLanguage\":\"en-US\",\"@id\":\"https:\/\/www.essence-france.com\/en\/#\/schema\/logo\/image\/\",\"url\":\"https:\/\/www.essence-france.com\/wp-content\/uploads\/2024\/04\/Favicon.png\",\"contentUrl\":\"https:\/\/www.essence-france.com\/wp-content\/uploads\/2024\/04\/Favicon.png\",\"width\":507,\"height\":514,\"caption\":\"Essence France\"},\"image\":{\"@id\":\"https:\/\/www.essence-france.com\/en\/#\/schema\/logo\/image\/\"},\"sameAs\":[\"https:\/\/www.instagram.com\/essence_france\/\",\"https:\/\/www.linkedin.com\/company\/essencefrance\"]}]}<\/script>\n<!-- \/ Yoast SEO plugin. -->","yoast_head_json":{"title":"Espace Client - Essence France","description":"Espace client : Chez Essence France, la satisfaction client est notre priorit\u00e9 absolue. D\u00e9couvrez nos services ax\u00e9s sur vos besoins.","robots":{"index":"index","follow":"follow","max-snippet":"max-snippet:-1","max-image-preview":"max-image-preview:large","max-video-preview":"max-video-preview:-1"},"canonical":"https:\/\/www.essence-france.com\/en\/espace-client\/","og_locale":"en_US","og_type":"article","og_title":"Espace Client - Essence France","og_description":"Espace client : Chez Essence France, la satisfaction client est notre priorit\u00e9 absolue. D\u00e9couvrez nos services ax\u00e9s sur vos besoins.","og_url":"https:\/\/www.essence-france.com\/en\/espace-client\/","og_site_name":"Essence France","article_modified_time":"2024-06-08T10:48:26+00:00","og_image":[{"width":1200,"height":675,"url":"https:\/\/www.essence-france.com\/wp-content\/uploads\/2024\/05\/website_1.png","type":"image\/png"}],"twitter_card":"summary_large_image","twitter_misc":{"Est. reading time":"2 minutes"},"schema":{"@context":"https:\/\/schema.org","@graph":[{"@type":"WebPage","@id":"https:\/\/www.essence-france.com\/fr\/espace-client\/","url":"https:\/\/www.essence-france.com\/fr\/espace-client\/","name":"Espace Client - Essence France","isPartOf":{"@id":"https:\/\/www.essence-france.com\/en\/#website"},"datePublished":"2024-04-26T12:36:37+00:00","dateModified":"2024-06-08T10:48:26+00:00","description":"Espace client : Chez Essence France, la satisfaction client est notre priorit\u00e9 absolue. D\u00e9couvrez nos services ax\u00e9s sur vos besoins.","breadcrumb":{"@id":"https:\/\/www.essence-france.com\/fr\/espace-client\/#breadcrumb"},"inLanguage":"en-US","potentialAction":[{"@type":"ReadAction","target":["https:\/\/www.essence-france.com\/fr\/espace-client\/"]}]},{"@type":"BreadcrumbList","@id":"https:\/\/www.essence-france.com\/fr\/espace-client\/#breadcrumb","itemListElement":[{"@type":"ListItem","position":1,"name":"Accueil","item":"https:\/\/www.essence-france.com\/en\/"},{"@type":"ListItem","position":2,"name":"Client Space"}]},{"@type":"WebSite","@id":"https:\/\/www.essence-france.com\/en\/#website","url":"https:\/\/www.essence-france.com\/en\/","name":"Essence France","description":"","publisher":{"@id":"https:\/\/www.essence-france.com\/en\/#organization"},"potentialAction":[{"@type":"SearchAction","target":{"@type":"EntryPoint","urlTemplate":"https:\/\/www.essence-france.com\/en\/?s={search_term_string}"},"query-input":{"@type":"PropertyValueSpecification","valueRequired":true,"valueName":"search_term_string"}}],"inLanguage":"en-US"},{"@type":"Organization","@id":"https:\/\/www.essence-france.com\/en\/#organization","name":"Essence France","url":"https:\/\/www.essence-france.com\/en\/","logo":{"@type":"ImageObject","inLanguage":"en-US","@id":"https:\/\/www.essence-france.com\/en\/#\/schema\/logo\/image\/","url":"https:\/\/www.essence-france.com\/wp-content\/uploads\/2024\/04\/Favicon.png","contentUrl":"https:\/\/www.essence-france.com\/wp-content\/uploads\/2024\/04\/Favicon.png","width":507,"height":514,"caption":"Essence France"},"image":{"@id":"https:\/\/www.essence-france.com\/en\/#\/schema\/logo\/image\/"},"sameAs":["https:\/\/www.instagram.com\/essence_france\/","https:\/\/www.linkedin.com\/company\/essencefrance"]}]}},"_links":{"self":[{"href":"https:\/\/www.essence-france.com\/en\/wp-json\/wp\/v2\/pages\/12","targetHints":{"allow":["GET"]}}],"collection":[{"href":"https:\/\/www.essence-france.com\/en\/wp-json\/wp\/v2\/pages"}],"about":[{"href":"https:\/\/www.essence-france.com\/en\/wp-json\/wp\/v2\/types\/page"}],"author":[{"embeddable":true,"href":"https:\/\/www.essence-france.com\/en\/wp-json\/wp\/v2\/users\/1"}],"replies":[{"embeddable":true,"href":"https:\/\/www.essence-france.com\/en\/wp-json\/wp\/v2\/comments?post=12"}],"version-history":[{"count":22,"href":"https:\/\/www.essence-france.com\/en\/wp-json\/wp\/v2\/pages\/12\/revisions"}],"predecessor-version":[{"id":1185,"href":"https:\/\/www.essence-france.com\/en\/wp-json\/wp\/v2\/pages\/12\/revisions\/1185"}],"wp:attachment":[{"href":"https:\/\/www.essence-france.com\/en\/wp-json\/wp\/v2\/media?parent=12"}],"curies":[{"name":"wp","href":"https:\/\/api.w.org\/{rel}","templated":true}]}}