{"id":105,"date":"2024-04-26T17:53:46","date_gmt":"2024-04-26T17:53:46","guid":{"rendered":"https:\/\/www.essence-france.com\/?post_type=product&#038;p=105"},"modified":"2026-03-31T06:52:02","modified_gmt":"2026-03-31T06:52:02","slug":"machine-a-cafe-professionnel-kit-300-cafes","status":"publish","type":"product","link":"https:\/\/www.essence-france.com\/en\/product\/machine-a-cafe-professionnel-kit-300-cafes\/","title":{"rendered":"Nespresso Professional coffee machine with kit 300 coffees"},"content":{"rendered":"<h2><strong>Nespresso Professional Coffee Machine \u2013 Premium Coffee Experience for Your Events<\/strong><\/h2>\n<p>Enhance your events with our Nespresso Professional Coffee Machine service, a blend of high-performance equipment and premium coffee offerings. Designed for simplicity and efficiency, this machine delivers barista-quality coffee with ease. The equipment is available exclusively for rental during your event, and as part of our eco-conscious commitment, we collect any remaining consumables afterward.<\/p>\n<h3><strong>Consumables Included in the Package<\/strong><\/h3>\n<ul>\n<li><strong>Nespresso Coffee Kit:<\/strong>\n<ul>\n<li>300 Nespresso coffee doses to cater to every guest\u2019s caffeine cravings.<\/li>\n<li>300 cardboard cups, sturdy and eco-friendly.<\/li>\n<li>300 sugar doses and 300 wooden stirrers for a complete coffee service.<\/li>\n<\/ul>\n<\/li>\n<\/ul>\n<h3><strong>Features:<\/strong><\/h3>\n<ul>\n<li>Three preselected coffee programs:\n<ul>\n<li><strong>Ristretto:<\/strong> 25 ml.<\/li>\n<li><strong>Espresso:<\/strong> 40 ml.<\/li>\n<li><strong>Lungo:<\/strong> 110 ml.<\/li>\n<\/ul>\n<\/li>\n<\/ul>\n<h3><span class=\"fontstyle0\"><strong>Specifications:<\/strong><\/span><\/h3>\n<ul>\n<li><span class=\"fontstyle0\">Dimensions: 19(L) x 39.9(W) x 31.3(H) cm<\/span><\/li>\n<li><span class=\"fontstyle0\">Water tank capacity: 2L<\/span><\/li>\n<li><span class=\"fontstyle0\">Weight: 7 kg<\/span><\/li>\n<li><span class=\"fontstyle0\">Power: up to 1860 Watts<\/span><\/li>\n<li><span class=\"fontstyle0\">Pressure: Up to 19 bar<\/span><\/li>\n<\/ul>\n<p>&nbsp;<\/p>\n","protected":false},"excerpt":{"rendered":"<h5><strong>Nespresso Professional Coffee Machine \u2013 Sophistication and Efficiency in Every Cup<\/strong><\/h5>\n<p>Impress your guests with a professional-grade coffee machine that combines performance and style.<\/p>\n<h6><strong>What\u2019s Included:<\/strong><\/h6>\n<ul>\n<li><strong>Nespresso Coffee Kit:<\/strong> 300 Nespresso coffee doses, 300 cups, 300 sugar packets, and 300 wooden stirrers.<\/li>\n<\/ul>\n<p>Elegant, efficient, and eco-conscious, this service is perfect for elevating your event&#8217;s coffee offerings.<\/p>\n","protected":false},"featured_media":517,"comment_status":"open","ping_status":"closed","template":"","meta":{"_acf_changed":false},"product_brand":[],"product_cat":[46],"product_tag":[],"class_list":{"0":"post-105","1":"product","2":"type-product","3":"status-publish","4":"has-post-thumbnail","6":"product_cat-coffee-machine","8":"first","9":"instock","10":"taxable","11":"shipping-taxable","12":"purchasable","13":"product-type-simple"},"acf":[],"yoast_head":"<!-- This site is optimized with the Yoast SEO plugin v26.7 - https:\/\/yoast.com\/wordpress\/plugins\/seo\/ -->\n<title>Machine \u00e0 caf\u00e9 Professionnel Kit 300 caf\u00e9s - Essence France<\/title>\n<meta name=\"description\" content=\"D\u00e9couvrez notre service de Machine \u00e0 Caf\u00e9 Professionnelle avec Kit Caf\u00e9s en location, la solution pour vos \u00e9v\u00e9nements avec un \u00e9quipement de haute qualit\u00e9.\" \/>\n<meta name=\"robots\" content=\"index, follow, max-snippet:-1, max-image-preview:large, max-video-preview:-1\" \/>\n<link rel=\"canonical\" href=\"https:\/\/www.essence-france.com\/en\/product\/machine-a-cafe-professionnel-kit-300-cafes\/\" \/>\n<meta property=\"og:locale\" content=\"en_US\" \/>\n<meta property=\"og:type\" content=\"article\" \/>\n<meta property=\"og:title\" content=\"Machine \u00e0 caf\u00e9 Professionnel Kit 300 caf\u00e9s - Essence France\" \/>\n<meta property=\"og:description\" content=\"D\u00e9couvrez notre service de Machine \u00e0 Caf\u00e9 Professionnelle avec Kit Caf\u00e9s en location, la solution pour vos \u00e9v\u00e9nements avec un \u00e9quipement de haute qualit\u00e9.\" \/>\n<meta property=\"og:url\" content=\"https:\/\/www.essence-france.com\/en\/product\/machine-a-cafe-professionnel-kit-300-cafes\/\" \/>\n<meta property=\"og:site_name\" content=\"Essence France\" \/>\n<meta property=\"article:modified_time\" content=\"2026-03-31T06:52:02+00:00\" \/>\n<meta property=\"og:image\" content=\"https:\/\/www.essence-france.com\/wp-content\/uploads\/2024\/04\/Nespresso-Zenius-kit-300-coffees.webp\" \/>\n\t<meta property=\"og:image:width\" content=\"900\" \/>\n\t<meta property=\"og:image:height\" content=\"900\" \/>\n\t<meta property=\"og:image:type\" content=\"image\/webp\" \/>\n<meta name=\"twitter:card\" content=\"summary_large_image\" \/>\n<meta name=\"twitter:label1\" content=\"Est. reading time\" \/>\n\t<meta name=\"twitter:data1\" content=\"1 minute\" \/>\n<script type=\"application\/ld+json\" class=\"yoast-schema-graph\">{\"@context\":\"https:\/\/schema.org\",\"@graph\":[{\"@type\":\"WebPage\",\"@id\":\"https:\/\/www.essence-france.com\/en\/product\/machine-a-cafe-professionnel-kit-300-cafes\/\",\"url\":\"https:\/\/www.essence-france.com\/en\/product\/machine-a-cafe-professionnel-kit-300-cafes\/\",\"name\":\"Machine \u00e0 caf\u00e9 Professionnel Kit 300 caf\u00e9s - Essence France\",\"isPartOf\":{\"@id\":\"https:\/\/www.essence-france.com\/en\/#website\"},\"primaryImageOfPage\":{\"@id\":\"https:\/\/www.essence-france.com\/en\/product\/machine-a-cafe-professionnel-kit-300-cafes\/#primaryimage\"},\"image\":{\"@id\":\"https:\/\/www.essence-france.com\/en\/product\/machine-a-cafe-professionnel-kit-300-cafes\/#primaryimage\"},\"thumbnailUrl\":\"https:\/\/www.essence-france.com\/wp-content\/uploads\/2024\/04\/Nespresso-Zenius-kit-300-coffees.webp\",\"datePublished\":\"2024-04-26T17:53:46+00:00\",\"dateModified\":\"2026-03-31T06:52:02+00:00\",\"description\":\"D\u00e9couvrez notre service de Machine \u00e0 Caf\u00e9 Professionnelle avec Kit Caf\u00e9s en location, la solution pour vos \u00e9v\u00e9nements avec un \u00e9quipement de haute qualit\u00e9.\",\"breadcrumb\":{\"@id\":\"https:\/\/www.essence-france.com\/en\/product\/machine-a-cafe-professionnel-kit-300-cafes\/#breadcrumb\"},\"inLanguage\":\"en-US\",\"potentialAction\":[{\"@type\":\"ReadAction\",\"target\":[\"https:\/\/www.essence-france.com\/en\/product\/machine-a-cafe-professionnel-kit-300-cafes\/\"]}]},{\"@type\":\"ImageObject\",\"inLanguage\":\"en-US\",\"@id\":\"https:\/\/www.essence-france.com\/en\/product\/machine-a-cafe-professionnel-kit-300-cafes\/#primaryimage\",\"url\":\"https:\/\/www.essence-france.com\/wp-content\/uploads\/2024\/04\/Nespresso-Zenius-kit-300-coffees.webp\",\"contentUrl\":\"https:\/\/www.essence-france.com\/wp-content\/uploads\/2024\/04\/Nespresso-Zenius-kit-300-coffees.webp\",\"width\":900,\"height\":900},{\"@type\":\"BreadcrumbList\",\"@id\":\"https:\/\/www.essence-france.com\/en\/product\/machine-a-cafe-professionnel-kit-300-cafes\/#breadcrumb\",\"itemListElement\":[{\"@type\":\"ListItem\",\"position\":1,\"name\":\"Accueil\",\"item\":\"https:\/\/www.essence-france.com\/en\/\"},{\"@type\":\"ListItem\",\"position\":2,\"name\":\"Shop\",\"item\":\"https:\/\/www.essence-france.com\/en\/boutique\/\"},{\"@type\":\"ListItem\",\"position\":3,\"name\":\"Nespresso Professional coffee machine with kit 300 coffees\"}]},{\"@type\":\"WebSite\",\"@id\":\"https:\/\/www.essence-france.com\/en\/#website\",\"url\":\"https:\/\/www.essence-france.com\/en\/\",\"name\":\"Essence France\",\"description\":\"\",\"publisher\":{\"@id\":\"https:\/\/www.essence-france.com\/en\/#organization\"},\"potentialAction\":[{\"@type\":\"SearchAction\",\"target\":{\"@type\":\"EntryPoint\",\"urlTemplate\":\"https:\/\/www.essence-france.com\/en\/?s={search_term_string}\"},\"query-input\":{\"@type\":\"PropertyValueSpecification\",\"valueRequired\":true,\"valueName\":\"search_term_string\"}}],\"inLanguage\":\"en-US\"},{\"@type\":\"Organization\",\"@id\":\"https:\/\/www.essence-france.com\/en\/#organization\",\"name\":\"Essence France\",\"url\":\"https:\/\/www.essence-france.com\/en\/\",\"logo\":{\"@type\":\"ImageObject\",\"inLanguage\":\"en-US\",\"@id\":\"https:\/\/www.essence-france.com\/en\/#\/schema\/logo\/image\/\",\"url\":\"https:\/\/www.essence-france.com\/wp-content\/uploads\/2024\/04\/Favicon.png\",\"contentUrl\":\"https:\/\/www.essence-france.com\/wp-content\/uploads\/2024\/04\/Favicon.png\",\"width\":507,\"height\":514,\"caption\":\"Essence France\"},\"image\":{\"@id\":\"https:\/\/www.essence-france.com\/en\/#\/schema\/logo\/image\/\"},\"sameAs\":[\"https:\/\/www.instagram.com\/essence_france\/\",\"https:\/\/www.linkedin.com\/company\/essencefrance\"]}]}<\/script>\n<!-- \/ Yoast SEO plugin. -->","yoast_head_json":{"title":"Machine \u00e0 caf\u00e9 Professionnel Kit 300 caf\u00e9s - Essence France","description":"D\u00e9couvrez notre service de Machine \u00e0 Caf\u00e9 Professionnelle avec Kit Caf\u00e9s en location, la solution pour vos \u00e9v\u00e9nements avec un \u00e9quipement de haute qualit\u00e9.","robots":{"index":"index","follow":"follow","max-snippet":"max-snippet:-1","max-image-preview":"max-image-preview:large","max-video-preview":"max-video-preview:-1"},"canonical":"https:\/\/www.essence-france.com\/en\/product\/machine-a-cafe-professionnel-kit-300-cafes\/","og_locale":"en_US","og_type":"article","og_title":"Machine \u00e0 caf\u00e9 Professionnel Kit 300 caf\u00e9s - Essence France","og_description":"D\u00e9couvrez notre service de Machine \u00e0 Caf\u00e9 Professionnelle avec Kit Caf\u00e9s en location, la solution pour vos \u00e9v\u00e9nements avec un \u00e9quipement de haute qualit\u00e9.","og_url":"https:\/\/www.essence-france.com\/en\/product\/machine-a-cafe-professionnel-kit-300-cafes\/","og_site_name":"Essence France","article_modified_time":"2026-03-31T06:52:02+00:00","og_image":[{"width":900,"height":900,"url":"https:\/\/www.essence-france.com\/wp-content\/uploads\/2024\/04\/Nespresso-Zenius-kit-300-coffees.webp","type":"image\/webp"}],"twitter_card":"summary_large_image","twitter_misc":{"Est. reading time":"1 minute"},"schema":{"@context":"https:\/\/schema.org","@graph":[{"@type":"WebPage","@id":"https:\/\/www.essence-france.com\/en\/product\/machine-a-cafe-professionnel-kit-300-cafes\/","url":"https:\/\/www.essence-france.com\/en\/product\/machine-a-cafe-professionnel-kit-300-cafes\/","name":"Machine \u00e0 caf\u00e9 Professionnel Kit 300 caf\u00e9s - Essence France","isPartOf":{"@id":"https:\/\/www.essence-france.com\/en\/#website"},"primaryImageOfPage":{"@id":"https:\/\/www.essence-france.com\/en\/product\/machine-a-cafe-professionnel-kit-300-cafes\/#primaryimage"},"image":{"@id":"https:\/\/www.essence-france.com\/en\/product\/machine-a-cafe-professionnel-kit-300-cafes\/#primaryimage"},"thumbnailUrl":"https:\/\/www.essence-france.com\/wp-content\/uploads\/2024\/04\/Nespresso-Zenius-kit-300-coffees.webp","datePublished":"2024-04-26T17:53:46+00:00","dateModified":"2026-03-31T06:52:02+00:00","description":"D\u00e9couvrez notre service de Machine \u00e0 Caf\u00e9 Professionnelle avec Kit Caf\u00e9s en location, la solution pour vos \u00e9v\u00e9nements avec un \u00e9quipement de haute qualit\u00e9.","breadcrumb":{"@id":"https:\/\/www.essence-france.com\/en\/product\/machine-a-cafe-professionnel-kit-300-cafes\/#breadcrumb"},"inLanguage":"en-US","potentialAction":[{"@type":"ReadAction","target":["https:\/\/www.essence-france.com\/en\/product\/machine-a-cafe-professionnel-kit-300-cafes\/"]}]},{"@type":"ImageObject","inLanguage":"en-US","@id":"https:\/\/www.essence-france.com\/en\/product\/machine-a-cafe-professionnel-kit-300-cafes\/#primaryimage","url":"https:\/\/www.essence-france.com\/wp-content\/uploads\/2024\/04\/Nespresso-Zenius-kit-300-coffees.webp","contentUrl":"https:\/\/www.essence-france.com\/wp-content\/uploads\/2024\/04\/Nespresso-Zenius-kit-300-coffees.webp","width":900,"height":900},{"@type":"BreadcrumbList","@id":"https:\/\/www.essence-france.com\/en\/product\/machine-a-cafe-professionnel-kit-300-cafes\/#breadcrumb","itemListElement":[{"@type":"ListItem","position":1,"name":"Accueil","item":"https:\/\/www.essence-france.com\/en\/"},{"@type":"ListItem","position":2,"name":"Shop","item":"https:\/\/www.essence-france.com\/en\/boutique\/"},{"@type":"ListItem","position":3,"name":"Nespresso Professional coffee machine with kit 300 coffees"}]},{"@type":"WebSite","@id":"https:\/\/www.essence-france.com\/en\/#website","url":"https:\/\/www.essence-france.com\/en\/","name":"Essence France","description":"","publisher":{"@id":"https:\/\/www.essence-france.com\/en\/#organization"},"potentialAction":[{"@type":"SearchAction","target":{"@type":"EntryPoint","urlTemplate":"https:\/\/www.essence-france.com\/en\/?s={search_term_string}"},"query-input":{"@type":"PropertyValueSpecification","valueRequired":true,"valueName":"search_term_string"}}],"inLanguage":"en-US"},{"@type":"Organization","@id":"https:\/\/www.essence-france.com\/en\/#organization","name":"Essence France","url":"https:\/\/www.essence-france.com\/en\/","logo":{"@type":"ImageObject","inLanguage":"en-US","@id":"https:\/\/www.essence-france.com\/en\/#\/schema\/logo\/image\/","url":"https:\/\/www.essence-france.com\/wp-content\/uploads\/2024\/04\/Favicon.png","contentUrl":"https:\/\/www.essence-france.com\/wp-content\/uploads\/2024\/04\/Favicon.png","width":507,"height":514,"caption":"Essence France"},"image":{"@id":"https:\/\/www.essence-france.com\/en\/#\/schema\/logo\/image\/"},"sameAs":["https:\/\/www.instagram.com\/essence_france\/","https:\/\/www.linkedin.com\/company\/essencefrance"]}]}},"_links":{"self":[{"href":"https:\/\/www.essence-france.com\/en\/wp-json\/wp\/v2\/product\/105","targetHints":{"allow":["GET"]}}],"collection":[{"href":"https:\/\/www.essence-france.com\/en\/wp-json\/wp\/v2\/product"}],"about":[{"href":"https:\/\/www.essence-france.com\/en\/wp-json\/wp\/v2\/types\/product"}],"replies":[{"embeddable":true,"href":"https:\/\/www.essence-france.com\/en\/wp-json\/wp\/v2\/comments?post=105"}],"wp:featuredmedia":[{"embeddable":true,"href":"https:\/\/www.essence-france.com\/en\/wp-json\/wp\/v2\/media\/517"}],"wp:attachment":[{"href":"https:\/\/www.essence-france.com\/en\/wp-json\/wp\/v2\/media?parent=105"}],"wp:term":[{"taxonomy":"product_brand","embeddable":true,"href":"https:\/\/www.essence-france.com\/en\/wp-json\/wp\/v2\/product_brand?post=105"},{"taxonomy":"product_cat","embeddable":true,"href":"https:\/\/www.essence-france.com\/en\/wp-json\/wp\/v2\/product_cat?post=105"},{"taxonomy":"product_tag","embeddable":true,"href":"https:\/\/www.essence-france.com\/en\/wp-json\/wp\/v2\/product_tag?post=105"}],"curies":[{"name":"wp","href":"https:\/\/api.w.org\/{rel}","templated":true}]}}