{"id":110,"date":"2024-04-26T17:57:02","date_gmt":"2024-04-26T17:57:02","guid":{"rendered":"https:\/\/www.essence-france.com\/?post_type=product&#038;p=110"},"modified":"2026-03-31T06:51:34","modified_gmt":"2026-03-31T06:51:34","slug":"kit-200-cafes-domestique","status":"publish","type":"product","link":"https:\/\/www.essence-france.com\/en\/product\/kit-200-cafes-domestique\/","title":{"rendered":"Kit 200 Lavazza coffees"},"content":{"rendered":"<p>Explore our <strong>Kit Lavazza Coffees service<\/strong>, offering a comprehensive selection of high-quality equipment and accessories to elevate your events. Designed with convenience and sustainability in mind, we also take responsibility for collecting any remaining consumables as part of our ecological commitment.<\/p>\n<h3><strong>Included in the package:<\/strong><\/h3>\n<ul>\n<li><strong>200 Lavazza coffee doses<\/strong> for an exceptional coffee experience<\/li>\n<li><strong>200 cups<\/strong> for serving<\/li>\n<li><strong>200 sugar sachets<\/strong> for customizable sweetness<\/li>\n<li><strong>200 wooden spatulas<\/strong> as eco-friendly stirrers<\/li>\n<\/ul>\n<p>Ensure your event guests enjoy premium coffee with this complete and thoughtful package.<\/p>\n","protected":false},"excerpt":{"rendered":"<p>Discover our <strong>Kit Lavazza Coffees service.<\/strong><\/p>\n<h6><strong>What\u2019s included:<\/strong><\/h6>\n<ul>\n<li style=\"list-style-type: none;\">\n<ul>\n<li>200 Lavazza coffee doses<\/li>\n<li>200 cups<\/li>\n<li>200 sugar packets<\/li>\n<li>200 wooden stirrers.<\/li>\n<\/ul>\n<\/li>\n<\/ul>\n","protected":false},"featured_media":515,"comment_status":"open","ping_status":"closed","template":"","meta":{"_acf_changed":false},"product_brand":[],"product_cat":[46],"product_tag":[],"class_list":{"0":"post-110","1":"product","2":"type-product","3":"status-publish","4":"has-post-thumbnail","6":"product_cat-coffee-machine","8":"first","9":"instock","10":"taxable","11":"shipping-taxable","12":"purchasable","13":"product-type-simple"},"acf":[],"yoast_head":"<!-- This site is optimized with the Yoast SEO plugin v26.7 - https:\/\/yoast.com\/wordpress\/plugins\/seo\/ -->\n<title>Kit 200 Caf\u00e9s Domestique - Essence France<\/title>\n<meta name=\"description\" content=\"D\u00e9couvrez notre service Kit 300 Caf\u00e9s Domestiques, une s\u00e9lection compl\u00e8te d&#039;\u00e9quipements de haute qualit\u00e9 pour accompagner votre machine \u00e0 caf\u00e9 domestique.\" \/>\n<meta name=\"robots\" content=\"index, follow, max-snippet:-1, max-image-preview:large, max-video-preview:-1\" \/>\n<link rel=\"canonical\" href=\"https:\/\/www.essence-france.com\/en\/product\/kit-200-cafes-domestique\/\" \/>\n<meta property=\"og:locale\" content=\"en_US\" \/>\n<meta property=\"og:type\" content=\"article\" \/>\n<meta property=\"og:title\" content=\"Kit 200 Caf\u00e9s Domestique - Essence France\" \/>\n<meta property=\"og:description\" content=\"D\u00e9couvrez notre service Kit 300 Caf\u00e9s Domestiques, une s\u00e9lection compl\u00e8te d&#039;\u00e9quipements de haute qualit\u00e9 pour accompagner votre machine \u00e0 caf\u00e9 domestique.\" \/>\n<meta property=\"og:url\" content=\"https:\/\/www.essence-france.com\/en\/product\/kit-200-cafes-domestique\/\" \/>\n<meta property=\"og:site_name\" content=\"Essence France\" \/>\n<meta property=\"article:modified_time\" content=\"2026-03-31T06:51:34+00:00\" \/>\n<meta property=\"og:image\" content=\"https:\/\/www.essence-france.com\/wp-content\/uploads\/2024\/04\/Kit-300-Domestic-coffees-1.webp\" \/>\n\t<meta property=\"og:image:width\" content=\"900\" \/>\n\t<meta property=\"og:image:height\" content=\"900\" \/>\n\t<meta property=\"og:image:type\" content=\"image\/webp\" \/>\n<meta name=\"twitter:card\" content=\"summary_large_image\" \/>\n<meta name=\"twitter:label1\" content=\"Est. reading time\" \/>\n\t<meta name=\"twitter:data1\" content=\"1 minute\" \/>\n<script type=\"application\/ld+json\" class=\"yoast-schema-graph\">{\"@context\":\"https:\/\/schema.org\",\"@graph\":[{\"@type\":\"WebPage\",\"@id\":\"https:\/\/www.essence-france.com\/en\/product\/kit-200-cafes-domestique\/\",\"url\":\"https:\/\/www.essence-france.com\/en\/product\/kit-200-cafes-domestique\/\",\"name\":\"Kit 200 Caf\u00e9s Domestique - Essence France\",\"isPartOf\":{\"@id\":\"https:\/\/www.essence-france.com\/en\/#website\"},\"primaryImageOfPage\":{\"@id\":\"https:\/\/www.essence-france.com\/en\/product\/kit-200-cafes-domestique\/#primaryimage\"},\"image\":{\"@id\":\"https:\/\/www.essence-france.com\/en\/product\/kit-200-cafes-domestique\/#primaryimage\"},\"thumbnailUrl\":\"https:\/\/www.essence-france.com\/wp-content\/uploads\/2024\/04\/Kit-300-Domestic-coffees-1.webp\",\"datePublished\":\"2024-04-26T17:57:02+00:00\",\"dateModified\":\"2026-03-31T06:51:34+00:00\",\"description\":\"D\u00e9couvrez notre service Kit 300 Caf\u00e9s Domestiques, une s\u00e9lection compl\u00e8te d'\u00e9quipements de haute qualit\u00e9 pour accompagner votre machine \u00e0 caf\u00e9 domestique.\",\"breadcrumb\":{\"@id\":\"https:\/\/www.essence-france.com\/en\/product\/kit-200-cafes-domestique\/#breadcrumb\"},\"inLanguage\":\"en-US\",\"potentialAction\":[{\"@type\":\"ReadAction\",\"target\":[\"https:\/\/www.essence-france.com\/en\/product\/kit-200-cafes-domestique\/\"]}]},{\"@type\":\"ImageObject\",\"inLanguage\":\"en-US\",\"@id\":\"https:\/\/www.essence-france.com\/en\/product\/kit-200-cafes-domestique\/#primaryimage\",\"url\":\"https:\/\/www.essence-france.com\/wp-content\/uploads\/2024\/04\/Kit-300-Domestic-coffees-1.webp\",\"contentUrl\":\"https:\/\/www.essence-france.com\/wp-content\/uploads\/2024\/04\/Kit-300-Domestic-coffees-1.webp\",\"width\":900,\"height\":900},{\"@type\":\"BreadcrumbList\",\"@id\":\"https:\/\/www.essence-france.com\/en\/product\/kit-200-cafes-domestique\/#breadcrumb\",\"itemListElement\":[{\"@type\":\"ListItem\",\"position\":1,\"name\":\"Accueil\",\"item\":\"https:\/\/www.essence-france.com\/en\/\"},{\"@type\":\"ListItem\",\"position\":2,\"name\":\"Shop\",\"item\":\"https:\/\/www.essence-france.com\/en\/boutique\/\"},{\"@type\":\"ListItem\",\"position\":3,\"name\":\"Kit 200 Lavazza coffees\"}]},{\"@type\":\"WebSite\",\"@id\":\"https:\/\/www.essence-france.com\/en\/#website\",\"url\":\"https:\/\/www.essence-france.com\/en\/\",\"name\":\"Essence France\",\"description\":\"\",\"publisher\":{\"@id\":\"https:\/\/www.essence-france.com\/en\/#organization\"},\"potentialAction\":[{\"@type\":\"SearchAction\",\"target\":{\"@type\":\"EntryPoint\",\"urlTemplate\":\"https:\/\/www.essence-france.com\/en\/?s={search_term_string}\"},\"query-input\":{\"@type\":\"PropertyValueSpecification\",\"valueRequired\":true,\"valueName\":\"search_term_string\"}}],\"inLanguage\":\"en-US\"},{\"@type\":\"Organization\",\"@id\":\"https:\/\/www.essence-france.com\/en\/#organization\",\"name\":\"Essence France\",\"url\":\"https:\/\/www.essence-france.com\/en\/\",\"logo\":{\"@type\":\"ImageObject\",\"inLanguage\":\"en-US\",\"@id\":\"https:\/\/www.essence-france.com\/en\/#\/schema\/logo\/image\/\",\"url\":\"https:\/\/www.essence-france.com\/wp-content\/uploads\/2024\/04\/Favicon.png\",\"contentUrl\":\"https:\/\/www.essence-france.com\/wp-content\/uploads\/2024\/04\/Favicon.png\",\"width\":507,\"height\":514,\"caption\":\"Essence France\"},\"image\":{\"@id\":\"https:\/\/www.essence-france.com\/en\/#\/schema\/logo\/image\/\"},\"sameAs\":[\"https:\/\/www.instagram.com\/essence_france\/\",\"https:\/\/www.linkedin.com\/company\/essencefrance\"]}]}<\/script>\n<!-- \/ Yoast SEO plugin. -->","yoast_head_json":{"title":"Kit 200 Caf\u00e9s Domestique - Essence France","description":"D\u00e9couvrez notre service Kit 300 Caf\u00e9s Domestiques, une s\u00e9lection compl\u00e8te d'\u00e9quipements de haute qualit\u00e9 pour accompagner votre machine \u00e0 caf\u00e9 domestique.","robots":{"index":"index","follow":"follow","max-snippet":"max-snippet:-1","max-image-preview":"max-image-preview:large","max-video-preview":"max-video-preview:-1"},"canonical":"https:\/\/www.essence-france.com\/en\/product\/kit-200-cafes-domestique\/","og_locale":"en_US","og_type":"article","og_title":"Kit 200 Caf\u00e9s Domestique - Essence France","og_description":"D\u00e9couvrez notre service Kit 300 Caf\u00e9s Domestiques, une s\u00e9lection compl\u00e8te d'\u00e9quipements de haute qualit\u00e9 pour accompagner votre machine \u00e0 caf\u00e9 domestique.","og_url":"https:\/\/www.essence-france.com\/en\/product\/kit-200-cafes-domestique\/","og_site_name":"Essence France","article_modified_time":"2026-03-31T06:51:34+00:00","og_image":[{"width":900,"height":900,"url":"https:\/\/www.essence-france.com\/wp-content\/uploads\/2024\/04\/Kit-300-Domestic-coffees-1.webp","type":"image\/webp"}],"twitter_card":"summary_large_image","twitter_misc":{"Est. reading time":"1 minute"},"schema":{"@context":"https:\/\/schema.org","@graph":[{"@type":"WebPage","@id":"https:\/\/www.essence-france.com\/en\/product\/kit-200-cafes-domestique\/","url":"https:\/\/www.essence-france.com\/en\/product\/kit-200-cafes-domestique\/","name":"Kit 200 Caf\u00e9s Domestique - Essence France","isPartOf":{"@id":"https:\/\/www.essence-france.com\/en\/#website"},"primaryImageOfPage":{"@id":"https:\/\/www.essence-france.com\/en\/product\/kit-200-cafes-domestique\/#primaryimage"},"image":{"@id":"https:\/\/www.essence-france.com\/en\/product\/kit-200-cafes-domestique\/#primaryimage"},"thumbnailUrl":"https:\/\/www.essence-france.com\/wp-content\/uploads\/2024\/04\/Kit-300-Domestic-coffees-1.webp","datePublished":"2024-04-26T17:57:02+00:00","dateModified":"2026-03-31T06:51:34+00:00","description":"D\u00e9couvrez notre service Kit 300 Caf\u00e9s Domestiques, une s\u00e9lection compl\u00e8te d'\u00e9quipements de haute qualit\u00e9 pour accompagner votre machine \u00e0 caf\u00e9 domestique.","breadcrumb":{"@id":"https:\/\/www.essence-france.com\/en\/product\/kit-200-cafes-domestique\/#breadcrumb"},"inLanguage":"en-US","potentialAction":[{"@type":"ReadAction","target":["https:\/\/www.essence-france.com\/en\/product\/kit-200-cafes-domestique\/"]}]},{"@type":"ImageObject","inLanguage":"en-US","@id":"https:\/\/www.essence-france.com\/en\/product\/kit-200-cafes-domestique\/#primaryimage","url":"https:\/\/www.essence-france.com\/wp-content\/uploads\/2024\/04\/Kit-300-Domestic-coffees-1.webp","contentUrl":"https:\/\/www.essence-france.com\/wp-content\/uploads\/2024\/04\/Kit-300-Domestic-coffees-1.webp","width":900,"height":900},{"@type":"BreadcrumbList","@id":"https:\/\/www.essence-france.com\/en\/product\/kit-200-cafes-domestique\/#breadcrumb","itemListElement":[{"@type":"ListItem","position":1,"name":"Accueil","item":"https:\/\/www.essence-france.com\/en\/"},{"@type":"ListItem","position":2,"name":"Shop","item":"https:\/\/www.essence-france.com\/en\/boutique\/"},{"@type":"ListItem","position":3,"name":"Kit 200 Lavazza coffees"}]},{"@type":"WebSite","@id":"https:\/\/www.essence-france.com\/en\/#website","url":"https:\/\/www.essence-france.com\/en\/","name":"Essence France","description":"","publisher":{"@id":"https:\/\/www.essence-france.com\/en\/#organization"},"potentialAction":[{"@type":"SearchAction","target":{"@type":"EntryPoint","urlTemplate":"https:\/\/www.essence-france.com\/en\/?s={search_term_string}"},"query-input":{"@type":"PropertyValueSpecification","valueRequired":true,"valueName":"search_term_string"}}],"inLanguage":"en-US"},{"@type":"Organization","@id":"https:\/\/www.essence-france.com\/en\/#organization","name":"Essence France","url":"https:\/\/www.essence-france.com\/en\/","logo":{"@type":"ImageObject","inLanguage":"en-US","@id":"https:\/\/www.essence-france.com\/en\/#\/schema\/logo\/image\/","url":"https:\/\/www.essence-france.com\/wp-content\/uploads\/2024\/04\/Favicon.png","contentUrl":"https:\/\/www.essence-france.com\/wp-content\/uploads\/2024\/04\/Favicon.png","width":507,"height":514,"caption":"Essence France"},"image":{"@id":"https:\/\/www.essence-france.com\/en\/#\/schema\/logo\/image\/"},"sameAs":["https:\/\/www.instagram.com\/essence_france\/","https:\/\/www.linkedin.com\/company\/essencefrance"]}]}},"_links":{"self":[{"href":"https:\/\/www.essence-france.com\/en\/wp-json\/wp\/v2\/product\/110","targetHints":{"allow":["GET"]}}],"collection":[{"href":"https:\/\/www.essence-france.com\/en\/wp-json\/wp\/v2\/product"}],"about":[{"href":"https:\/\/www.essence-france.com\/en\/wp-json\/wp\/v2\/types\/product"}],"replies":[{"embeddable":true,"href":"https:\/\/www.essence-france.com\/en\/wp-json\/wp\/v2\/comments?post=110"}],"wp:featuredmedia":[{"embeddable":true,"href":"https:\/\/www.essence-france.com\/en\/wp-json\/wp\/v2\/media\/515"}],"wp:attachment":[{"href":"https:\/\/www.essence-france.com\/en\/wp-json\/wp\/v2\/media?parent=110"}],"wp:term":[{"taxonomy":"product_brand","embeddable":true,"href":"https:\/\/www.essence-france.com\/en\/wp-json\/wp\/v2\/product_brand?post=110"},{"taxonomy":"product_cat","embeddable":true,"href":"https:\/\/www.essence-france.com\/en\/wp-json\/wp\/v2\/product_cat?post=110"},{"taxonomy":"product_tag","embeddable":true,"href":"https:\/\/www.essence-france.com\/en\/wp-json\/wp\/v2\/product_tag?post=110"}],"curies":[{"name":"wp","href":"https:\/\/api.w.org\/{rel}","templated":true}]}}