{"id":1150,"date":"2024-05-28T18:37:21","date_gmt":"2024-05-28T18:37:21","guid":{"rendered":"https:\/\/www.essence-france.com\/?post_type=product&#038;p=1150"},"modified":"2026-03-31T06:49:16","modified_gmt":"2026-03-31T06:49:16","slug":"ipem-starter-pack","status":"publish","type":"product","link":"https:\/\/www.essence-france.com\/en\/product\/ipem-starter-pack\/","title":{"rendered":"IPEM Starter Pack"},"content":{"rendered":"<p><span class=\"fontstyle0\">Explore our IPEM Starter Pack, the solution to elevate your events with a selection of high-quality equipment and supplies. We specify that the equipment will be rented for the duration of the event. As part of our ecological responsibility, we also commit to collecting any remaining consumables.<\/span><\/p>\n<p>Composition:<br \/>\n&#8211; 1 Lavazza coffee machine with kit 200 Lavazza coffees.<br \/>\n&#8211; 1 FMax water cooler<\/p>\n<p><span class=\"fontstyle0\"><strong>Included in the package:<\/strong><br \/>\nA kit containing 200 doses of Lavazza coffee, 200 cardboard cups, 200 sugar doses, and 200 wooden spatulas.<br \/>\nA 18.9L water bottle and 100 biodegradable cardboard cups.<\/span><\/p>\n<p>&nbsp;<\/p>\n","protected":false},"excerpt":{"rendered":"<p>This IPEM Starter Pack includes our Lavazza coffee machine with a kit of 200 Lavazza coffees and an Fmax water cooler.<\/p>\n","protected":false},"featured_media":1151,"comment_status":"open","ping_status":"closed","template":"","meta":{"_acf_changed":false},"product_brand":[],"product_cat":[23],"product_tag":[],"class_list":{"0":"post-1150","1":"product","2":"type-product","3":"status-publish","4":"has-post-thumbnail","6":"product_cat-pack","8":"first","9":"instock","10":"sale","11":"taxable","12":"shipping-taxable","13":"purchasable","14":"product-type-simple"},"acf":[],"yoast_head":"<!-- This site is optimized with the Yoast SEO plugin v26.7 - https:\/\/yoast.com\/wordpress\/plugins\/seo\/ -->\n<title>IPEM Starter Pack - Essence France<\/title>\n<meta name=\"description\" content=\"D\u00e9couvrez notre service IPEM Starter Pack, incluant la location d&#039;une machine \u00e0 caf\u00e9 Lavazza et d&#039;une fontaine d&#039;eau FMax.\" \/>\n<meta name=\"robots\" content=\"index, follow, max-snippet:-1, max-image-preview:large, max-video-preview:-1\" \/>\n<link rel=\"canonical\" href=\"https:\/\/www.essence-france.com\/en\/produit\/ipem-starter-pack\/\" \/>\n<meta property=\"og:locale\" content=\"en_US\" \/>\n<meta property=\"og:type\" content=\"article\" \/>\n<meta property=\"og:title\" content=\"IPEM Starter Pack - Essence France\" \/>\n<meta property=\"og:description\" content=\"D\u00e9couvrez notre service IPEM Starter Pack, incluant la location d&#039;une machine \u00e0 caf\u00e9 Lavazza et d&#039;une fontaine d&#039;eau FMax.\" \/>\n<meta property=\"og:url\" content=\"https:\/\/www.essence-france.com\/en\/produit\/ipem-starter-pack\/\" \/>\n<meta property=\"og:site_name\" content=\"Essence France\" \/>\n<meta property=\"article:modified_time\" content=\"2026-03-31T06:49:16+00:00\" \/>\n<meta property=\"og:image\" content=\"https:\/\/www.essence-france.com\/wp-content\/uploads\/2024\/05\/IPEM-STARTER-PACK_V2.png\" \/>\n\t<meta property=\"og:image:width\" content=\"1200\" \/>\n\t<meta property=\"og:image:height\" content=\"1200\" \/>\n\t<meta property=\"og:image:type\" content=\"image\/png\" \/>\n<meta name=\"twitter:card\" content=\"summary_large_image\" \/>\n<meta name=\"twitter:label1\" content=\"Est. reading time\" \/>\n\t<meta name=\"twitter:data1\" content=\"1 minute\" \/>\n<script type=\"application\/ld+json\" class=\"yoast-schema-graph\">{\"@context\":\"https:\/\/schema.org\",\"@graph\":[{\"@type\":\"WebPage\",\"@id\":\"https:\/\/www.essence-france.com\/fr\/produit\/ipem-starter-pack\/\",\"url\":\"https:\/\/www.essence-france.com\/fr\/produit\/ipem-starter-pack\/\",\"name\":\"IPEM Starter Pack - Essence France\",\"isPartOf\":{\"@id\":\"https:\/\/www.essence-france.com\/en\/#website\"},\"primaryImageOfPage\":{\"@id\":\"https:\/\/www.essence-france.com\/fr\/produit\/ipem-starter-pack\/#primaryimage\"},\"image\":{\"@id\":\"https:\/\/www.essence-france.com\/fr\/produit\/ipem-starter-pack\/#primaryimage\"},\"thumbnailUrl\":\"https:\/\/www.essence-france.com\/wp-content\/uploads\/2024\/05\/IPEM-STARTER-PACK_V2.png\",\"datePublished\":\"2024-05-28T18:37:21+00:00\",\"dateModified\":\"2026-03-31T06:49:16+00:00\",\"description\":\"D\u00e9couvrez notre service IPEM Starter Pack, incluant la location d'une machine \u00e0 caf\u00e9 Lavazza et d'une fontaine d'eau FMax.\",\"breadcrumb\":{\"@id\":\"https:\/\/www.essence-france.com\/fr\/produit\/ipem-starter-pack\/#breadcrumb\"},\"inLanguage\":\"en-US\",\"potentialAction\":[{\"@type\":\"ReadAction\",\"target\":[\"https:\/\/www.essence-france.com\/fr\/produit\/ipem-starter-pack\/\"]}]},{\"@type\":\"ImageObject\",\"inLanguage\":\"en-US\",\"@id\":\"https:\/\/www.essence-france.com\/fr\/produit\/ipem-starter-pack\/#primaryimage\",\"url\":\"https:\/\/www.essence-france.com\/wp-content\/uploads\/2024\/05\/IPEM-STARTER-PACK_V2.png\",\"contentUrl\":\"https:\/\/www.essence-france.com\/wp-content\/uploads\/2024\/05\/IPEM-STARTER-PACK_V2.png\",\"width\":1200,\"height\":1200},{\"@type\":\"BreadcrumbList\",\"@id\":\"https:\/\/www.essence-france.com\/fr\/produit\/ipem-starter-pack\/#breadcrumb\",\"itemListElement\":[{\"@type\":\"ListItem\",\"position\":1,\"name\":\"Accueil\",\"item\":\"https:\/\/www.essence-france.com\/en\/\"},{\"@type\":\"ListItem\",\"position\":2,\"name\":\"Shop\",\"item\":\"https:\/\/www.essence-france.com\/en\/boutique\/\"},{\"@type\":\"ListItem\",\"position\":3,\"name\":\"IPEM Starter Pack\"}]},{\"@type\":\"WebSite\",\"@id\":\"https:\/\/www.essence-france.com\/en\/#website\",\"url\":\"https:\/\/www.essence-france.com\/en\/\",\"name\":\"Essence France\",\"description\":\"\",\"publisher\":{\"@id\":\"https:\/\/www.essence-france.com\/en\/#organization\"},\"potentialAction\":[{\"@type\":\"SearchAction\",\"target\":{\"@type\":\"EntryPoint\",\"urlTemplate\":\"https:\/\/www.essence-france.com\/en\/?s={search_term_string}\"},\"query-input\":{\"@type\":\"PropertyValueSpecification\",\"valueRequired\":true,\"valueName\":\"search_term_string\"}}],\"inLanguage\":\"en-US\"},{\"@type\":\"Organization\",\"@id\":\"https:\/\/www.essence-france.com\/en\/#organization\",\"name\":\"Essence France\",\"url\":\"https:\/\/www.essence-france.com\/en\/\",\"logo\":{\"@type\":\"ImageObject\",\"inLanguage\":\"en-US\",\"@id\":\"https:\/\/www.essence-france.com\/en\/#\/schema\/logo\/image\/\",\"url\":\"https:\/\/www.essence-france.com\/wp-content\/uploads\/2024\/04\/Favicon.png\",\"contentUrl\":\"https:\/\/www.essence-france.com\/wp-content\/uploads\/2024\/04\/Favicon.png\",\"width\":507,\"height\":514,\"caption\":\"Essence France\"},\"image\":{\"@id\":\"https:\/\/www.essence-france.com\/en\/#\/schema\/logo\/image\/\"},\"sameAs\":[\"https:\/\/www.instagram.com\/essence_france\/\",\"https:\/\/www.linkedin.com\/company\/essencefrance\"]}]}<\/script>\n<!-- \/ Yoast SEO plugin. -->","yoast_head_json":{"title":"IPEM Starter Pack - Essence France","description":"D\u00e9couvrez notre service IPEM Starter Pack, incluant la location d'une machine \u00e0 caf\u00e9 Lavazza et d'une fontaine d'eau FMax.","robots":{"index":"index","follow":"follow","max-snippet":"max-snippet:-1","max-image-preview":"max-image-preview:large","max-video-preview":"max-video-preview:-1"},"canonical":"https:\/\/www.essence-france.com\/en\/produit\/ipem-starter-pack\/","og_locale":"en_US","og_type":"article","og_title":"IPEM Starter Pack - Essence France","og_description":"D\u00e9couvrez notre service IPEM Starter Pack, incluant la location d'une machine \u00e0 caf\u00e9 Lavazza et d'une fontaine d'eau FMax.","og_url":"https:\/\/www.essence-france.com\/en\/produit\/ipem-starter-pack\/","og_site_name":"Essence France","article_modified_time":"2026-03-31T06:49:16+00:00","og_image":[{"width":1200,"height":1200,"url":"https:\/\/www.essence-france.com\/wp-content\/uploads\/2024\/05\/IPEM-STARTER-PACK_V2.png","type":"image\/png"}],"twitter_card":"summary_large_image","twitter_misc":{"Est. reading time":"1 minute"},"schema":{"@context":"https:\/\/schema.org","@graph":[{"@type":"WebPage","@id":"https:\/\/www.essence-france.com\/fr\/produit\/ipem-starter-pack\/","url":"https:\/\/www.essence-france.com\/fr\/produit\/ipem-starter-pack\/","name":"IPEM Starter Pack - Essence France","isPartOf":{"@id":"https:\/\/www.essence-france.com\/en\/#website"},"primaryImageOfPage":{"@id":"https:\/\/www.essence-france.com\/fr\/produit\/ipem-starter-pack\/#primaryimage"},"image":{"@id":"https:\/\/www.essence-france.com\/fr\/produit\/ipem-starter-pack\/#primaryimage"},"thumbnailUrl":"https:\/\/www.essence-france.com\/wp-content\/uploads\/2024\/05\/IPEM-STARTER-PACK_V2.png","datePublished":"2024-05-28T18:37:21+00:00","dateModified":"2026-03-31T06:49:16+00:00","description":"D\u00e9couvrez notre service IPEM Starter Pack, incluant la location d'une machine \u00e0 caf\u00e9 Lavazza et d'une fontaine d'eau FMax.","breadcrumb":{"@id":"https:\/\/www.essence-france.com\/fr\/produit\/ipem-starter-pack\/#breadcrumb"},"inLanguage":"en-US","potentialAction":[{"@type":"ReadAction","target":["https:\/\/www.essence-france.com\/fr\/produit\/ipem-starter-pack\/"]}]},{"@type":"ImageObject","inLanguage":"en-US","@id":"https:\/\/www.essence-france.com\/fr\/produit\/ipem-starter-pack\/#primaryimage","url":"https:\/\/www.essence-france.com\/wp-content\/uploads\/2024\/05\/IPEM-STARTER-PACK_V2.png","contentUrl":"https:\/\/www.essence-france.com\/wp-content\/uploads\/2024\/05\/IPEM-STARTER-PACK_V2.png","width":1200,"height":1200},{"@type":"BreadcrumbList","@id":"https:\/\/www.essence-france.com\/fr\/produit\/ipem-starter-pack\/#breadcrumb","itemListElement":[{"@type":"ListItem","position":1,"name":"Accueil","item":"https:\/\/www.essence-france.com\/en\/"},{"@type":"ListItem","position":2,"name":"Shop","item":"https:\/\/www.essence-france.com\/en\/boutique\/"},{"@type":"ListItem","position":3,"name":"IPEM Starter Pack"}]},{"@type":"WebSite","@id":"https:\/\/www.essence-france.com\/en\/#website","url":"https:\/\/www.essence-france.com\/en\/","name":"Essence France","description":"","publisher":{"@id":"https:\/\/www.essence-france.com\/en\/#organization"},"potentialAction":[{"@type":"SearchAction","target":{"@type":"EntryPoint","urlTemplate":"https:\/\/www.essence-france.com\/en\/?s={search_term_string}"},"query-input":{"@type":"PropertyValueSpecification","valueRequired":true,"valueName":"search_term_string"}}],"inLanguage":"en-US"},{"@type":"Organization","@id":"https:\/\/www.essence-france.com\/en\/#organization","name":"Essence France","url":"https:\/\/www.essence-france.com\/en\/","logo":{"@type":"ImageObject","inLanguage":"en-US","@id":"https:\/\/www.essence-france.com\/en\/#\/schema\/logo\/image\/","url":"https:\/\/www.essence-france.com\/wp-content\/uploads\/2024\/04\/Favicon.png","contentUrl":"https:\/\/www.essence-france.com\/wp-content\/uploads\/2024\/04\/Favicon.png","width":507,"height":514,"caption":"Essence France"},"image":{"@id":"https:\/\/www.essence-france.com\/en\/#\/schema\/logo\/image\/"},"sameAs":["https:\/\/www.instagram.com\/essence_france\/","https:\/\/www.linkedin.com\/company\/essencefrance"]}]}},"_links":{"self":[{"href":"https:\/\/www.essence-france.com\/en\/wp-json\/wp\/v2\/product\/1150","targetHints":{"allow":["GET"]}}],"collection":[{"href":"https:\/\/www.essence-france.com\/en\/wp-json\/wp\/v2\/product"}],"about":[{"href":"https:\/\/www.essence-france.com\/en\/wp-json\/wp\/v2\/types\/product"}],"replies":[{"embeddable":true,"href":"https:\/\/www.essence-france.com\/en\/wp-json\/wp\/v2\/comments?post=1150"}],"wp:featuredmedia":[{"embeddable":true,"href":"https:\/\/www.essence-france.com\/en\/wp-json\/wp\/v2\/media\/1151"}],"wp:attachment":[{"href":"https:\/\/www.essence-france.com\/en\/wp-json\/wp\/v2\/media?parent=1150"}],"wp:term":[{"taxonomy":"product_brand","embeddable":true,"href":"https:\/\/www.essence-france.com\/en\/wp-json\/wp\/v2\/product_brand?post=1150"},{"taxonomy":"product_cat","embeddable":true,"href":"https:\/\/www.essence-france.com\/en\/wp-json\/wp\/v2\/product_cat?post=1150"},{"taxonomy":"product_tag","embeddable":true,"href":"https:\/\/www.essence-france.com\/en\/wp-json\/wp\/v2\/product_tag?post=1150"}],"curies":[{"name":"wp","href":"https:\/\/api.w.org\/{rel}","templated":true}]}}