{"id":117,"date":"2024-04-26T18:04:25","date_gmt":"2024-04-26T18:04:25","guid":{"rendered":"https:\/\/www.essence-france.com\/?post_type=product&#038;p=117"},"modified":"2026-03-31T06:55:46","modified_gmt":"2026-03-31T06:55:46","slug":"kit-the","status":"publish","type":"product","link":"https:\/\/www.essence-france.com\/en\/product\/kit-the\/","title":{"rendered":"Kettle Kit tea"},"content":{"rendered":"<h2><strong>Tea Kit \u2013 Elegant and Complete Tea Service for Your Events<\/strong><\/h2>\n<p>Elevate your event with our Tea Kit, designed to provide a refined tea experience for your guests. Featuring a variety of premium teas and essential accessories, this service brings sophistication and convenience to any occasion. The kit is available exclusively for rental during your event, and in line with our commitment to sustainability, we collect any leftover consumables at the end of the event.<\/p>\n<h3><strong>Consumables Included in the Package<\/strong><\/h3>\n<ul>\n<li><strong>Tea Kit:<\/strong>\n<ul>\n<li>60 assorted tea bags, offering a variety of flavors, including herbal infusions and <strong>milk<\/strong> pods.<\/li>\n<li>Complemented with sugar, wooden stirrers, and biodegradable cups for a seamless tea experience.<\/li>\n<\/ul>\n<\/li>\n<\/ul>\n<h3><strong>Specifications:<\/strong><\/h3>\n<ul>\n<li>Dimensions: 16(L) x 20,4(W)x 19(H) cm (Kettle)<\/li>\n<li>Maximum capacity: 1 L<\/li>\n<\/ul>\n","protected":false},"excerpt":{"rendered":"<h5><strong>Tea Kit \u2013 Sophistication and Comfort for Your Events<\/strong><\/h5>\n<p>Add an elegant touch to your events with our Tea Kit, offering a variety of premium teas and all the necessary accessories to delight your guests.<\/p>\n<h6><strong>What\u2019s Included:<\/strong><\/h6>\n<ul>\n<li><strong>Tea Kits: <\/strong>60 tea bags, cups, sugar, stirrers and <strong>milk<\/strong> pods.<\/li>\n<\/ul>\n","protected":false},"featured_media":771,"comment_status":"open","ping_status":"closed","template":"","meta":{"_acf_changed":false},"product_brand":[],"product_cat":[22],"product_tag":[],"class_list":{"0":"post-117","1":"product","2":"type-product","3":"status-publish","4":"has-post-thumbnail","6":"product_cat-accessories","8":"first","9":"instock","10":"taxable","11":"shipping-taxable","12":"purchasable","13":"product-type-simple"},"acf":[],"yoast_head":"<!-- This site is optimized with the Yoast SEO plugin v26.7 - https:\/\/yoast.com\/wordpress\/plugins\/seo\/ -->\n<title>Kit Th\u00e9 - Essence France<\/title>\n<meta name=\"description\" content=\"D\u00e9couvrez notre service Kit Th\u00e9. Inclus : 80 th\u00e9s vari\u00e9s, infusions, sucre, spatules en bois, tasses du kit th\u00e9, avec une bouilloire de 1L en location.\" \/>\n<meta name=\"robots\" content=\"index, follow, max-snippet:-1, max-image-preview:large, max-video-preview:-1\" \/>\n<link rel=\"canonical\" href=\"https:\/\/www.essence-france.com\/en\/produit\/kit-the\/\" \/>\n<meta property=\"og:locale\" content=\"en_US\" \/>\n<meta property=\"og:type\" content=\"article\" \/>\n<meta property=\"og:title\" content=\"Kit Th\u00e9 - Essence France\" \/>\n<meta property=\"og:description\" content=\"D\u00e9couvrez notre service Kit Th\u00e9. Inclus : 80 th\u00e9s vari\u00e9s, infusions, sucre, spatules en bois, tasses du kit th\u00e9, avec une bouilloire de 1L en location.\" \/>\n<meta property=\"og:url\" content=\"https:\/\/www.essence-france.com\/en\/produit\/kit-the\/\" \/>\n<meta property=\"og:site_name\" content=\"Essence France\" \/>\n<meta property=\"article:modified_time\" content=\"2026-03-31T06:55:46+00:00\" \/>\n<meta property=\"og:image\" content=\"https:\/\/www.essence-france.com\/wp-content\/uploads\/2024\/04\/Kettle-1.webp\" \/>\n\t<meta property=\"og:image:width\" content=\"1200\" \/>\n\t<meta property=\"og:image:height\" content=\"1200\" \/>\n\t<meta property=\"og:image:type\" content=\"image\/webp\" \/>\n<meta name=\"twitter:card\" content=\"summary_large_image\" \/>\n<meta name=\"twitter:label1\" content=\"Est. reading time\" \/>\n\t<meta name=\"twitter:data1\" content=\"1 minute\" \/>\n<script type=\"application\/ld+json\" class=\"yoast-schema-graph\">{\"@context\":\"https:\/\/schema.org\",\"@graph\":[{\"@type\":\"WebPage\",\"@id\":\"https:\/\/www.essence-france.com\/fr\/produit\/kit-the\/\",\"url\":\"https:\/\/www.essence-france.com\/fr\/produit\/kit-the\/\",\"name\":\"Kit Th\u00e9 - Essence France\",\"isPartOf\":{\"@id\":\"https:\/\/www.essence-france.com\/en\/#website\"},\"primaryImageOfPage\":{\"@id\":\"https:\/\/www.essence-france.com\/fr\/produit\/kit-the\/#primaryimage\"},\"image\":{\"@id\":\"https:\/\/www.essence-france.com\/fr\/produit\/kit-the\/#primaryimage\"},\"thumbnailUrl\":\"https:\/\/www.essence-france.com\/wp-content\/uploads\/2024\/04\/Kettle-1.webp\",\"datePublished\":\"2024-04-26T18:04:25+00:00\",\"dateModified\":\"2026-03-31T06:55:46+00:00\",\"description\":\"D\u00e9couvrez notre service Kit Th\u00e9. Inclus : 80 th\u00e9s vari\u00e9s, infusions, sucre, spatules en bois, tasses du kit th\u00e9, avec une bouilloire de 1L en location.\",\"breadcrumb\":{\"@id\":\"https:\/\/www.essence-france.com\/fr\/produit\/kit-the\/#breadcrumb\"},\"inLanguage\":\"en-US\",\"potentialAction\":[{\"@type\":\"ReadAction\",\"target\":[\"https:\/\/www.essence-france.com\/fr\/produit\/kit-the\/\"]}]},{\"@type\":\"ImageObject\",\"inLanguage\":\"en-US\",\"@id\":\"https:\/\/www.essence-france.com\/fr\/produit\/kit-the\/#primaryimage\",\"url\":\"https:\/\/www.essence-france.com\/wp-content\/uploads\/2024\/04\/Kettle-1.webp\",\"contentUrl\":\"https:\/\/www.essence-france.com\/wp-content\/uploads\/2024\/04\/Kettle-1.webp\",\"width\":1200,\"height\":1200},{\"@type\":\"BreadcrumbList\",\"@id\":\"https:\/\/www.essence-france.com\/fr\/produit\/kit-the\/#breadcrumb\",\"itemListElement\":[{\"@type\":\"ListItem\",\"position\":1,\"name\":\"Accueil\",\"item\":\"https:\/\/www.essence-france.com\/en\/\"},{\"@type\":\"ListItem\",\"position\":2,\"name\":\"Shop\",\"item\":\"https:\/\/www.essence-france.com\/en\/boutique\/\"},{\"@type\":\"ListItem\",\"position\":3,\"name\":\"Kettle Kit tea\"}]},{\"@type\":\"WebSite\",\"@id\":\"https:\/\/www.essence-france.com\/en\/#website\",\"url\":\"https:\/\/www.essence-france.com\/en\/\",\"name\":\"Essence France\",\"description\":\"\",\"publisher\":{\"@id\":\"https:\/\/www.essence-france.com\/en\/#organization\"},\"potentialAction\":[{\"@type\":\"SearchAction\",\"target\":{\"@type\":\"EntryPoint\",\"urlTemplate\":\"https:\/\/www.essence-france.com\/en\/?s={search_term_string}\"},\"query-input\":{\"@type\":\"PropertyValueSpecification\",\"valueRequired\":true,\"valueName\":\"search_term_string\"}}],\"inLanguage\":\"en-US\"},{\"@type\":\"Organization\",\"@id\":\"https:\/\/www.essence-france.com\/en\/#organization\",\"name\":\"Essence France\",\"url\":\"https:\/\/www.essence-france.com\/en\/\",\"logo\":{\"@type\":\"ImageObject\",\"inLanguage\":\"en-US\",\"@id\":\"https:\/\/www.essence-france.com\/en\/#\/schema\/logo\/image\/\",\"url\":\"https:\/\/www.essence-france.com\/wp-content\/uploads\/2024\/04\/Favicon.png\",\"contentUrl\":\"https:\/\/www.essence-france.com\/wp-content\/uploads\/2024\/04\/Favicon.png\",\"width\":507,\"height\":514,\"caption\":\"Essence France\"},\"image\":{\"@id\":\"https:\/\/www.essence-france.com\/en\/#\/schema\/logo\/image\/\"},\"sameAs\":[\"https:\/\/www.instagram.com\/essence_france\/\",\"https:\/\/www.linkedin.com\/company\/essencefrance\"]}]}<\/script>\n<!-- \/ Yoast SEO plugin. -->","yoast_head_json":{"title":"Kit Th\u00e9 - Essence France","description":"D\u00e9couvrez notre service Kit Th\u00e9. Inclus : 80 th\u00e9s vari\u00e9s, infusions, sucre, spatules en bois, tasses du kit th\u00e9, avec une bouilloire de 1L en location.","robots":{"index":"index","follow":"follow","max-snippet":"max-snippet:-1","max-image-preview":"max-image-preview:large","max-video-preview":"max-video-preview:-1"},"canonical":"https:\/\/www.essence-france.com\/en\/produit\/kit-the\/","og_locale":"en_US","og_type":"article","og_title":"Kit Th\u00e9 - Essence France","og_description":"D\u00e9couvrez notre service Kit Th\u00e9. Inclus : 80 th\u00e9s vari\u00e9s, infusions, sucre, spatules en bois, tasses du kit th\u00e9, avec une bouilloire de 1L en location.","og_url":"https:\/\/www.essence-france.com\/en\/produit\/kit-the\/","og_site_name":"Essence France","article_modified_time":"2026-03-31T06:55:46+00:00","og_image":[{"width":1200,"height":1200,"url":"https:\/\/www.essence-france.com\/wp-content\/uploads\/2024\/04\/Kettle-1.webp","type":"image\/webp"}],"twitter_card":"summary_large_image","twitter_misc":{"Est. reading time":"1 minute"},"schema":{"@context":"https:\/\/schema.org","@graph":[{"@type":"WebPage","@id":"https:\/\/www.essence-france.com\/fr\/produit\/kit-the\/","url":"https:\/\/www.essence-france.com\/fr\/produit\/kit-the\/","name":"Kit Th\u00e9 - Essence France","isPartOf":{"@id":"https:\/\/www.essence-france.com\/en\/#website"},"primaryImageOfPage":{"@id":"https:\/\/www.essence-france.com\/fr\/produit\/kit-the\/#primaryimage"},"image":{"@id":"https:\/\/www.essence-france.com\/fr\/produit\/kit-the\/#primaryimage"},"thumbnailUrl":"https:\/\/www.essence-france.com\/wp-content\/uploads\/2024\/04\/Kettle-1.webp","datePublished":"2024-04-26T18:04:25+00:00","dateModified":"2026-03-31T06:55:46+00:00","description":"D\u00e9couvrez notre service Kit Th\u00e9. Inclus : 80 th\u00e9s vari\u00e9s, infusions, sucre, spatules en bois, tasses du kit th\u00e9, avec une bouilloire de 1L en location.","breadcrumb":{"@id":"https:\/\/www.essence-france.com\/fr\/produit\/kit-the\/#breadcrumb"},"inLanguage":"en-US","potentialAction":[{"@type":"ReadAction","target":["https:\/\/www.essence-france.com\/fr\/produit\/kit-the\/"]}]},{"@type":"ImageObject","inLanguage":"en-US","@id":"https:\/\/www.essence-france.com\/fr\/produit\/kit-the\/#primaryimage","url":"https:\/\/www.essence-france.com\/wp-content\/uploads\/2024\/04\/Kettle-1.webp","contentUrl":"https:\/\/www.essence-france.com\/wp-content\/uploads\/2024\/04\/Kettle-1.webp","width":1200,"height":1200},{"@type":"BreadcrumbList","@id":"https:\/\/www.essence-france.com\/fr\/produit\/kit-the\/#breadcrumb","itemListElement":[{"@type":"ListItem","position":1,"name":"Accueil","item":"https:\/\/www.essence-france.com\/en\/"},{"@type":"ListItem","position":2,"name":"Shop","item":"https:\/\/www.essence-france.com\/en\/boutique\/"},{"@type":"ListItem","position":3,"name":"Kettle Kit tea"}]},{"@type":"WebSite","@id":"https:\/\/www.essence-france.com\/en\/#website","url":"https:\/\/www.essence-france.com\/en\/","name":"Essence France","description":"","publisher":{"@id":"https:\/\/www.essence-france.com\/en\/#organization"},"potentialAction":[{"@type":"SearchAction","target":{"@type":"EntryPoint","urlTemplate":"https:\/\/www.essence-france.com\/en\/?s={search_term_string}"},"query-input":{"@type":"PropertyValueSpecification","valueRequired":true,"valueName":"search_term_string"}}],"inLanguage":"en-US"},{"@type":"Organization","@id":"https:\/\/www.essence-france.com\/en\/#organization","name":"Essence France","url":"https:\/\/www.essence-france.com\/en\/","logo":{"@type":"ImageObject","inLanguage":"en-US","@id":"https:\/\/www.essence-france.com\/en\/#\/schema\/logo\/image\/","url":"https:\/\/www.essence-france.com\/wp-content\/uploads\/2024\/04\/Favicon.png","contentUrl":"https:\/\/www.essence-france.com\/wp-content\/uploads\/2024\/04\/Favicon.png","width":507,"height":514,"caption":"Essence France"},"image":{"@id":"https:\/\/www.essence-france.com\/en\/#\/schema\/logo\/image\/"},"sameAs":["https:\/\/www.instagram.com\/essence_france\/","https:\/\/www.linkedin.com\/company\/essencefrance"]}]}},"_links":{"self":[{"href":"https:\/\/www.essence-france.com\/en\/wp-json\/wp\/v2\/product\/117","targetHints":{"allow":["GET"]}}],"collection":[{"href":"https:\/\/www.essence-france.com\/en\/wp-json\/wp\/v2\/product"}],"about":[{"href":"https:\/\/www.essence-france.com\/en\/wp-json\/wp\/v2\/types\/product"}],"replies":[{"embeddable":true,"href":"https:\/\/www.essence-france.com\/en\/wp-json\/wp\/v2\/comments?post=117"}],"wp:featuredmedia":[{"embeddable":true,"href":"https:\/\/www.essence-france.com\/en\/wp-json\/wp\/v2\/media\/771"}],"wp:attachment":[{"href":"https:\/\/www.essence-france.com\/en\/wp-json\/wp\/v2\/media?parent=117"}],"wp:term":[{"taxonomy":"product_brand","embeddable":true,"href":"https:\/\/www.essence-france.com\/en\/wp-json\/wp\/v2\/product_brand?post=117"},{"taxonomy":"product_cat","embeddable":true,"href":"https:\/\/www.essence-france.com\/en\/wp-json\/wp\/v2\/product_cat?post=117"},{"taxonomy":"product_tag","embeddable":true,"href":"https:\/\/www.essence-france.com\/en\/wp-json\/wp\/v2\/product_tag?post=117"}],"curies":[{"name":"wp","href":"https:\/\/api.w.org\/{rel}","templated":true}]}}