{"id":1673,"date":"2025-03-07T10:50:12","date_gmt":"2025-03-07T10:50:12","guid":{"rendered":"https:\/\/www.essence-france.com\/?post_type=product&#038;p=1673"},"modified":"2026-01-13T14:04:53","modified_gmt":"2026-01-13T14:04:53","slug":"refrigerator-220l-stocked-with-alcoholic-beverages","status":"publish","type":"product","link":"https:\/\/www.essence-france.com\/en\/product\/refrigerator-220l-stocked-with-alcoholic-beverages\/","title":{"rendered":"Refrigerator 220L Stocked with Alcoholic Beverages"},"content":{"rendered":"<h2><strong>Refrigerator 220L Stocked with Alcoholic Beverages<\/strong><\/h2>\n<p>Discover our 220L refrigerator service, stocked by us with a variety of non-alcoholic and alcoholic beverages, ensuring they stay perfectly chilled. Please note that the equipment is available for rent exclusively for the duration of your event.<\/p>\n<h3><strong>Included Equipment<\/strong><\/h3>\n<ul>\n<li><strong>220L Refrigerator:<\/strong> Spacious enough to hold beverages and snacks, ensuring everything stays chilled and fresh.<\/li>\n<\/ul>\n<h3><strong>Beverages<\/strong><\/h3>\n<ul>\n<li><strong>Non-Alcoholic Drinks:<\/strong>\n<ul>\n<li>2 Liters of orange juice<\/li>\n<li>1 Liters of pineapple juice<\/li>\n<li>2 Liters of apple juice<\/li>\n<li>3 Liters of Coca-Cola<\/li>\n<li>3 Liters of Perrier<\/li>\n<li>6 Liters of mineral water<\/li>\n<\/ul>\n<\/li>\n<li><strong>Alcoholic Drinks:<\/strong>\n<ul>\n<li>1 whisky<\/li>\n<li>6 champagne<\/li>\n<\/ul>\n<\/li>\n<\/ul>\n<p>&nbsp;<\/p>\n<h3><span class=\"fontstyle0\"><strong>Specifications:<\/strong><\/span><\/h3>\n<ul>\n<li><span class=\"fontstyle0\">Dimensions: 54(L) x 59(W) x 84(H) cm<\/span><\/li>\n<li><span class=\"fontstyle0\">Volume: 104 L, including a 13 L freezer compartment<\/span><\/li>\n<\/ul>\n","protected":false},"excerpt":{"rendered":"<h5><strong>Refrigerator 220L \u2013 Perfectly Chilled Beverages for Your Event<\/strong><\/h5>\n<p>Rent our 220L refrigerator, pre-stocked with a curated selection of alcoholic and non-alcoholic beverages to delight your guests. With its spacious design and optimal cooling performance, this fridge ensures your drinks stay fresh and ready to serve, making it an essential addition to any event.<\/p>\n<h6><strong>What\u2019s included:<\/strong><\/h6>\n<ul>\n<li><strong>Fully Stocked Fridge:<\/strong> Juices, Coca-Cola, Perrier, mineral water, whisky, champagne, and a variety of snacks.<\/li>\n<\/ul>\n","protected":false},"featured_media":1674,"comment_status":"open","ping_status":"closed","template":"","meta":{"_acf_changed":false},"product_brand":[],"product_cat":[21],"product_tag":[],"class_list":{"0":"post-1673","1":"product","2":"type-product","3":"status-publish","4":"has-post-thumbnail","6":"product_cat-refrigerator","8":"first","9":"outofstock","10":"taxable","11":"shipping-taxable","12":"purchasable","13":"product-type-simple"},"acf":[],"yoast_head":"<!-- This site is optimized with the Yoast SEO plugin v26.7 - https:\/\/yoast.com\/wordpress\/plugins\/seo\/ -->\n<title>R\u00e9frig\u00e9rateur 140L garni alcoolis\u00e9 - Essence France<\/title>\n<meta name=\"description\" content=\"D\u00e9couvrez notre service de location de r\u00e9frig\u00e9rateur 140L, garni de boissons alcoolis\u00e9es.\" \/>\n<meta name=\"robots\" content=\"index, follow, max-snippet:-1, max-image-preview:large, max-video-preview:-1\" \/>\n<link rel=\"canonical\" href=\"https:\/\/www.essence-france.com\/en\/produit\/refrigerator-220l-stocked-with-alcoholic-beverages\/\" \/>\n<meta property=\"og:locale\" content=\"en_US\" \/>\n<meta property=\"og:type\" content=\"article\" \/>\n<meta property=\"og:title\" content=\"R\u00e9frig\u00e9rateur 140L garni alcoolis\u00e9 - Essence France\" \/>\n<meta property=\"og:description\" content=\"D\u00e9couvrez notre service de location de r\u00e9frig\u00e9rateur 140L, garni de boissons alcoolis\u00e9es.\" \/>\n<meta property=\"og:url\" content=\"https:\/\/www.essence-france.com\/en\/produit\/refrigerator-220l-stocked-with-alcoholic-beverages\/\" \/>\n<meta property=\"og:site_name\" content=\"Essence France\" \/>\n<meta property=\"article:modified_time\" content=\"2026-01-13T14:04:53+00:00\" \/>\n<meta property=\"og:image\" content=\"https:\/\/www.essence-france.com\/wp-content\/uploads\/2025\/03\/FRIGO-ALCOOL.jpg\" \/>\n\t<meta property=\"og:image:width\" content=\"1200\" \/>\n\t<meta property=\"og:image:height\" content=\"1200\" \/>\n\t<meta property=\"og:image:type\" content=\"image\/jpeg\" \/>\n<meta name=\"twitter:card\" content=\"summary_large_image\" \/>\n<meta name=\"twitter:label1\" content=\"Est. reading time\" \/>\n\t<meta name=\"twitter:data1\" content=\"1 minute\" \/>\n<script type=\"application\/ld+json\" class=\"yoast-schema-graph\">{\"@context\":\"https:\/\/schema.org\",\"@graph\":[{\"@type\":\"WebPage\",\"@id\":\"https:\/\/www.essence-france.com\/fr\/produit\/refrigerator-220l-stocked-with-alcoholic-beverages\/\",\"url\":\"https:\/\/www.essence-france.com\/fr\/produit\/refrigerator-220l-stocked-with-alcoholic-beverages\/\",\"name\":\"R\u00e9frig\u00e9rateur 140L garni alcoolis\u00e9 - Essence France\",\"isPartOf\":{\"@id\":\"https:\/\/www.essence-france.com\/en\/#website\"},\"primaryImageOfPage\":{\"@id\":\"https:\/\/www.essence-france.com\/fr\/produit\/refrigerator-220l-stocked-with-alcoholic-beverages\/#primaryimage\"},\"image\":{\"@id\":\"https:\/\/www.essence-france.com\/fr\/produit\/refrigerator-220l-stocked-with-alcoholic-beverages\/#primaryimage\"},\"thumbnailUrl\":\"https:\/\/www.essence-france.com\/wp-content\/uploads\/2025\/03\/FRIGO-ALCOOL.jpg\",\"datePublished\":\"2025-03-07T10:50:12+00:00\",\"dateModified\":\"2026-01-13T14:04:53+00:00\",\"description\":\"D\u00e9couvrez notre service de location de r\u00e9frig\u00e9rateur 140L, garni de boissons alcoolis\u00e9es.\",\"breadcrumb\":{\"@id\":\"https:\/\/www.essence-france.com\/fr\/produit\/refrigerator-220l-stocked-with-alcoholic-beverages\/#breadcrumb\"},\"inLanguage\":\"en-US\",\"potentialAction\":[{\"@type\":\"ReadAction\",\"target\":[\"https:\/\/www.essence-france.com\/fr\/produit\/refrigerator-220l-stocked-with-alcoholic-beverages\/\"]}]},{\"@type\":\"ImageObject\",\"inLanguage\":\"en-US\",\"@id\":\"https:\/\/www.essence-france.com\/fr\/produit\/refrigerator-220l-stocked-with-alcoholic-beverages\/#primaryimage\",\"url\":\"https:\/\/www.essence-france.com\/wp-content\/uploads\/2025\/03\/FRIGO-ALCOOL.jpg\",\"contentUrl\":\"https:\/\/www.essence-france.com\/wp-content\/uploads\/2025\/03\/FRIGO-ALCOOL.jpg\",\"width\":1200,\"height\":1200},{\"@type\":\"BreadcrumbList\",\"@id\":\"https:\/\/www.essence-france.com\/fr\/produit\/refrigerator-220l-stocked-with-alcoholic-beverages\/#breadcrumb\",\"itemListElement\":[{\"@type\":\"ListItem\",\"position\":1,\"name\":\"Accueil\",\"item\":\"https:\/\/www.essence-france.com\/en\/\"},{\"@type\":\"ListItem\",\"position\":2,\"name\":\"Shop\",\"item\":\"https:\/\/www.essence-france.com\/en\/boutique\/\"},{\"@type\":\"ListItem\",\"position\":3,\"name\":\"Refrigerator 220L Stocked with Alcoholic Beverages\"}]},{\"@type\":\"WebSite\",\"@id\":\"https:\/\/www.essence-france.com\/en\/#website\",\"url\":\"https:\/\/www.essence-france.com\/en\/\",\"name\":\"Essence France\",\"description\":\"\",\"publisher\":{\"@id\":\"https:\/\/www.essence-france.com\/en\/#organization\"},\"potentialAction\":[{\"@type\":\"SearchAction\",\"target\":{\"@type\":\"EntryPoint\",\"urlTemplate\":\"https:\/\/www.essence-france.com\/en\/?s={search_term_string}\"},\"query-input\":{\"@type\":\"PropertyValueSpecification\",\"valueRequired\":true,\"valueName\":\"search_term_string\"}}],\"inLanguage\":\"en-US\"},{\"@type\":\"Organization\",\"@id\":\"https:\/\/www.essence-france.com\/en\/#organization\",\"name\":\"Essence France\",\"url\":\"https:\/\/www.essence-france.com\/en\/\",\"logo\":{\"@type\":\"ImageObject\",\"inLanguage\":\"en-US\",\"@id\":\"https:\/\/www.essence-france.com\/en\/#\/schema\/logo\/image\/\",\"url\":\"https:\/\/www.essence-france.com\/wp-content\/uploads\/2024\/04\/Favicon.png\",\"contentUrl\":\"https:\/\/www.essence-france.com\/wp-content\/uploads\/2024\/04\/Favicon.png\",\"width\":507,\"height\":514,\"caption\":\"Essence France\"},\"image\":{\"@id\":\"https:\/\/www.essence-france.com\/en\/#\/schema\/logo\/image\/\"},\"sameAs\":[\"https:\/\/www.instagram.com\/essence_france\/\",\"https:\/\/www.linkedin.com\/company\/essencefrance\"]}]}<\/script>\n<!-- \/ Yoast SEO plugin. -->","yoast_head_json":{"title":"R\u00e9frig\u00e9rateur 140L garni alcoolis\u00e9 - Essence France","description":"D\u00e9couvrez notre service de location de r\u00e9frig\u00e9rateur 140L, garni de boissons alcoolis\u00e9es.","robots":{"index":"index","follow":"follow","max-snippet":"max-snippet:-1","max-image-preview":"max-image-preview:large","max-video-preview":"max-video-preview:-1"},"canonical":"https:\/\/www.essence-france.com\/en\/produit\/refrigerator-220l-stocked-with-alcoholic-beverages\/","og_locale":"en_US","og_type":"article","og_title":"R\u00e9frig\u00e9rateur 140L garni alcoolis\u00e9 - Essence France","og_description":"D\u00e9couvrez notre service de location de r\u00e9frig\u00e9rateur 140L, garni de boissons alcoolis\u00e9es.","og_url":"https:\/\/www.essence-france.com\/en\/produit\/refrigerator-220l-stocked-with-alcoholic-beverages\/","og_site_name":"Essence France","article_modified_time":"2026-01-13T14:04:53+00:00","og_image":[{"width":1200,"height":1200,"url":"https:\/\/www.essence-france.com\/wp-content\/uploads\/2025\/03\/FRIGO-ALCOOL.jpg","type":"image\/jpeg"}],"twitter_card":"summary_large_image","twitter_misc":{"Est. reading time":"1 minute"},"schema":{"@context":"https:\/\/schema.org","@graph":[{"@type":"WebPage","@id":"https:\/\/www.essence-france.com\/fr\/produit\/refrigerator-220l-stocked-with-alcoholic-beverages\/","url":"https:\/\/www.essence-france.com\/fr\/produit\/refrigerator-220l-stocked-with-alcoholic-beverages\/","name":"R\u00e9frig\u00e9rateur 140L garni alcoolis\u00e9 - Essence France","isPartOf":{"@id":"https:\/\/www.essence-france.com\/en\/#website"},"primaryImageOfPage":{"@id":"https:\/\/www.essence-france.com\/fr\/produit\/refrigerator-220l-stocked-with-alcoholic-beverages\/#primaryimage"},"image":{"@id":"https:\/\/www.essence-france.com\/fr\/produit\/refrigerator-220l-stocked-with-alcoholic-beverages\/#primaryimage"},"thumbnailUrl":"https:\/\/www.essence-france.com\/wp-content\/uploads\/2025\/03\/FRIGO-ALCOOL.jpg","datePublished":"2025-03-07T10:50:12+00:00","dateModified":"2026-01-13T14:04:53+00:00","description":"D\u00e9couvrez notre service de location de r\u00e9frig\u00e9rateur 140L, garni de boissons alcoolis\u00e9es.","breadcrumb":{"@id":"https:\/\/www.essence-france.com\/fr\/produit\/refrigerator-220l-stocked-with-alcoholic-beverages\/#breadcrumb"},"inLanguage":"en-US","potentialAction":[{"@type":"ReadAction","target":["https:\/\/www.essence-france.com\/fr\/produit\/refrigerator-220l-stocked-with-alcoholic-beverages\/"]}]},{"@type":"ImageObject","inLanguage":"en-US","@id":"https:\/\/www.essence-france.com\/fr\/produit\/refrigerator-220l-stocked-with-alcoholic-beverages\/#primaryimage","url":"https:\/\/www.essence-france.com\/wp-content\/uploads\/2025\/03\/FRIGO-ALCOOL.jpg","contentUrl":"https:\/\/www.essence-france.com\/wp-content\/uploads\/2025\/03\/FRIGO-ALCOOL.jpg","width":1200,"height":1200},{"@type":"BreadcrumbList","@id":"https:\/\/www.essence-france.com\/fr\/produit\/refrigerator-220l-stocked-with-alcoholic-beverages\/#breadcrumb","itemListElement":[{"@type":"ListItem","position":1,"name":"Accueil","item":"https:\/\/www.essence-france.com\/en\/"},{"@type":"ListItem","position":2,"name":"Shop","item":"https:\/\/www.essence-france.com\/en\/boutique\/"},{"@type":"ListItem","position":3,"name":"Refrigerator 220L Stocked with Alcoholic Beverages"}]},{"@type":"WebSite","@id":"https:\/\/www.essence-france.com\/en\/#website","url":"https:\/\/www.essence-france.com\/en\/","name":"Essence France","description":"","publisher":{"@id":"https:\/\/www.essence-france.com\/en\/#organization"},"potentialAction":[{"@type":"SearchAction","target":{"@type":"EntryPoint","urlTemplate":"https:\/\/www.essence-france.com\/en\/?s={search_term_string}"},"query-input":{"@type":"PropertyValueSpecification","valueRequired":true,"valueName":"search_term_string"}}],"inLanguage":"en-US"},{"@type":"Organization","@id":"https:\/\/www.essence-france.com\/en\/#organization","name":"Essence France","url":"https:\/\/www.essence-france.com\/en\/","logo":{"@type":"ImageObject","inLanguage":"en-US","@id":"https:\/\/www.essence-france.com\/en\/#\/schema\/logo\/image\/","url":"https:\/\/www.essence-france.com\/wp-content\/uploads\/2024\/04\/Favicon.png","contentUrl":"https:\/\/www.essence-france.com\/wp-content\/uploads\/2024\/04\/Favicon.png","width":507,"height":514,"caption":"Essence France"},"image":{"@id":"https:\/\/www.essence-france.com\/en\/#\/schema\/logo\/image\/"},"sameAs":["https:\/\/www.instagram.com\/essence_france\/","https:\/\/www.linkedin.com\/company\/essencefrance"]}]}},"_links":{"self":[{"href":"https:\/\/www.essence-france.com\/en\/wp-json\/wp\/v2\/product\/1673","targetHints":{"allow":["GET"]}}],"collection":[{"href":"https:\/\/www.essence-france.com\/en\/wp-json\/wp\/v2\/product"}],"about":[{"href":"https:\/\/www.essence-france.com\/en\/wp-json\/wp\/v2\/types\/product"}],"replies":[{"embeddable":true,"href":"https:\/\/www.essence-france.com\/en\/wp-json\/wp\/v2\/comments?post=1673"}],"wp:featuredmedia":[{"embeddable":true,"href":"https:\/\/www.essence-france.com\/en\/wp-json\/wp\/v2\/media\/1674"}],"wp:attachment":[{"href":"https:\/\/www.essence-france.com\/en\/wp-json\/wp\/v2\/media?parent=1673"}],"wp:term":[{"taxonomy":"product_brand","embeddable":true,"href":"https:\/\/www.essence-france.com\/en\/wp-json\/wp\/v2\/product_brand?post=1673"},{"taxonomy":"product_cat","embeddable":true,"href":"https:\/\/www.essence-france.com\/en\/wp-json\/wp\/v2\/product_cat?post=1673"},{"taxonomy":"product_tag","embeddable":true,"href":"https:\/\/www.essence-france.com\/en\/wp-json\/wp\/v2\/product_tag?post=1673"}],"curies":[{"name":"wp","href":"https:\/\/api.w.org\/{rel}","templated":true}]}}