{"id":2244,"date":"2026-01-13T14:22:06","date_gmt":"2026-01-13T14:22:06","guid":{"rendered":"https:\/\/www.essence-france.com\/?post_type=product&#038;p=2244"},"modified":"2026-01-13T14:39:06","modified_gmt":"2026-01-13T14:39:06","slug":"nespresso-cs220-with-kit-400-coffees-milk-beverage","status":"publish","type":"product","link":"https:\/\/www.essence-france.com\/en\/product\/nespresso-cs220-with-kit-400-coffees-milk-beverage\/","title":{"rendered":"Nespresso CS220 with kit 400 coffees (milk heater included)"},"content":{"rendered":"<h3 data-start=\"246\" data-end=\"355\"><strong data-start=\"250\" data-end=\"355\">Nespresso Professional CS220 Coffee Machine Rental \u2013 Premium Coffee &amp; Milk-Based Beverages for Events<\/strong><\/h3>\n<p data-start=\"357\" data-end=\"828\">Enhance your event\u2019s coffee experience with our <strong data-start=\"405\" data-end=\"459\">Nespresso Professional CS220 coffee machine rental<\/strong> \u2014 the perfect choice for delivering <strong data-start=\"496\" data-end=\"541\">high-quality coffee and milk-based drinks<\/strong> at corporate events, conferences, trade shows, and social functions. Featuring a <strong data-start=\"623\" data-end=\"691\">dual extraction system and integrated milk foaming functionality<\/strong>, the CS220 offers fast, professional performance and versatility to satisfy all guest preferences.<\/p>\n<p data-start=\"830\" data-end=\"1019\">Our service combines premium <strong data-start=\"859\" data-end=\"895\">professional Nespresso equipment<\/strong> with a full event coffee solution, ensuring smooth operation and exceptional results.<\/p>\n<hr data-start=\"1021\" data-end=\"1024\" \/>\n<h3 data-start=\"1026\" data-end=\"1066\"><strong data-start=\"1030\" data-end=\"1066\">What\u2019s Included with Your Rental<\/strong><\/h3>\n<ul data-start=\"1067\" data-end=\"1257\">\n<li data-start=\"1067\" data-end=\"1170\">\n<p data-start=\"1069\" data-end=\"1170\">Rental of the <strong data-start=\"1083\" data-end=\"1130\">Nespresso CS220 Professional Coffee Machine<\/strong> for the entire duration of your event<\/p>\n<\/li>\n<li data-start=\"1171\" data-end=\"1257\">\n<p data-start=\"1173\" data-end=\"1257\">Post-event collection of remaining consumables as part of our eco-friendly service<\/p>\n<\/li>\n<\/ul>\n<hr data-start=\"1259\" data-end=\"1262\" \/>\n<h3 data-start=\"1264\" data-end=\"1303\"><strong data-start=\"1268\" data-end=\"1303\">Coffee Consumption Kit Included<\/strong><\/h3>\n<p data-start=\"1304\" data-end=\"1342\"><strong data-start=\"1304\" data-end=\"1342\">Nespresso Professional Coffee Pack<\/strong><\/p>\n<ul data-start=\"1343\" data-end=\"1490\">\n<li data-start=\"1343\" data-end=\"1400\">\n<p data-start=\"1345\" data-end=\"1400\"><strong data-start=\"1345\" data-end=\"1378\">400 Nespresso coffee capsules<\/strong> to serve all guests<\/p>\n<\/li>\n<li data-start=\"1401\" data-end=\"1440\">\n<p data-start=\"1403\" data-end=\"1440\"><strong data-start=\"1403\" data-end=\"1438\">400 eco-friendly cardboard cups<\/strong><\/p>\n<\/li>\n<li data-start=\"1441\" data-end=\"1490\">\n<p data-start=\"1443\" data-end=\"1490\"><strong data-start=\"1443\" data-end=\"1488\">400 sugar sachets and 400 wooden stirrers<\/strong><\/p>\n<\/li>\n<\/ul>\n<hr data-start=\"1492\" data-end=\"1495\" \/>\n<h3 data-start=\"1497\" data-end=\"1517\"><strong data-start=\"1501\" data-end=\"1517\">Key Features<\/strong><\/h3>\n<ul data-start=\"1518\" data-end=\"2271\">\n<li data-start=\"1518\" data-end=\"1588\">\n<p data-start=\"1520\" data-end=\"1588\"><strong data-start=\"1520\" data-end=\"1552\">Dual coffee extraction heads<\/strong> \u2014 brew two coffees simultaneously<\/p>\n<\/li>\n<li data-start=\"1589\" data-end=\"1697\">\n<p data-start=\"1591\" data-end=\"1697\"><strong data-start=\"1591\" data-end=\"1631\">Milk foaming and cappuccino function<\/strong> for lattes, cappuccinos, and other milk-based drinks in seconds<\/p>\n<\/li>\n<li data-start=\"1698\" data-end=\"1814\">\n<p data-start=\"1700\" data-end=\"1740\"><strong data-start=\"1700\" data-end=\"1737\">Three programmable coffee volumes<\/strong>:<\/p>\n<ul data-start=\"1743\" data-end=\"1814\">\n<li data-start=\"1743\" data-end=\"1766\">\n<p data-start=\"1745\" data-end=\"1766\"><em data-start=\"1745\" data-end=\"1756\">Ristretto<\/em> \u2013 25 ml<\/p>\n<\/li>\n<li data-start=\"1769\" data-end=\"1791\">\n<p data-start=\"1771\" data-end=\"1791\"><em data-start=\"1771\" data-end=\"1781\">Espresso<\/em> \u2013 40 ml<\/p>\n<\/li>\n<li data-start=\"1794\" data-end=\"1814\">\n<p data-start=\"1796\" data-end=\"1814\"><em data-start=\"1796\" data-end=\"1803\">Lungo<\/em> \u2013 110 ml<\/p>\n<\/li>\n<\/ul>\n<\/li>\n<li data-start=\"1815\" data-end=\"1883\">\n<p data-start=\"1817\" data-end=\"1883\"><strong data-start=\"1817\" data-end=\"1863\">Digital display and multilingual interface<\/strong> for intuitive use<\/p>\n<\/li>\n<li data-start=\"1884\" data-end=\"1966\">\n<p data-start=\"1886\" data-end=\"1966\"><strong data-start=\"1886\" data-end=\"1928\">Direct water line connection available<\/strong> or large removable water tank (6 L)<\/p>\n<\/li>\n<li data-start=\"1967\" data-end=\"2030\">\n<p data-start=\"1969\" data-end=\"2030\"><strong data-start=\"1969\" data-end=\"1995\">Thermos milk container<\/strong> keeping milk fresh up to 8 hours<\/p>\n<\/li>\n<li data-start=\"2031\" data-end=\"2086\">\n<p data-start=\"2033\" data-end=\"2086\"><strong data-start=\"2033\" data-end=\"2084\">Automatic capsule ejection &amp; energy-saving mode<\/strong><\/p>\n<\/li>\n<li data-start=\"2087\" data-end=\"2151\">\n<p data-start=\"2089\" data-end=\"2151\"><strong data-start=\"2089\" data-end=\"2112\">Cup warming surface<\/strong> to serve coffee at ideal temperature<\/p>\n<\/li>\n<li data-start=\"2152\" data-end=\"2271\">\n<p data-start=\"2154\" data-end=\"2271\"><strong data-start=\"2154\" data-end=\"2186\">Professional pressure system<\/strong> (~16\u201319 bars) for optimal extraction quality<\/p>\n<\/li>\n<\/ul>\n<hr data-start=\"2273\" data-end=\"2276\" \/>\n<h3 data-start=\"2278\" data-end=\"2310\"><strong data-start=\"2282\" data-end=\"2310\">Technical Specifications<\/strong><\/h3>\n<ul data-start=\"2311\" data-end=\"2582\">\n<li data-start=\"2311\" data-end=\"2356\">\n<p data-start=\"2313\" data-end=\"2356\"><strong data-start=\"2313\" data-end=\"2327\">Dimensions<\/strong>: approx. 56 \u00d7 39.2 \u00d7 37 cm<\/p>\n<\/li>\n<li data-start=\"2357\" data-end=\"2389\">\n<p data-start=\"2359\" data-end=\"2389\"><strong data-start=\"2359\" data-end=\"2382\">Water tank capacity<\/strong>: 6 L<\/p>\n<\/li>\n<li data-start=\"2390\" data-end=\"2412\">\n<p data-start=\"2392\" data-end=\"2412\"><strong data-start=\"2392\" data-end=\"2402\">Weight<\/strong>: ~18 kg<\/p>\n<\/li>\n<li data-start=\"2413\" data-end=\"2435\">\n<p data-start=\"2415\" data-end=\"2435\"><strong data-start=\"2415\" data-end=\"2424\">Power<\/strong>: ~2410 W<\/p>\n<\/li>\n<li data-start=\"2436\" data-end=\"2464\">\n<p data-start=\"2438\" data-end=\"2464\"><strong data-start=\"2438\" data-end=\"2450\">Pressure<\/strong>: ~16\u201319 bar<\/p>\n<\/li>\n<li data-start=\"2465\" data-end=\"2582\">\n<p data-start=\"2467\" data-end=\"2582\"><strong data-start=\"2467\" data-end=\"2494\">Used capsule containers<\/strong>: two containers with up to ~70 capsule capacity<\/p>\n<\/li>\n<\/ul>\n<hr data-start=\"2584\" data-end=\"2587\" \/>\n<h3 data-start=\"2589\" data-end=\"2643\"><strong data-start=\"2593\" data-end=\"2643\">Why Choose the Nespresso CS220 for Your Event?<\/strong><\/h3>\n<ul data-start=\"2644\" data-end=\"2950\">\n<li data-start=\"2644\" data-end=\"2718\">\n<p data-start=\"2646\" data-end=\"2718\">Ideal for <strong data-start=\"2656\" data-end=\"2679\">high-traffic events<\/strong> with fast, continuous coffee service<\/p>\n<\/li>\n<li data-start=\"2719\" data-end=\"2794\">\n<p data-start=\"2721\" data-end=\"2794\">Offers <strong data-start=\"2728\" data-end=\"2761\">milk-based drink capabilities<\/strong> such as cappuccinos and lattes<\/p>\n<\/li>\n<li data-start=\"2795\" data-end=\"2857\">\n<p data-start=\"2797\" data-end=\"2857\">Professional performance without need for trained baristas<\/p>\n<\/li>\n<li data-start=\"2858\" data-end=\"2950\">\n<p data-start=\"2860\" data-end=\"2950\">Reliable and <strong data-start=\"2873\" data-end=\"2916\">premium professional Nespresso solution<\/strong> for corporate and social events<\/p>\n<\/li>\n<\/ul>\n","protected":false},"excerpt":{"rendered":"<h5><strong>Nespresso Professional Coffee Machine \u2013 Sophistication and Efficiency in Every Cup<\/strong><\/h5>\n<p>Impress your guests with a professional-grade coffee machine that combines performance and style.<\/p>\n<h6><strong>What\u2019s Included:<\/strong><\/h6>\n<ul>\n<li><strong>Nespresso Coffee Kit:<\/strong> 400 Nespresso coffee doses, 400 cups, 400 sugar packets, and 400 wooden stirrers.<\/li>\n<\/ul>\n<p>Elegant, efficient, and eco-conscious, this service is perfect for elevating your event&#8217;s coffee offerings.<\/p>\n","protected":false},"featured_media":2245,"comment_status":"open","ping_status":"closed","template":"","meta":{"_acf_changed":false},"product_brand":[],"product_cat":[46],"product_tag":[],"class_list":{"0":"post-2244","1":"product","2":"type-product","3":"status-publish","4":"has-post-thumbnail","6":"product_cat-coffee-machine","8":"first","9":"instock","10":"taxable","11":"shipping-taxable","12":"purchasable","13":"product-type-simple"},"acf":[],"yoast_head":"<!-- This site is optimized with the Yoast SEO plugin v26.7 - https:\/\/yoast.com\/wordpress\/plugins\/seo\/ -->\n<title>Machine \u00e0 caf\u00e9 Professionnel Kit 300 caf\u00e9s - Essence France<\/title>\n<meta name=\"description\" content=\"D\u00e9couvrez notre service de Machine \u00e0 Caf\u00e9 Professionnelle avec Kit Caf\u00e9s en location, la solution pour vos \u00e9v\u00e9nements avec un \u00e9quipement de haute qualit\u00e9.\" \/>\n<meta name=\"robots\" content=\"index, follow, max-snippet:-1, max-image-preview:large, max-video-preview:-1\" \/>\n<link rel=\"canonical\" href=\"https:\/\/www.essence-france.com\/en\/produit\/nespresso-cs220-with-kit-400-coffees-milk-beverage\/\" \/>\n<meta property=\"og:locale\" content=\"en_US\" \/>\n<meta property=\"og:type\" content=\"article\" \/>\n<meta property=\"og:title\" content=\"Machine \u00e0 caf\u00e9 Professionnel Kit 300 caf\u00e9s - Essence France\" \/>\n<meta property=\"og:description\" content=\"D\u00e9couvrez notre service de Machine \u00e0 Caf\u00e9 Professionnelle avec Kit Caf\u00e9s en location, la solution pour vos \u00e9v\u00e9nements avec un \u00e9quipement de haute qualit\u00e9.\" \/>\n<meta property=\"og:url\" content=\"https:\/\/www.essence-france.com\/en\/produit\/nespresso-cs220-with-kit-400-coffees-milk-beverage\/\" \/>\n<meta property=\"og:site_name\" content=\"Essence France\" \/>\n<meta property=\"article:modified_time\" content=\"2026-01-13T14:39:06+00:00\" \/>\n<meta property=\"og:image\" content=\"https:\/\/www.essence-france.com\/wp-content\/uploads\/2026\/01\/CS220_ENSSENCE_FRANCE.png\" \/>\n\t<meta property=\"og:image:width\" content=\"400\" \/>\n\t<meta property=\"og:image:height\" content=\"400\" \/>\n\t<meta property=\"og:image:type\" content=\"image\/png\" \/>\n<meta name=\"twitter:card\" content=\"summary_large_image\" \/>\n<meta name=\"twitter:label1\" content=\"Est. reading time\" \/>\n\t<meta name=\"twitter:data1\" content=\"2 minutes\" \/>\n<script type=\"application\/ld+json\" class=\"yoast-schema-graph\">{\"@context\":\"https:\/\/schema.org\",\"@graph\":[{\"@type\":\"WebPage\",\"@id\":\"https:\/\/www.essence-france.com\/fr\/produit\/nespresso-cs220-with-kit-400-coffees-milk-beverage\/\",\"url\":\"https:\/\/www.essence-france.com\/fr\/produit\/nespresso-cs220-with-kit-400-coffees-milk-beverage\/\",\"name\":\"Machine \u00e0 caf\u00e9 Professionnel Kit 300 caf\u00e9s - Essence France\",\"isPartOf\":{\"@id\":\"https:\/\/www.essence-france.com\/en\/#website\"},\"primaryImageOfPage\":{\"@id\":\"https:\/\/www.essence-france.com\/fr\/produit\/nespresso-cs220-with-kit-400-coffees-milk-beverage\/#primaryimage\"},\"image\":{\"@id\":\"https:\/\/www.essence-france.com\/fr\/produit\/nespresso-cs220-with-kit-400-coffees-milk-beverage\/#primaryimage\"},\"thumbnailUrl\":\"https:\/\/www.essence-france.com\/wp-content\/uploads\/2026\/01\/CS220_ENSSENCE_FRANCE.png\",\"datePublished\":\"2026-01-13T14:22:06+00:00\",\"dateModified\":\"2026-01-13T14:39:06+00:00\",\"description\":\"D\u00e9couvrez notre service de Machine \u00e0 Caf\u00e9 Professionnelle avec Kit Caf\u00e9s en location, la solution pour vos \u00e9v\u00e9nements avec un \u00e9quipement de haute qualit\u00e9.\",\"breadcrumb\":{\"@id\":\"https:\/\/www.essence-france.com\/fr\/produit\/nespresso-cs220-with-kit-400-coffees-milk-beverage\/#breadcrumb\"},\"inLanguage\":\"en-US\",\"potentialAction\":[{\"@type\":\"ReadAction\",\"target\":[\"https:\/\/www.essence-france.com\/fr\/produit\/nespresso-cs220-with-kit-400-coffees-milk-beverage\/\"]}]},{\"@type\":\"ImageObject\",\"inLanguage\":\"en-US\",\"@id\":\"https:\/\/www.essence-france.com\/fr\/produit\/nespresso-cs220-with-kit-400-coffees-milk-beverage\/#primaryimage\",\"url\":\"https:\/\/www.essence-france.com\/wp-content\/uploads\/2026\/01\/CS220_ENSSENCE_FRANCE.png\",\"contentUrl\":\"https:\/\/www.essence-france.com\/wp-content\/uploads\/2026\/01\/CS220_ENSSENCE_FRANCE.png\",\"width\":400,\"height\":400},{\"@type\":\"BreadcrumbList\",\"@id\":\"https:\/\/www.essence-france.com\/fr\/produit\/nespresso-cs220-with-kit-400-coffees-milk-beverage\/#breadcrumb\",\"itemListElement\":[{\"@type\":\"ListItem\",\"position\":1,\"name\":\"Accueil\",\"item\":\"https:\/\/www.essence-france.com\/en\/\"},{\"@type\":\"ListItem\",\"position\":2,\"name\":\"Shop\",\"item\":\"https:\/\/www.essence-france.com\/en\/boutique\/\"},{\"@type\":\"ListItem\",\"position\":3,\"name\":\"Nespresso CS220 with kit 400 coffees (milk heater included)\"}]},{\"@type\":\"WebSite\",\"@id\":\"https:\/\/www.essence-france.com\/en\/#website\",\"url\":\"https:\/\/www.essence-france.com\/en\/\",\"name\":\"Essence France\",\"description\":\"\",\"publisher\":{\"@id\":\"https:\/\/www.essence-france.com\/en\/#organization\"},\"potentialAction\":[{\"@type\":\"SearchAction\",\"target\":{\"@type\":\"EntryPoint\",\"urlTemplate\":\"https:\/\/www.essence-france.com\/en\/?s={search_term_string}\"},\"query-input\":{\"@type\":\"PropertyValueSpecification\",\"valueRequired\":true,\"valueName\":\"search_term_string\"}}],\"inLanguage\":\"en-US\"},{\"@type\":\"Organization\",\"@id\":\"https:\/\/www.essence-france.com\/en\/#organization\",\"name\":\"Essence France\",\"url\":\"https:\/\/www.essence-france.com\/en\/\",\"logo\":{\"@type\":\"ImageObject\",\"inLanguage\":\"en-US\",\"@id\":\"https:\/\/www.essence-france.com\/en\/#\/schema\/logo\/image\/\",\"url\":\"https:\/\/www.essence-france.com\/wp-content\/uploads\/2024\/04\/Favicon.png\",\"contentUrl\":\"https:\/\/www.essence-france.com\/wp-content\/uploads\/2024\/04\/Favicon.png\",\"width\":507,\"height\":514,\"caption\":\"Essence France\"},\"image\":{\"@id\":\"https:\/\/www.essence-france.com\/en\/#\/schema\/logo\/image\/\"},\"sameAs\":[\"https:\/\/www.instagram.com\/essence_france\/\",\"https:\/\/www.linkedin.com\/company\/essencefrance\"]}]}<\/script>\n<!-- \/ Yoast SEO plugin. -->","yoast_head_json":{"title":"Machine \u00e0 caf\u00e9 Professionnel Kit 300 caf\u00e9s - Essence France","description":"D\u00e9couvrez notre service de Machine \u00e0 Caf\u00e9 Professionnelle avec Kit Caf\u00e9s en location, la solution pour vos \u00e9v\u00e9nements avec un \u00e9quipement de haute qualit\u00e9.","robots":{"index":"index","follow":"follow","max-snippet":"max-snippet:-1","max-image-preview":"max-image-preview:large","max-video-preview":"max-video-preview:-1"},"canonical":"https:\/\/www.essence-france.com\/en\/produit\/nespresso-cs220-with-kit-400-coffees-milk-beverage\/","og_locale":"en_US","og_type":"article","og_title":"Machine \u00e0 caf\u00e9 Professionnel Kit 300 caf\u00e9s - Essence France","og_description":"D\u00e9couvrez notre service de Machine \u00e0 Caf\u00e9 Professionnelle avec Kit Caf\u00e9s en location, la solution pour vos \u00e9v\u00e9nements avec un \u00e9quipement de haute qualit\u00e9.","og_url":"https:\/\/www.essence-france.com\/en\/produit\/nespresso-cs220-with-kit-400-coffees-milk-beverage\/","og_site_name":"Essence France","article_modified_time":"2026-01-13T14:39:06+00:00","og_image":[{"width":400,"height":400,"url":"https:\/\/www.essence-france.com\/wp-content\/uploads\/2026\/01\/CS220_ENSSENCE_FRANCE.png","type":"image\/png"}],"twitter_card":"summary_large_image","twitter_misc":{"Est. reading time":"2 minutes"},"schema":{"@context":"https:\/\/schema.org","@graph":[{"@type":"WebPage","@id":"https:\/\/www.essence-france.com\/fr\/produit\/nespresso-cs220-with-kit-400-coffees-milk-beverage\/","url":"https:\/\/www.essence-france.com\/fr\/produit\/nespresso-cs220-with-kit-400-coffees-milk-beverage\/","name":"Machine \u00e0 caf\u00e9 Professionnel Kit 300 caf\u00e9s - Essence France","isPartOf":{"@id":"https:\/\/www.essence-france.com\/en\/#website"},"primaryImageOfPage":{"@id":"https:\/\/www.essence-france.com\/fr\/produit\/nespresso-cs220-with-kit-400-coffees-milk-beverage\/#primaryimage"},"image":{"@id":"https:\/\/www.essence-france.com\/fr\/produit\/nespresso-cs220-with-kit-400-coffees-milk-beverage\/#primaryimage"},"thumbnailUrl":"https:\/\/www.essence-france.com\/wp-content\/uploads\/2026\/01\/CS220_ENSSENCE_FRANCE.png","datePublished":"2026-01-13T14:22:06+00:00","dateModified":"2026-01-13T14:39:06+00:00","description":"D\u00e9couvrez notre service de Machine \u00e0 Caf\u00e9 Professionnelle avec Kit Caf\u00e9s en location, la solution pour vos \u00e9v\u00e9nements avec un \u00e9quipement de haute qualit\u00e9.","breadcrumb":{"@id":"https:\/\/www.essence-france.com\/fr\/produit\/nespresso-cs220-with-kit-400-coffees-milk-beverage\/#breadcrumb"},"inLanguage":"en-US","potentialAction":[{"@type":"ReadAction","target":["https:\/\/www.essence-france.com\/fr\/produit\/nespresso-cs220-with-kit-400-coffees-milk-beverage\/"]}]},{"@type":"ImageObject","inLanguage":"en-US","@id":"https:\/\/www.essence-france.com\/fr\/produit\/nespresso-cs220-with-kit-400-coffees-milk-beverage\/#primaryimage","url":"https:\/\/www.essence-france.com\/wp-content\/uploads\/2026\/01\/CS220_ENSSENCE_FRANCE.png","contentUrl":"https:\/\/www.essence-france.com\/wp-content\/uploads\/2026\/01\/CS220_ENSSENCE_FRANCE.png","width":400,"height":400},{"@type":"BreadcrumbList","@id":"https:\/\/www.essence-france.com\/fr\/produit\/nespresso-cs220-with-kit-400-coffees-milk-beverage\/#breadcrumb","itemListElement":[{"@type":"ListItem","position":1,"name":"Accueil","item":"https:\/\/www.essence-france.com\/en\/"},{"@type":"ListItem","position":2,"name":"Shop","item":"https:\/\/www.essence-france.com\/en\/boutique\/"},{"@type":"ListItem","position":3,"name":"Nespresso CS220 with kit 400 coffees (milk heater included)"}]},{"@type":"WebSite","@id":"https:\/\/www.essence-france.com\/en\/#website","url":"https:\/\/www.essence-france.com\/en\/","name":"Essence France","description":"","publisher":{"@id":"https:\/\/www.essence-france.com\/en\/#organization"},"potentialAction":[{"@type":"SearchAction","target":{"@type":"EntryPoint","urlTemplate":"https:\/\/www.essence-france.com\/en\/?s={search_term_string}"},"query-input":{"@type":"PropertyValueSpecification","valueRequired":true,"valueName":"search_term_string"}}],"inLanguage":"en-US"},{"@type":"Organization","@id":"https:\/\/www.essence-france.com\/en\/#organization","name":"Essence France","url":"https:\/\/www.essence-france.com\/en\/","logo":{"@type":"ImageObject","inLanguage":"en-US","@id":"https:\/\/www.essence-france.com\/en\/#\/schema\/logo\/image\/","url":"https:\/\/www.essence-france.com\/wp-content\/uploads\/2024\/04\/Favicon.png","contentUrl":"https:\/\/www.essence-france.com\/wp-content\/uploads\/2024\/04\/Favicon.png","width":507,"height":514,"caption":"Essence France"},"image":{"@id":"https:\/\/www.essence-france.com\/en\/#\/schema\/logo\/image\/"},"sameAs":["https:\/\/www.instagram.com\/essence_france\/","https:\/\/www.linkedin.com\/company\/essencefrance"]}]}},"_links":{"self":[{"href":"https:\/\/www.essence-france.com\/en\/wp-json\/wp\/v2\/product\/2244","targetHints":{"allow":["GET"]}}],"collection":[{"href":"https:\/\/www.essence-france.com\/en\/wp-json\/wp\/v2\/product"}],"about":[{"href":"https:\/\/www.essence-france.com\/en\/wp-json\/wp\/v2\/types\/product"}],"replies":[{"embeddable":true,"href":"https:\/\/www.essence-france.com\/en\/wp-json\/wp\/v2\/comments?post=2244"}],"wp:featuredmedia":[{"embeddable":true,"href":"https:\/\/www.essence-france.com\/en\/wp-json\/wp\/v2\/media\/2245"}],"wp:attachment":[{"href":"https:\/\/www.essence-france.com\/en\/wp-json\/wp\/v2\/media?parent=2244"}],"wp:term":[{"taxonomy":"product_brand","embeddable":true,"href":"https:\/\/www.essence-france.com\/en\/wp-json\/wp\/v2\/product_brand?post=2244"},{"taxonomy":"product_cat","embeddable":true,"href":"https:\/\/www.essence-france.com\/en\/wp-json\/wp\/v2\/product_cat?post=2244"},{"taxonomy":"product_tag","embeddable":true,"href":"https:\/\/www.essence-france.com\/en\/wp-json\/wp\/v2\/product_tag?post=2244"}],"curies":[{"name":"wp","href":"https:\/\/api.w.org\/{rel}","templated":true}]}}