{"id":103,"date":"2024-04-26T17:50:36","date_gmt":"2024-04-26T17:50:36","guid":{"rendered":"https:\/\/www.essence-france.com\/?post_type=product&#038;p=103"},"modified":"2026-03-31T06:52:10","modified_gmt":"2026-03-31T06:52:10","slug":"machine-a-cafe-professionnel-kit-150-cafes","status":"publish","type":"product","link":"https:\/\/www.essence-france.com\/fr\/produit\/machine-a-cafe-professionnel-kit-150-cafes\/","title":{"rendered":"Machine \u00e0 caf\u00e9 Nespresso Professionnel avec kit 150 caf\u00e9s"},"content":{"rendered":"<h2><strong>Machine \u00e0 Caf\u00e9 Professionnelle Nespresso \u2013 Exp\u00e9rience de Caf\u00e9 Haut de Gamme \u00e0 Prix Abordable<\/strong><\/h2>\n<p>\u00c9levez votre \u00e9v\u00e9nement avec notre Machine \u00e0 Caf\u00e9 Professionnelle Nespresso, con\u00e7ue pour offrir une qualit\u00e9 exceptionnelle \u00e0 un prix plus abordable. Cette machine \u00e0 caf\u00e9 haute performance propose une solution pratique pour servir un caf\u00e9 d\u00e9licieux \u00e0 vos invit\u00e9s, avec une gamme d'options personnalisables. L'\u00e9quipement est disponible en location tout au long de votre \u00e9v\u00e9nement, et dans le cadre de notre engagement en faveur de la durabilit\u00e9, nous collectons les consommables restants apr\u00e8s l\u2019\u00e9v\u00e9nement.<\/p>\n<p>&nbsp;<\/p>\n<h3><strong>Consommables inclus dans le pack :<\/strong><\/h3>\n<ul>\n<li><strong>Kit de caf\u00e9 Nespresso :<\/strong>\n<ul>\n<li>150 doses de caf\u00e9 Nespresso pour satisfaire toutes les envies de caf\u00e9 de vos invit\u00e9s.<\/li>\n<li>150 gobelets en carton, solides et \u00e9cologiques.<\/li>\n<li>150 sugar doses and 150 wooden stirrers for a complete coffee service.<\/li>\n<\/ul>\n<\/li>\n<\/ul>\n<h3>Fonctionnalit\u00e9s :<\/h3>\n<ul>\n<li>Trois programmes de caf\u00e9 pr\u00e9-s\u00e9lectionn\u00e9s :\n<ul>\n<li><strong>Ristretto:<\/strong> 25 ml.<\/li>\n<li><strong>Espresso:<\/strong> 40 ml.<\/li>\n<li><strong>Lungo:<\/strong> 110 ml.<\/li>\n<\/ul>\n<\/li>\n<\/ul>\n<h3><span class=\"fontstyle0\"><strong>Caract\u00e9ristiques :<\/strong><\/span><\/h3>\n<ul>\n<li><span class=\"fontstyle0\">Dimensions : 19(L) x 39,9(L) x 31,3(H) cm<\/span><\/li>\n<li><span class=\"fontstyle0\">R\u00e9servoir d'eau : 2L<\/span><\/li>\n<li><span class=\"fontstyle0\">Poids : 7 kg<\/span><\/li>\n<li><span class=\"fontstyle0\">Puissance : jusqu\u2019\u00e0 1860 Watts<\/span><\/li>\n<li><span class=\"fontstyle0\">Pression : jusqu\u2019\u00e0 19 bar<\/span><\/li>\n<\/ul>","protected":false},"excerpt":{"rendered":"<h5><strong>Nespresso Professional Coffee Machine \u2013 Budget-Friendly Excellence in Every Cup<\/strong><\/h5>\n<p>Serve premium coffee at your event with this budget-friendly Nespresso Professional Coffee Machine, offering high-quality performance without compromising on taste.<\/p>\n<h6><strong>Ce qui est inclus :<\/strong><\/h6>\n<ul>\n<li><strong>Kit de caf\u00e9 Nespresso :<\/strong> 150 Nespresso coffee doses, 150 cups, 150 sugar packets, and 150 wooden stirrers.<\/li>\n<li><strong>Fonctionnalit\u00e9s :<\/strong> Three coffee options (Ristretto, Espresso, Lungo) for varied guest preferences.<\/li>\n<\/ul>\n<p>Ideal for delivering exceptional coffee without exceeding your budget, this service brings efficiency and elegance to your event.<\/p>","protected":false},"featured_media":516,"comment_status":"open","ping_status":"closed","template":"","meta":{"_acf_changed":false},"product_brand":[],"product_cat":[46],"product_tag":[],"class_list":{"0":"post-103","1":"product","2":"type-product","3":"status-publish","4":"has-post-thumbnail","6":"product_cat-coffee-machine","8":"first","9":"instock","10":"taxable","11":"shipping-taxable","12":"purchasable","13":"product-type-simple"},"acf":[],"yoast_head":"<!-- This site is optimized with the Yoast SEO plugin v26.7 - https:\/\/yoast.com\/wordpress\/plugins\/seo\/ -->\n<title>Machine \u00e0 caf\u00e9 Professionnel Kit 150 caf\u00e9s - Essence France<\/title>\n<meta name=\"description\" content=\"D\u00e9couvrez notre service de Machine \u00e0 Caf\u00e9 Professionnelle avec Kit Caf\u00e9s en location, la solution id\u00e9ale pour vos \u00e9v\u00e9nements.\" \/>\n<meta name=\"robots\" content=\"index, follow, max-snippet:-1, max-image-preview:large, max-video-preview:-1\" \/>\n<link rel=\"canonical\" href=\"https:\/\/www.essence-france.com\/fr\/produit\/machine-a-cafe-professionnel-kit-150-cafes\/\" \/>\n<meta property=\"og:locale\" content=\"fr_FR\" \/>\n<meta property=\"og:type\" content=\"article\" \/>\n<meta property=\"og:title\" content=\"Machine \u00e0 caf\u00e9 Professionnel Kit 150 caf\u00e9s - Essence France\" \/>\n<meta property=\"og:description\" content=\"D\u00e9couvrez notre service de Machine \u00e0 Caf\u00e9 Professionnelle avec Kit Caf\u00e9s en location, la solution id\u00e9ale pour vos \u00e9v\u00e9nements.\" \/>\n<meta property=\"og:url\" content=\"https:\/\/www.essence-france.com\/fr\/produit\/machine-a-cafe-professionnel-kit-150-cafes\/\" \/>\n<meta property=\"og:site_name\" content=\"Essence France\" \/>\n<meta property=\"article:modified_time\" content=\"2026-03-31T06:52:10+00:00\" \/>\n<meta property=\"og:image\" content=\"https:\/\/www.essence-france.com\/wp-content\/uploads\/2024\/04\/Nespresso-Zenius-kit-150-coffees.webp\" \/>\n\t<meta property=\"og:image:width\" content=\"900\" \/>\n\t<meta property=\"og:image:height\" content=\"900\" \/>\n\t<meta property=\"og:image:type\" content=\"image\/webp\" \/>\n<meta name=\"twitter:card\" content=\"summary_large_image\" \/>\n<meta name=\"twitter:label1\" content=\"Dur\u00e9e de lecture estim\u00e9e\" \/>\n\t<meta name=\"twitter:data1\" content=\"1 minute\" \/>\n<script type=\"application\/ld+json\" class=\"yoast-schema-graph\">{\"@context\":\"https:\/\/schema.org\",\"@graph\":[{\"@type\":\"WebPage\",\"@id\":\"https:\/\/www.essence-france.com\/fr\/produit\/machine-a-cafe-professionnel-kit-150-cafes\/\",\"url\":\"https:\/\/www.essence-france.com\/fr\/produit\/machine-a-cafe-professionnel-kit-150-cafes\/\",\"name\":\"Machine \u00e0 caf\u00e9 Professionnel Kit 150 caf\u00e9s - Essence France\",\"isPartOf\":{\"@id\":\"https:\/\/www.essence-france.com\/en\/#website\"},\"primaryImageOfPage\":{\"@id\":\"https:\/\/www.essence-france.com\/fr\/produit\/machine-a-cafe-professionnel-kit-150-cafes\/#primaryimage\"},\"image\":{\"@id\":\"https:\/\/www.essence-france.com\/fr\/produit\/machine-a-cafe-professionnel-kit-150-cafes\/#primaryimage\"},\"thumbnailUrl\":\"https:\/\/www.essence-france.com\/wp-content\/uploads\/2024\/04\/Nespresso-Zenius-kit-150-coffees.webp\",\"datePublished\":\"2024-04-26T17:50:36+00:00\",\"dateModified\":\"2026-03-31T06:52:10+00:00\",\"description\":\"D\u00e9couvrez notre service de Machine \u00e0 Caf\u00e9 Professionnelle avec Kit Caf\u00e9s en location, la solution id\u00e9ale pour vos \u00e9v\u00e9nements.\",\"breadcrumb\":{\"@id\":\"https:\/\/www.essence-france.com\/fr\/produit\/machine-a-cafe-professionnel-kit-150-cafes\/#breadcrumb\"},\"inLanguage\":\"fr-FR\",\"potentialAction\":[{\"@type\":\"ReadAction\",\"target\":[\"https:\/\/www.essence-france.com\/fr\/produit\/machine-a-cafe-professionnel-kit-150-cafes\/\"]}]},{\"@type\":\"ImageObject\",\"inLanguage\":\"fr-FR\",\"@id\":\"https:\/\/www.essence-france.com\/fr\/produit\/machine-a-cafe-professionnel-kit-150-cafes\/#primaryimage\",\"url\":\"https:\/\/www.essence-france.com\/wp-content\/uploads\/2024\/04\/Nespresso-Zenius-kit-150-coffees.webp\",\"contentUrl\":\"https:\/\/www.essence-france.com\/wp-content\/uploads\/2024\/04\/Nespresso-Zenius-kit-150-coffees.webp\",\"width\":900,\"height\":900},{\"@type\":\"BreadcrumbList\",\"@id\":\"https:\/\/www.essence-france.com\/fr\/produit\/machine-a-cafe-professionnel-kit-150-cafes\/#breadcrumb\",\"itemListElement\":[{\"@type\":\"ListItem\",\"position\":1,\"name\":\"Accueil\",\"item\":\"https:\/\/www.essence-france.com\/en\/\"},{\"@type\":\"ListItem\",\"position\":2,\"name\":\"Shop\",\"item\":\"https:\/\/www.essence-france.com\/en\/boutique\/\"},{\"@type\":\"ListItem\",\"position\":3,\"name\":\"Nespresso Professional coffee machine with kit 150 coffees\"}]},{\"@type\":\"WebSite\",\"@id\":\"https:\/\/www.essence-france.com\/en\/#website\",\"url\":\"https:\/\/www.essence-france.com\/en\/\",\"name\":\"Essence France\",\"description\":\"\",\"publisher\":{\"@id\":\"https:\/\/www.essence-france.com\/en\/#organization\"},\"potentialAction\":[{\"@type\":\"SearchAction\",\"target\":{\"@type\":\"EntryPoint\",\"urlTemplate\":\"https:\/\/www.essence-france.com\/en\/?s={search_term_string}\"},\"query-input\":{\"@type\":\"PropertyValueSpecification\",\"valueRequired\":true,\"valueName\":\"search_term_string\"}}],\"inLanguage\":\"fr-FR\"},{\"@type\":\"Organization\",\"@id\":\"https:\/\/www.essence-france.com\/en\/#organization\",\"name\":\"Essence France\",\"url\":\"https:\/\/www.essence-france.com\/en\/\",\"logo\":{\"@type\":\"ImageObject\",\"inLanguage\":\"fr-FR\",\"@id\":\"https:\/\/www.essence-france.com\/en\/#\/schema\/logo\/image\/\",\"url\":\"https:\/\/www.essence-france.com\/wp-content\/uploads\/2024\/04\/Favicon.png\",\"contentUrl\":\"https:\/\/www.essence-france.com\/wp-content\/uploads\/2024\/04\/Favicon.png\",\"width\":507,\"height\":514,\"caption\":\"Essence France\"},\"image\":{\"@id\":\"https:\/\/www.essence-france.com\/en\/#\/schema\/logo\/image\/\"},\"sameAs\":[\"https:\/\/www.instagram.com\/essence_france\/\",\"https:\/\/www.linkedin.com\/company\/essencefrance\"]}]}<\/script>\n<!-- \/ Yoast SEO plugin. -->","yoast_head_json":{"title":"Machine \u00e0 caf\u00e9 Professionnel Kit 150 caf\u00e9s - Essence France","description":"D\u00e9couvrez notre service de Machine \u00e0 Caf\u00e9 Professionnelle avec Kit Caf\u00e9s en location, la solution id\u00e9ale pour vos \u00e9v\u00e9nements.","robots":{"index":"index","follow":"follow","max-snippet":"max-snippet:-1","max-image-preview":"max-image-preview:large","max-video-preview":"max-video-preview:-1"},"canonical":"https:\/\/www.essence-france.com\/fr\/produit\/machine-a-cafe-professionnel-kit-150-cafes\/","og_locale":"fr_FR","og_type":"article","og_title":"Machine \u00e0 caf\u00e9 Professionnel Kit 150 caf\u00e9s - Essence France","og_description":"D\u00e9couvrez notre service de Machine \u00e0 Caf\u00e9 Professionnelle avec Kit Caf\u00e9s en location, la solution id\u00e9ale pour vos \u00e9v\u00e9nements.","og_url":"https:\/\/www.essence-france.com\/fr\/produit\/machine-a-cafe-professionnel-kit-150-cafes\/","og_site_name":"Essence France","article_modified_time":"2026-03-31T06:52:10+00:00","og_image":[{"width":900,"height":900,"url":"https:\/\/www.essence-france.com\/wp-content\/uploads\/2024\/04\/Nespresso-Zenius-kit-150-coffees.webp","type":"image\/webp"}],"twitter_card":"summary_large_image","twitter_misc":{"Dur\u00e9e de lecture estim\u00e9e":"1 minute"},"schema":{"@context":"https:\/\/schema.org","@graph":[{"@type":"WebPage","@id":"https:\/\/www.essence-france.com\/fr\/produit\/machine-a-cafe-professionnel-kit-150-cafes\/","url":"https:\/\/www.essence-france.com\/fr\/produit\/machine-a-cafe-professionnel-kit-150-cafes\/","name":"Machine \u00e0 caf\u00e9 Professionnel Kit 150 caf\u00e9s - Essence France","isPartOf":{"@id":"https:\/\/www.essence-france.com\/en\/#website"},"primaryImageOfPage":{"@id":"https:\/\/www.essence-france.com\/fr\/produit\/machine-a-cafe-professionnel-kit-150-cafes\/#primaryimage"},"image":{"@id":"https:\/\/www.essence-france.com\/fr\/produit\/machine-a-cafe-professionnel-kit-150-cafes\/#primaryimage"},"thumbnailUrl":"https:\/\/www.essence-france.com\/wp-content\/uploads\/2024\/04\/Nespresso-Zenius-kit-150-coffees.webp","datePublished":"2024-04-26T17:50:36+00:00","dateModified":"2026-03-31T06:52:10+00:00","description":"D\u00e9couvrez notre service de Machine \u00e0 Caf\u00e9 Professionnelle avec Kit Caf\u00e9s en location, la solution id\u00e9ale pour vos \u00e9v\u00e9nements.","breadcrumb":{"@id":"https:\/\/www.essence-france.com\/fr\/produit\/machine-a-cafe-professionnel-kit-150-cafes\/#breadcrumb"},"inLanguage":"fr-FR","potentialAction":[{"@type":"ReadAction","target":["https:\/\/www.essence-france.com\/fr\/produit\/machine-a-cafe-professionnel-kit-150-cafes\/"]}]},{"@type":"ImageObject","inLanguage":"fr-FR","@id":"https:\/\/www.essence-france.com\/fr\/produit\/machine-a-cafe-professionnel-kit-150-cafes\/#primaryimage","url":"https:\/\/www.essence-france.com\/wp-content\/uploads\/2024\/04\/Nespresso-Zenius-kit-150-coffees.webp","contentUrl":"https:\/\/www.essence-france.com\/wp-content\/uploads\/2024\/04\/Nespresso-Zenius-kit-150-coffees.webp","width":900,"height":900},{"@type":"BreadcrumbList","@id":"https:\/\/www.essence-france.com\/fr\/produit\/machine-a-cafe-professionnel-kit-150-cafes\/#breadcrumb","itemListElement":[{"@type":"ListItem","position":1,"name":"Accueil","item":"https:\/\/www.essence-france.com\/en\/"},{"@type":"ListItem","position":2,"name":"Shop","item":"https:\/\/www.essence-france.com\/en\/boutique\/"},{"@type":"ListItem","position":3,"name":"Nespresso Professional coffee machine with kit 150 coffees"}]},{"@type":"WebSite","@id":"https:\/\/www.essence-france.com\/en\/#website","url":"https:\/\/www.essence-france.com\/en\/","name":"Essence France","description":"","publisher":{"@id":"https:\/\/www.essence-france.com\/en\/#organization"},"potentialAction":[{"@type":"SearchAction","target":{"@type":"EntryPoint","urlTemplate":"https:\/\/www.essence-france.com\/en\/?s={search_term_string}"},"query-input":{"@type":"PropertyValueSpecification","valueRequired":true,"valueName":"search_term_string"}}],"inLanguage":"fr-FR"},{"@type":"Organization","@id":"https:\/\/www.essence-france.com\/en\/#organization","name":"Essence France","url":"https:\/\/www.essence-france.com\/en\/","logo":{"@type":"ImageObject","inLanguage":"fr-FR","@id":"https:\/\/www.essence-france.com\/en\/#\/schema\/logo\/image\/","url":"https:\/\/www.essence-france.com\/wp-content\/uploads\/2024\/04\/Favicon.png","contentUrl":"https:\/\/www.essence-france.com\/wp-content\/uploads\/2024\/04\/Favicon.png","width":507,"height":514,"caption":"Essence France"},"image":{"@id":"https:\/\/www.essence-france.com\/en\/#\/schema\/logo\/image\/"},"sameAs":["https:\/\/www.instagram.com\/essence_france\/","https:\/\/www.linkedin.com\/company\/essencefrance"]}]}},"_links":{"self":[{"href":"https:\/\/www.essence-france.com\/fr\/wp-json\/wp\/v2\/product\/103","targetHints":{"allow":["GET"]}}],"collection":[{"href":"https:\/\/www.essence-france.com\/fr\/wp-json\/wp\/v2\/product"}],"about":[{"href":"https:\/\/www.essence-france.com\/fr\/wp-json\/wp\/v2\/types\/product"}],"replies":[{"embeddable":true,"href":"https:\/\/www.essence-france.com\/fr\/wp-json\/wp\/v2\/comments?post=103"}],"wp:featuredmedia":[{"embeddable":true,"href":"https:\/\/www.essence-france.com\/fr\/wp-json\/wp\/v2\/media\/516"}],"wp:attachment":[{"href":"https:\/\/www.essence-france.com\/fr\/wp-json\/wp\/v2\/media?parent=103"}],"wp:term":[{"taxonomy":"product_brand","embeddable":true,"href":"https:\/\/www.essence-france.com\/fr\/wp-json\/wp\/v2\/product_brand?post=103"},{"taxonomy":"product_cat","embeddable":true,"href":"https:\/\/www.essence-france.com\/fr\/wp-json\/wp\/v2\/product_cat?post=103"},{"taxonomy":"product_tag","embeddable":true,"href":"https:\/\/www.essence-france.com\/fr\/wp-json\/wp\/v2\/product_tag?post=103"}],"curies":[{"name":"wp","href":"https:\/\/api.w.org\/{rel}","templated":true}]}}