{"id":105,"date":"2024-04-26T17:53:46","date_gmt":"2024-04-26T17:53:46","guid":{"rendered":"https:\/\/www.essence-france.com\/?post_type=product&#038;p=105"},"modified":"2026-03-31T06:52:02","modified_gmt":"2026-03-31T06:52:02","slug":"machine-a-cafe-professionnel-kit-300-cafes","status":"publish","type":"product","link":"https:\/\/www.essence-france.com\/fr\/produit\/machine-a-cafe-professionnel-kit-300-cafes\/","title":{"rendered":"Machine \u00e0 caf\u00e9 Nespresso Professionnel avec kit 300 caf\u00e9s"},"content":{"rendered":"<h2><strong>Machine \u00e0 Caf\u00e9 Professionnelle Nespresso \u2013 Une Exp\u00e9rience de Caf\u00e9 Haut de Gamme pour Vos \u00c9v\u00e9nements<\/strong><\/h2>\n<p>Am\u00e9liorez vos \u00e9v\u00e9nements avec notre service de Machine \u00e0 Caf\u00e9 Professionnelle Nespresso, alliant \u00e9quipements haute performance et caf\u00e9s de qualit\u00e9 sup\u00e9rieure. Con\u00e7ue pour la simplicit\u00e9 et l\u2019efficacit\u00e9, cette machine d\u00e9livre un caf\u00e9 de qualit\u00e9 barista en toute facilit\u00e9. L\u2019\u00e9quipement est disponible exclusivement en location pendant la dur\u00e9e de votre \u00e9v\u00e9nement, et dans le cadre de notre engagement \u00e9co-responsable, nous collectons tous les consommables restants apr\u00e8s l\u2019\u00e9v\u00e9nement.<\/p>\n<h3><strong>Consommables inclus dans le pack :<\/strong><\/h3>\n<ul>\n<li><strong>Kit de caf\u00e9 Nespresso :<\/strong>\n<ul>\n<li>300 doses de caf\u00e9 Nespresso pour satisfaire toutes les envies de caf\u00e9 de vos invit\u00e9s.<\/li>\n<li>300 gobelets en carton, robustes et \u00e9cologiques.<\/li>\n<li>300 doses de sucre et 300 agitateurs en bois pour un service de caf\u00e9 complet.<\/li>\n<\/ul>\n<\/li>\n<\/ul>\n<h3><strong>Fonctionnalit\u00e9s :<\/strong><\/h3>\n<ul>\n<li>Trois programmes de caf\u00e9 pr\u00e9-s\u00e9lectionn\u00e9s :\n<ul>\n<li><strong>Ristretto:<\/strong> 25 ml.<\/li>\n<li><strong>Espresso:<\/strong> 40 ml.<\/li>\n<li><strong>Lungo:<\/strong> 110 ml.<\/li>\n<\/ul>\n<\/li>\n<\/ul>\n<h3><span class=\"fontstyle0\"><strong>Caract\u00e9ristiques :<\/strong><\/span><\/h3>\n<ul>\n<li><span class=\"fontstyle0\">Dimensions : 19(L) x 39,9(L) x 31,3(H) cm<\/span><\/li>\n<li><span class=\"fontstyle0\">Capacit\u00e9 du r\u00e9servoir d\u2019eau : 2L<\/span><\/li>\n<li><span class=\"fontstyle0\">Poids : 7 kg<\/span><\/li>\n<li><span class=\"fontstyle0\">Puissance : jusqu\u2019\u00e0 1860 Watts<\/span><\/li>\n<li><span class=\"fontstyle0\">Pression : jusqu\u2019\u00e0 19 bar<\/span><\/li>\n<\/ul>\n<p>&nbsp;<\/p>","protected":false},"excerpt":{"rendered":"<h5><strong>Machine \u00e0 Caf\u00e9 Professionnelle Nespresso \u2013 Sophistication et Efficacit\u00e9 dans Chaque Tasse<\/strong><\/h5>\n<p>Impressionnez vos invit\u00e9s avec une machine \u00e0 caf\u00e9 de qualit\u00e9 professionnelle qui allie performance et style.<\/p>\n<h6><strong>Ce qui est inclus :<\/strong><\/h6>\n<ul>\n<li><strong>Kit de caf\u00e9 Nespresso :<\/strong> 300 doses de caf\u00e9 Nespresso, 300 gobelets, 300 sachets de sucre et 300 spatules en bois.<\/li>\n<\/ul>\n<p>\u00c9l\u00e9gante, efficace et \u00e9co-responsable, cette prestation est id\u00e9ale pour sublimer l\u2019offre de caf\u00e9 de votre \u00e9v\u00e9nement.<\/p>","protected":false},"featured_media":517,"comment_status":"open","ping_status":"closed","template":"","meta":{"_acf_changed":false},"product_brand":[],"product_cat":[46],"product_tag":[],"class_list":{"0":"post-105","1":"product","2":"type-product","3":"status-publish","4":"has-post-thumbnail","6":"product_cat-coffee-machine","8":"first","9":"instock","10":"taxable","11":"shipping-taxable","12":"purchasable","13":"product-type-simple"},"acf":[],"yoast_head":"<!-- This site is optimized with the Yoast SEO plugin v26.7 - https:\/\/yoast.com\/wordpress\/plugins\/seo\/ -->\n<title>Machine \u00e0 caf\u00e9 Professionnel Kit 300 caf\u00e9s - Essence France<\/title>\n<meta name=\"description\" content=\"D\u00e9couvrez notre service de Machine \u00e0 Caf\u00e9 Professionnelle avec Kit Caf\u00e9s en location, la solution pour vos \u00e9v\u00e9nements avec un \u00e9quipement de haute qualit\u00e9.\" \/>\n<meta name=\"robots\" content=\"index, follow, max-snippet:-1, max-image-preview:large, max-video-preview:-1\" \/>\n<link rel=\"canonical\" href=\"https:\/\/www.essence-france.com\/fr\/produit\/machine-a-cafe-professionnel-kit-300-cafes\/\" \/>\n<meta property=\"og:locale\" content=\"fr_FR\" \/>\n<meta property=\"og:type\" content=\"article\" \/>\n<meta property=\"og:title\" content=\"Machine \u00e0 caf\u00e9 Professionnel Kit 300 caf\u00e9s - Essence France\" \/>\n<meta property=\"og:description\" content=\"D\u00e9couvrez notre service de Machine \u00e0 Caf\u00e9 Professionnelle avec Kit Caf\u00e9s en location, la solution pour vos \u00e9v\u00e9nements avec un \u00e9quipement de haute qualit\u00e9.\" \/>\n<meta property=\"og:url\" content=\"https:\/\/www.essence-france.com\/fr\/produit\/machine-a-cafe-professionnel-kit-300-cafes\/\" \/>\n<meta property=\"og:site_name\" content=\"Essence France\" \/>\n<meta property=\"article:modified_time\" content=\"2026-03-31T06:52:02+00:00\" \/>\n<meta property=\"og:image\" content=\"https:\/\/www.essence-france.com\/wp-content\/uploads\/2024\/04\/Nespresso-Zenius-kit-300-coffees.webp\" \/>\n\t<meta property=\"og:image:width\" content=\"900\" \/>\n\t<meta property=\"og:image:height\" content=\"900\" \/>\n\t<meta property=\"og:image:type\" content=\"image\/webp\" \/>\n<meta name=\"twitter:card\" content=\"summary_large_image\" \/>\n<meta name=\"twitter:label1\" content=\"Dur\u00e9e de lecture estim\u00e9e\" \/>\n\t<meta name=\"twitter:data1\" content=\"1 minute\" \/>\n<script type=\"application\/ld+json\" class=\"yoast-schema-graph\">{\"@context\":\"https:\/\/schema.org\",\"@graph\":[{\"@type\":\"WebPage\",\"@id\":\"https:\/\/www.essence-france.com\/en\/product\/machine-a-cafe-professionnel-kit-300-cafes\/\",\"url\":\"https:\/\/www.essence-france.com\/en\/product\/machine-a-cafe-professionnel-kit-300-cafes\/\",\"name\":\"Machine \u00e0 caf\u00e9 Professionnel Kit 300 caf\u00e9s - Essence France\",\"isPartOf\":{\"@id\":\"https:\/\/www.essence-france.com\/en\/#website\"},\"primaryImageOfPage\":{\"@id\":\"https:\/\/www.essence-france.com\/en\/product\/machine-a-cafe-professionnel-kit-300-cafes\/#primaryimage\"},\"image\":{\"@id\":\"https:\/\/www.essence-france.com\/en\/product\/machine-a-cafe-professionnel-kit-300-cafes\/#primaryimage\"},\"thumbnailUrl\":\"https:\/\/www.essence-france.com\/wp-content\/uploads\/2024\/04\/Nespresso-Zenius-kit-300-coffees.webp\",\"datePublished\":\"2024-04-26T17:53:46+00:00\",\"dateModified\":\"2026-03-31T06:52:02+00:00\",\"description\":\"D\u00e9couvrez notre service de Machine \u00e0 Caf\u00e9 Professionnelle avec Kit Caf\u00e9s en location, la solution pour vos \u00e9v\u00e9nements avec un \u00e9quipement de haute qualit\u00e9.\",\"breadcrumb\":{\"@id\":\"https:\/\/www.essence-france.com\/en\/product\/machine-a-cafe-professionnel-kit-300-cafes\/#breadcrumb\"},\"inLanguage\":\"fr-FR\",\"potentialAction\":[{\"@type\":\"ReadAction\",\"target\":[\"https:\/\/www.essence-france.com\/en\/product\/machine-a-cafe-professionnel-kit-300-cafes\/\"]}]},{\"@type\":\"ImageObject\",\"inLanguage\":\"fr-FR\",\"@id\":\"https:\/\/www.essence-france.com\/en\/product\/machine-a-cafe-professionnel-kit-300-cafes\/#primaryimage\",\"url\":\"https:\/\/www.essence-france.com\/wp-content\/uploads\/2024\/04\/Nespresso-Zenius-kit-300-coffees.webp\",\"contentUrl\":\"https:\/\/www.essence-france.com\/wp-content\/uploads\/2024\/04\/Nespresso-Zenius-kit-300-coffees.webp\",\"width\":900,\"height\":900},{\"@type\":\"BreadcrumbList\",\"@id\":\"https:\/\/www.essence-france.com\/en\/product\/machine-a-cafe-professionnel-kit-300-cafes\/#breadcrumb\",\"itemListElement\":[{\"@type\":\"ListItem\",\"position\":1,\"name\":\"Accueil\",\"item\":\"https:\/\/www.essence-france.com\/en\/\"},{\"@type\":\"ListItem\",\"position\":2,\"name\":\"Shop\",\"item\":\"https:\/\/www.essence-france.com\/en\/boutique\/\"},{\"@type\":\"ListItem\",\"position\":3,\"name\":\"Nespresso Professional coffee machine with kit 300 coffees\"}]},{\"@type\":\"WebSite\",\"@id\":\"https:\/\/www.essence-france.com\/en\/#website\",\"url\":\"https:\/\/www.essence-france.com\/en\/\",\"name\":\"Essence France\",\"description\":\"\",\"publisher\":{\"@id\":\"https:\/\/www.essence-france.com\/en\/#organization\"},\"potentialAction\":[{\"@type\":\"SearchAction\",\"target\":{\"@type\":\"EntryPoint\",\"urlTemplate\":\"https:\/\/www.essence-france.com\/en\/?s={search_term_string}\"},\"query-input\":{\"@type\":\"PropertyValueSpecification\",\"valueRequired\":true,\"valueName\":\"search_term_string\"}}],\"inLanguage\":\"fr-FR\"},{\"@type\":\"Organization\",\"@id\":\"https:\/\/www.essence-france.com\/en\/#organization\",\"name\":\"Essence France\",\"url\":\"https:\/\/www.essence-france.com\/en\/\",\"logo\":{\"@type\":\"ImageObject\",\"inLanguage\":\"fr-FR\",\"@id\":\"https:\/\/www.essence-france.com\/en\/#\/schema\/logo\/image\/\",\"url\":\"https:\/\/www.essence-france.com\/wp-content\/uploads\/2024\/04\/Favicon.png\",\"contentUrl\":\"https:\/\/www.essence-france.com\/wp-content\/uploads\/2024\/04\/Favicon.png\",\"width\":507,\"height\":514,\"caption\":\"Essence France\"},\"image\":{\"@id\":\"https:\/\/www.essence-france.com\/en\/#\/schema\/logo\/image\/\"},\"sameAs\":[\"https:\/\/www.instagram.com\/essence_france\/\",\"https:\/\/www.linkedin.com\/company\/essencefrance\"]}]}<\/script>\n<!-- \/ Yoast SEO plugin. -->","yoast_head_json":{"title":"Machine \u00e0 caf\u00e9 Professionnel Kit 300 caf\u00e9s - Essence France","description":"D\u00e9couvrez notre service de Machine \u00e0 Caf\u00e9 Professionnelle avec Kit Caf\u00e9s en location, la solution pour vos \u00e9v\u00e9nements avec un \u00e9quipement de haute qualit\u00e9.","robots":{"index":"index","follow":"follow","max-snippet":"max-snippet:-1","max-image-preview":"max-image-preview:large","max-video-preview":"max-video-preview:-1"},"canonical":"https:\/\/www.essence-france.com\/fr\/produit\/machine-a-cafe-professionnel-kit-300-cafes\/","og_locale":"fr_FR","og_type":"article","og_title":"Machine \u00e0 caf\u00e9 Professionnel Kit 300 caf\u00e9s - Essence France","og_description":"D\u00e9couvrez notre service de Machine \u00e0 Caf\u00e9 Professionnelle avec Kit Caf\u00e9s en location, la solution pour vos \u00e9v\u00e9nements avec un \u00e9quipement de haute qualit\u00e9.","og_url":"https:\/\/www.essence-france.com\/fr\/produit\/machine-a-cafe-professionnel-kit-300-cafes\/","og_site_name":"Essence France","article_modified_time":"2026-03-31T06:52:02+00:00","og_image":[{"width":900,"height":900,"url":"https:\/\/www.essence-france.com\/wp-content\/uploads\/2024\/04\/Nespresso-Zenius-kit-300-coffees.webp","type":"image\/webp"}],"twitter_card":"summary_large_image","twitter_misc":{"Dur\u00e9e de lecture estim\u00e9e":"1 minute"},"schema":{"@context":"https:\/\/schema.org","@graph":[{"@type":"WebPage","@id":"https:\/\/www.essence-france.com\/en\/product\/machine-a-cafe-professionnel-kit-300-cafes\/","url":"https:\/\/www.essence-france.com\/en\/product\/machine-a-cafe-professionnel-kit-300-cafes\/","name":"Machine \u00e0 caf\u00e9 Professionnel Kit 300 caf\u00e9s - Essence France","isPartOf":{"@id":"https:\/\/www.essence-france.com\/en\/#website"},"primaryImageOfPage":{"@id":"https:\/\/www.essence-france.com\/en\/product\/machine-a-cafe-professionnel-kit-300-cafes\/#primaryimage"},"image":{"@id":"https:\/\/www.essence-france.com\/en\/product\/machine-a-cafe-professionnel-kit-300-cafes\/#primaryimage"},"thumbnailUrl":"https:\/\/www.essence-france.com\/wp-content\/uploads\/2024\/04\/Nespresso-Zenius-kit-300-coffees.webp","datePublished":"2024-04-26T17:53:46+00:00","dateModified":"2026-03-31T06:52:02+00:00","description":"D\u00e9couvrez notre service de Machine \u00e0 Caf\u00e9 Professionnelle avec Kit Caf\u00e9s en location, la solution pour vos \u00e9v\u00e9nements avec un \u00e9quipement de haute qualit\u00e9.","breadcrumb":{"@id":"https:\/\/www.essence-france.com\/en\/product\/machine-a-cafe-professionnel-kit-300-cafes\/#breadcrumb"},"inLanguage":"fr-FR","potentialAction":[{"@type":"ReadAction","target":["https:\/\/www.essence-france.com\/en\/product\/machine-a-cafe-professionnel-kit-300-cafes\/"]}]},{"@type":"ImageObject","inLanguage":"fr-FR","@id":"https:\/\/www.essence-france.com\/en\/product\/machine-a-cafe-professionnel-kit-300-cafes\/#primaryimage","url":"https:\/\/www.essence-france.com\/wp-content\/uploads\/2024\/04\/Nespresso-Zenius-kit-300-coffees.webp","contentUrl":"https:\/\/www.essence-france.com\/wp-content\/uploads\/2024\/04\/Nespresso-Zenius-kit-300-coffees.webp","width":900,"height":900},{"@type":"BreadcrumbList","@id":"https:\/\/www.essence-france.com\/en\/product\/machine-a-cafe-professionnel-kit-300-cafes\/#breadcrumb","itemListElement":[{"@type":"ListItem","position":1,"name":"Accueil","item":"https:\/\/www.essence-france.com\/en\/"},{"@type":"ListItem","position":2,"name":"Shop","item":"https:\/\/www.essence-france.com\/en\/boutique\/"},{"@type":"ListItem","position":3,"name":"Nespresso Professional coffee machine with kit 300 coffees"}]},{"@type":"WebSite","@id":"https:\/\/www.essence-france.com\/en\/#website","url":"https:\/\/www.essence-france.com\/en\/","name":"Essence France","description":"","publisher":{"@id":"https:\/\/www.essence-france.com\/en\/#organization"},"potentialAction":[{"@type":"SearchAction","target":{"@type":"EntryPoint","urlTemplate":"https:\/\/www.essence-france.com\/en\/?s={search_term_string}"},"query-input":{"@type":"PropertyValueSpecification","valueRequired":true,"valueName":"search_term_string"}}],"inLanguage":"fr-FR"},{"@type":"Organization","@id":"https:\/\/www.essence-france.com\/en\/#organization","name":"Essence France","url":"https:\/\/www.essence-france.com\/en\/","logo":{"@type":"ImageObject","inLanguage":"fr-FR","@id":"https:\/\/www.essence-france.com\/en\/#\/schema\/logo\/image\/","url":"https:\/\/www.essence-france.com\/wp-content\/uploads\/2024\/04\/Favicon.png","contentUrl":"https:\/\/www.essence-france.com\/wp-content\/uploads\/2024\/04\/Favicon.png","width":507,"height":514,"caption":"Essence France"},"image":{"@id":"https:\/\/www.essence-france.com\/en\/#\/schema\/logo\/image\/"},"sameAs":["https:\/\/www.instagram.com\/essence_france\/","https:\/\/www.linkedin.com\/company\/essencefrance"]}]}},"_links":{"self":[{"href":"https:\/\/www.essence-france.com\/fr\/wp-json\/wp\/v2\/product\/105","targetHints":{"allow":["GET"]}}],"collection":[{"href":"https:\/\/www.essence-france.com\/fr\/wp-json\/wp\/v2\/product"}],"about":[{"href":"https:\/\/www.essence-france.com\/fr\/wp-json\/wp\/v2\/types\/product"}],"replies":[{"embeddable":true,"href":"https:\/\/www.essence-france.com\/fr\/wp-json\/wp\/v2\/comments?post=105"}],"wp:featuredmedia":[{"embeddable":true,"href":"https:\/\/www.essence-france.com\/fr\/wp-json\/wp\/v2\/media\/517"}],"wp:attachment":[{"href":"https:\/\/www.essence-france.com\/fr\/wp-json\/wp\/v2\/media?parent=105"}],"wp:term":[{"taxonomy":"product_brand","embeddable":true,"href":"https:\/\/www.essence-france.com\/fr\/wp-json\/wp\/v2\/product_brand?post=105"},{"taxonomy":"product_cat","embeddable":true,"href":"https:\/\/www.essence-france.com\/fr\/wp-json\/wp\/v2\/product_cat?post=105"},{"taxonomy":"product_tag","embeddable":true,"href":"https:\/\/www.essence-france.com\/fr\/wp-json\/wp\/v2\/product_tag?post=105"}],"curies":[{"name":"wp","href":"https:\/\/api.w.org\/{rel}","templated":true}]}}