{"id":106,"date":"2024-04-26T17:54:53","date_gmt":"2024-04-26T17:54:53","guid":{"rendered":"https:\/\/www.essence-france.com\/?post_type=product&#038;p=106"},"modified":"2026-03-31T06:55:54","modified_gmt":"2026-03-31T06:55:54","slug":"kit-300-cafes-nespresso","status":"publish","type":"product","link":"https:\/\/www.essence-france.com\/fr\/produit\/kit-300-cafes-nespresso\/","title":{"rendered":"Kit 300 caf\u00e9s Nespresso"},"content":{"rendered":"<p>D\u00e9couvrez notre <strong>service Kit 300 Nespresso Caf\u00e9s<\/strong>, con\u00e7u pour offrir une exp\u00e9rience de caf\u00e9 haut de gamme avec une s\u00e9lection compl\u00e8te d\u2019\u00e9quipements de qualit\u00e9. Parfait pour des \u00e9v\u00e9nements de toutes tailles, ce service garantit \u00e0 vos invit\u00e9s un excellent caf\u00e9. Dans le cadre de notre responsabilit\u00e9 \u00e9cologique, nous nous engageons \u00e0 collecter les consommables restants \u00e0 la fin de l\u2019\u00e9v\u00e9nement.<\/p>\n<h3><strong>Inclus dans le pack :<\/strong><\/h3>\n<ul>\n<li><strong>300 doses de caf\u00e9 Nespresso<\/strong> pour une exp\u00e9rience de caf\u00e9 riche et aromatique.<\/li>\n<li><strong>300 gobelets<\/strong> pour un service pratique.<\/li>\n<li><strong>300 sachets de sucre<\/strong> pour satisfaire toutes les pr\u00e9f\u00e9rences.<\/li>\n<li><strong>300 spatules en bois<\/strong> ,des agitateurs \u00e9co-responsables.<\/li>\n<\/ul>\n<p>Une solution compl\u00e8te pour le caf\u00e9, sp\u00e9cialement con\u00e7ue pour sublimer votre \u00e9v\u00e9nement.<\/p>","protected":false},"excerpt":{"rendered":"<p>D\u00e9couvrez notre <strong>service Kit 300 Nespresso Caf\u00e9s<\/strong>, comprenant :<\/p>\n<ul>\n<li>300 doses de caf\u00e9 Nespresso<\/li>\n<li>300 gobelets<\/li>\n<li>300 sachets de sucre<\/li>\n<li>300 spatules en bois<\/li>\n<\/ul>","protected":false},"featured_media":769,"comment_status":"open","ping_status":"closed","template":"","meta":{"_acf_changed":false},"product_brand":[],"product_cat":[46],"product_tag":[],"class_list":{"0":"post-106","1":"product","2":"type-product","3":"status-publish","4":"has-post-thumbnail","6":"product_cat-coffee-machine","8":"first","9":"instock","10":"taxable","11":"shipping-taxable","12":"purchasable","13":"product-type-simple"},"acf":[],"yoast_head":"<!-- This site is optimized with the Yoast SEO plugin v26.7 - https:\/\/yoast.com\/wordpress\/plugins\/seo\/ -->\n<title>Kit 300 Caf\u00e9s Nespresso - Essence France<\/title>\n<meta name=\"description\" content=\"D\u00e9couvrez notre service Kit 300 Caf\u00e9s Nespresso pour accompagner votre machine \u00e0 caf\u00e9 Nespresso.\" \/>\n<meta name=\"robots\" content=\"index, follow, max-snippet:-1, max-image-preview:large, max-video-preview:-1\" \/>\n<link rel=\"canonical\" href=\"https:\/\/www.essence-france.com\/fr\/produit\/kit-300-cafes-nespresso\/\" \/>\n<meta property=\"og:locale\" content=\"fr_FR\" \/>\n<meta property=\"og:type\" content=\"article\" \/>\n<meta property=\"og:title\" content=\"Kit 300 Caf\u00e9s Nespresso - Essence France\" \/>\n<meta property=\"og:description\" content=\"D\u00e9couvrez notre service Kit 300 Caf\u00e9s Nespresso pour accompagner votre machine \u00e0 caf\u00e9 Nespresso.\" \/>\n<meta property=\"og:url\" content=\"https:\/\/www.essence-france.com\/fr\/produit\/kit-300-cafes-nespresso\/\" \/>\n<meta property=\"og:site_name\" content=\"Essence France\" \/>\n<meta property=\"article:modified_time\" content=\"2026-03-31T06:55:54+00:00\" \/>\n<meta property=\"og:image\" content=\"https:\/\/www.essence-france.com\/wp-content\/uploads\/2024\/04\/Kit-300-Nespresso-coffees-1.webp\" \/>\n\t<meta property=\"og:image:width\" content=\"1200\" \/>\n\t<meta property=\"og:image:height\" content=\"1200\" \/>\n\t<meta property=\"og:image:type\" content=\"image\/webp\" \/>\n<meta name=\"twitter:card\" content=\"summary_large_image\" \/>\n<meta name=\"twitter:label1\" content=\"Dur\u00e9e de lecture estim\u00e9e\" \/>\n\t<meta name=\"twitter:data1\" content=\"1 minute\" \/>\n<script type=\"application\/ld+json\" class=\"yoast-schema-graph\">{\"@context\":\"https:\/\/schema.org\",\"@graph\":[{\"@type\":\"WebPage\",\"@id\":\"https:\/\/www.essence-france.com\/en\/product\/kit-300-cafes-nespresso\/\",\"url\":\"https:\/\/www.essence-france.com\/en\/product\/kit-300-cafes-nespresso\/\",\"name\":\"Kit 300 Caf\u00e9s Nespresso - Essence France\",\"isPartOf\":{\"@id\":\"https:\/\/www.essence-france.com\/en\/#website\"},\"primaryImageOfPage\":{\"@id\":\"https:\/\/www.essence-france.com\/en\/product\/kit-300-cafes-nespresso\/#primaryimage\"},\"image\":{\"@id\":\"https:\/\/www.essence-france.com\/en\/product\/kit-300-cafes-nespresso\/#primaryimage\"},\"thumbnailUrl\":\"https:\/\/www.essence-france.com\/wp-content\/uploads\/2024\/04\/Kit-300-Nespresso-coffees-1.webp\",\"datePublished\":\"2024-04-26T17:54:53+00:00\",\"dateModified\":\"2026-03-31T06:55:54+00:00\",\"description\":\"D\u00e9couvrez notre service Kit 300 Caf\u00e9s Nespresso pour accompagner votre machine \u00e0 caf\u00e9 Nespresso.\",\"breadcrumb\":{\"@id\":\"https:\/\/www.essence-france.com\/en\/product\/kit-300-cafes-nespresso\/#breadcrumb\"},\"inLanguage\":\"fr-FR\",\"potentialAction\":[{\"@type\":\"ReadAction\",\"target\":[\"https:\/\/www.essence-france.com\/en\/product\/kit-300-cafes-nespresso\/\"]}]},{\"@type\":\"ImageObject\",\"inLanguage\":\"fr-FR\",\"@id\":\"https:\/\/www.essence-france.com\/en\/product\/kit-300-cafes-nespresso\/#primaryimage\",\"url\":\"https:\/\/www.essence-france.com\/wp-content\/uploads\/2024\/04\/Kit-300-Nespresso-coffees-1.webp\",\"contentUrl\":\"https:\/\/www.essence-france.com\/wp-content\/uploads\/2024\/04\/Kit-300-Nespresso-coffees-1.webp\",\"width\":1200,\"height\":1200},{\"@type\":\"BreadcrumbList\",\"@id\":\"https:\/\/www.essence-france.com\/en\/product\/kit-300-cafes-nespresso\/#breadcrumb\",\"itemListElement\":[{\"@type\":\"ListItem\",\"position\":1,\"name\":\"Accueil\",\"item\":\"https:\/\/www.essence-france.com\/en\/\"},{\"@type\":\"ListItem\",\"position\":2,\"name\":\"Shop\",\"item\":\"https:\/\/www.essence-france.com\/en\/boutique\/\"},{\"@type\":\"ListItem\",\"position\":3,\"name\":\"Kit 300 Nespresso coffees\"}]},{\"@type\":\"WebSite\",\"@id\":\"https:\/\/www.essence-france.com\/en\/#website\",\"url\":\"https:\/\/www.essence-france.com\/en\/\",\"name\":\"Essence France\",\"description\":\"\",\"publisher\":{\"@id\":\"https:\/\/www.essence-france.com\/en\/#organization\"},\"potentialAction\":[{\"@type\":\"SearchAction\",\"target\":{\"@type\":\"EntryPoint\",\"urlTemplate\":\"https:\/\/www.essence-france.com\/en\/?s={search_term_string}\"},\"query-input\":{\"@type\":\"PropertyValueSpecification\",\"valueRequired\":true,\"valueName\":\"search_term_string\"}}],\"inLanguage\":\"fr-FR\"},{\"@type\":\"Organization\",\"@id\":\"https:\/\/www.essence-france.com\/en\/#organization\",\"name\":\"Essence France\",\"url\":\"https:\/\/www.essence-france.com\/en\/\",\"logo\":{\"@type\":\"ImageObject\",\"inLanguage\":\"fr-FR\",\"@id\":\"https:\/\/www.essence-france.com\/en\/#\/schema\/logo\/image\/\",\"url\":\"https:\/\/www.essence-france.com\/wp-content\/uploads\/2024\/04\/Favicon.png\",\"contentUrl\":\"https:\/\/www.essence-france.com\/wp-content\/uploads\/2024\/04\/Favicon.png\",\"width\":507,\"height\":514,\"caption\":\"Essence France\"},\"image\":{\"@id\":\"https:\/\/www.essence-france.com\/en\/#\/schema\/logo\/image\/\"},\"sameAs\":[\"https:\/\/www.instagram.com\/essence_france\/\",\"https:\/\/www.linkedin.com\/company\/essencefrance\"]}]}<\/script>\n<!-- \/ Yoast SEO plugin. -->","yoast_head_json":{"title":"Kit 300 Caf\u00e9s Nespresso - Essence France","description":"D\u00e9couvrez notre service Kit 300 Caf\u00e9s Nespresso pour accompagner votre machine \u00e0 caf\u00e9 Nespresso.","robots":{"index":"index","follow":"follow","max-snippet":"max-snippet:-1","max-image-preview":"max-image-preview:large","max-video-preview":"max-video-preview:-1"},"canonical":"https:\/\/www.essence-france.com\/fr\/produit\/kit-300-cafes-nespresso\/","og_locale":"fr_FR","og_type":"article","og_title":"Kit 300 Caf\u00e9s Nespresso - Essence France","og_description":"D\u00e9couvrez notre service Kit 300 Caf\u00e9s Nespresso pour accompagner votre machine \u00e0 caf\u00e9 Nespresso.","og_url":"https:\/\/www.essence-france.com\/fr\/produit\/kit-300-cafes-nespresso\/","og_site_name":"Essence France","article_modified_time":"2026-03-31T06:55:54+00:00","og_image":[{"width":1200,"height":1200,"url":"https:\/\/www.essence-france.com\/wp-content\/uploads\/2024\/04\/Kit-300-Nespresso-coffees-1.webp","type":"image\/webp"}],"twitter_card":"summary_large_image","twitter_misc":{"Dur\u00e9e de lecture estim\u00e9e":"1 minute"},"schema":{"@context":"https:\/\/schema.org","@graph":[{"@type":"WebPage","@id":"https:\/\/www.essence-france.com\/en\/product\/kit-300-cafes-nespresso\/","url":"https:\/\/www.essence-france.com\/en\/product\/kit-300-cafes-nespresso\/","name":"Kit 300 Caf\u00e9s Nespresso - Essence France","isPartOf":{"@id":"https:\/\/www.essence-france.com\/en\/#website"},"primaryImageOfPage":{"@id":"https:\/\/www.essence-france.com\/en\/product\/kit-300-cafes-nespresso\/#primaryimage"},"image":{"@id":"https:\/\/www.essence-france.com\/en\/product\/kit-300-cafes-nespresso\/#primaryimage"},"thumbnailUrl":"https:\/\/www.essence-france.com\/wp-content\/uploads\/2024\/04\/Kit-300-Nespresso-coffees-1.webp","datePublished":"2024-04-26T17:54:53+00:00","dateModified":"2026-03-31T06:55:54+00:00","description":"D\u00e9couvrez notre service Kit 300 Caf\u00e9s Nespresso pour accompagner votre machine \u00e0 caf\u00e9 Nespresso.","breadcrumb":{"@id":"https:\/\/www.essence-france.com\/en\/product\/kit-300-cafes-nespresso\/#breadcrumb"},"inLanguage":"fr-FR","potentialAction":[{"@type":"ReadAction","target":["https:\/\/www.essence-france.com\/en\/product\/kit-300-cafes-nespresso\/"]}]},{"@type":"ImageObject","inLanguage":"fr-FR","@id":"https:\/\/www.essence-france.com\/en\/product\/kit-300-cafes-nespresso\/#primaryimage","url":"https:\/\/www.essence-france.com\/wp-content\/uploads\/2024\/04\/Kit-300-Nespresso-coffees-1.webp","contentUrl":"https:\/\/www.essence-france.com\/wp-content\/uploads\/2024\/04\/Kit-300-Nespresso-coffees-1.webp","width":1200,"height":1200},{"@type":"BreadcrumbList","@id":"https:\/\/www.essence-france.com\/en\/product\/kit-300-cafes-nespresso\/#breadcrumb","itemListElement":[{"@type":"ListItem","position":1,"name":"Accueil","item":"https:\/\/www.essence-france.com\/en\/"},{"@type":"ListItem","position":2,"name":"Shop","item":"https:\/\/www.essence-france.com\/en\/boutique\/"},{"@type":"ListItem","position":3,"name":"Kit 300 Nespresso coffees"}]},{"@type":"WebSite","@id":"https:\/\/www.essence-france.com\/en\/#website","url":"https:\/\/www.essence-france.com\/en\/","name":"Essence France","description":"","publisher":{"@id":"https:\/\/www.essence-france.com\/en\/#organization"},"potentialAction":[{"@type":"SearchAction","target":{"@type":"EntryPoint","urlTemplate":"https:\/\/www.essence-france.com\/en\/?s={search_term_string}"},"query-input":{"@type":"PropertyValueSpecification","valueRequired":true,"valueName":"search_term_string"}}],"inLanguage":"fr-FR"},{"@type":"Organization","@id":"https:\/\/www.essence-france.com\/en\/#organization","name":"Essence France","url":"https:\/\/www.essence-france.com\/en\/","logo":{"@type":"ImageObject","inLanguage":"fr-FR","@id":"https:\/\/www.essence-france.com\/en\/#\/schema\/logo\/image\/","url":"https:\/\/www.essence-france.com\/wp-content\/uploads\/2024\/04\/Favicon.png","contentUrl":"https:\/\/www.essence-france.com\/wp-content\/uploads\/2024\/04\/Favicon.png","width":507,"height":514,"caption":"Essence France"},"image":{"@id":"https:\/\/www.essence-france.com\/en\/#\/schema\/logo\/image\/"},"sameAs":["https:\/\/www.instagram.com\/essence_france\/","https:\/\/www.linkedin.com\/company\/essencefrance"]}]}},"_links":{"self":[{"href":"https:\/\/www.essence-france.com\/fr\/wp-json\/wp\/v2\/product\/106","targetHints":{"allow":["GET"]}}],"collection":[{"href":"https:\/\/www.essence-france.com\/fr\/wp-json\/wp\/v2\/product"}],"about":[{"href":"https:\/\/www.essence-france.com\/fr\/wp-json\/wp\/v2\/types\/product"}],"replies":[{"embeddable":true,"href":"https:\/\/www.essence-france.com\/fr\/wp-json\/wp\/v2\/comments?post=106"}],"wp:featuredmedia":[{"embeddable":true,"href":"https:\/\/www.essence-france.com\/fr\/wp-json\/wp\/v2\/media\/769"}],"wp:attachment":[{"href":"https:\/\/www.essence-france.com\/fr\/wp-json\/wp\/v2\/media?parent=106"}],"wp:term":[{"taxonomy":"product_brand","embeddable":true,"href":"https:\/\/www.essence-france.com\/fr\/wp-json\/wp\/v2\/product_brand?post=106"},{"taxonomy":"product_cat","embeddable":true,"href":"https:\/\/www.essence-france.com\/fr\/wp-json\/wp\/v2\/product_cat?post=106"},{"taxonomy":"product_tag","embeddable":true,"href":"https:\/\/www.essence-france.com\/fr\/wp-json\/wp\/v2\/product_tag?post=106"}],"curies":[{"name":"wp","href":"https:\/\/api.w.org\/{rel}","templated":true}]}}