{"id":108,"date":"2024-04-26T17:56:16","date_gmt":"2024-04-26T17:56:16","guid":{"rendered":"https:\/\/www.essence-france.com\/?post_type=product&#038;p=108"},"modified":"2026-03-31T06:51:53","modified_gmt":"2026-03-31T06:51:53","slug":"machine-a-cafe-domestique","status":"publish","type":"product","link":"https:\/\/www.essence-france.com\/fr\/produit\/machine-a-cafe-domestique\/","title":{"rendered":"Lavazza coffee machine with kit 200 Lavazza coffees"},"content":{"rendered":"<p>D\u00e9couvrez notre <strong>service Machine \u00e0 Caf\u00e9 Domestique<\/strong>, con\u00e7u pour sublimer vos \u00e9v\u00e9nements avec un \u00e9quipement de qualit\u00e9 et une commodit\u00e9 exceptionnelle. Ce service de location est id\u00e9al pour cr\u00e9er des moments caf\u00e9 m\u00e9morables durant votre \u00e9v\u00e9nement. Dans le cadre de notre engagement en faveur de la durabilit\u00e9, nous assurons la collecte des consommables restants \u00e0 la fin de l\u2019\u00e9v\u00e9nement.<\/p>\n<h3><strong>Inclus dans le pack :<\/strong><\/h3>\n<ul>\n<li><strong>200 doses de caf\u00e9 Lavazza<\/strong> pour une exp\u00e9rience caf\u00e9 haut de gamme<\/li>\n<li><strong>200 gobelets<\/strong> pour un service fluide<\/li>\n<li><strong>200 sachets de sucre<\/strong> pour satisfaire toutes les pr\u00e9f\u00e9rences de douceur<\/li>\n<li class=\"translation-block\"><strong>200 spatules en bois<\/strong> comme agitateur \u00e9cologique<\/li>\n<\/ul>\n<p>Sublimez votre \u00e9v\u00e9nement avec cette solution caf\u00e9 tout-en-un.<\/p>","protected":false},"excerpt":{"rendered":"<p>D\u00e9couvrez notre <strong>service Machine \u00e0 Caf\u00e9 Domestique<\/strong>une solution tout-en-un pour votre \u00e9v\u00e9nement, incluant :<\/p>\n<ul>\n<li>200 doses de caf\u00e9 Lavazza<\/li>\n<li>200 gobelets<\/li>\n<li>200 sachets de sucre<\/li>\n<li>200 spatules en bois<\/li>\n<\/ul>\n<p>&nbsp;<\/p>","protected":false},"featured_media":990,"comment_status":"open","ping_status":"closed","template":"","meta":{"_acf_changed":false},"product_brand":[],"product_cat":[46],"product_tag":[],"class_list":{"0":"post-108","1":"product","2":"type-product","3":"status-publish","4":"has-post-thumbnail","6":"product_cat-coffee-machine","8":"first","9":"instock","10":"taxable","11":"shipping-taxable","12":"purchasable","13":"product-type-simple"},"acf":[],"yoast_head":"<!-- This site is optimized with the Yoast SEO plugin v26.7 - https:\/\/yoast.com\/wordpress\/plugins\/seo\/ -->\n<title>Machine \u00e0 Caf\u00e9 Domestique - Essence France<\/title>\n<meta name=\"description\" content=\"D\u00e9couvrez notre service de Machine \u00e0 Caf\u00e9 Domestique en location, une solution compl\u00e8te pour vos \u00e9v\u00e9nements exclusifs.\" \/>\n<meta name=\"robots\" content=\"index, follow, max-snippet:-1, max-image-preview:large, max-video-preview:-1\" \/>\n<link rel=\"canonical\" href=\"http:\/\/www.essence-france.com\/fr\/produit\/machine-a-cafe-domestique\/\" \/>\n<meta property=\"og:locale\" content=\"fr_FR\" \/>\n<meta property=\"og:type\" content=\"article\" \/>\n<meta property=\"og:title\" content=\"Machine \u00e0 Caf\u00e9 Domestique - Essence France\" \/>\n<meta property=\"og:description\" content=\"D\u00e9couvrez notre service de Machine \u00e0 Caf\u00e9 Domestique en location, une solution compl\u00e8te pour vos \u00e9v\u00e9nements exclusifs.\" \/>\n<meta property=\"og:url\" content=\"http:\/\/www.essence-france.com\/fr\/produit\/machine-a-cafe-domestique\/\" \/>\n<meta property=\"og:site_name\" content=\"Essence France\" \/>\n<meta property=\"article:modified_time\" content=\"2026-03-31T06:51:53+00:00\" \/>\n<meta property=\"og:image\" content=\"http:\/\/www.essence-france.com\/wp-content\/uploads\/2024\/04\/Lavazaa-kit-150.png\" \/>\n\t<meta property=\"og:image:width\" content=\"1200\" \/>\n\t<meta property=\"og:image:height\" content=\"1200\" \/>\n\t<meta property=\"og:image:type\" content=\"image\/png\" \/>\n<meta name=\"twitter:card\" content=\"summary_large_image\" \/>\n<meta name=\"twitter:label1\" content=\"Dur\u00e9e de lecture estim\u00e9e\" \/>\n\t<meta name=\"twitter:data1\" content=\"1 minute\" \/>\n<script type=\"application\/ld+json\" class=\"yoast-schema-graph\">{\"@context\":\"https:\/\/schema.org\",\"@graph\":[{\"@type\":\"WebPage\",\"@id\":\"http:\/\/www.essence-france.com\/en\/product\/machine-a-cafe-domestique\/\",\"url\":\"http:\/\/www.essence-france.com\/en\/product\/machine-a-cafe-domestique\/\",\"name\":\"Machine \u00e0 Caf\u00e9 Domestique - Essence France\",\"isPartOf\":{\"@id\":\"https:\/\/www.essence-france.com\/en\/#website\"},\"primaryImageOfPage\":{\"@id\":\"http:\/\/www.essence-france.com\/en\/product\/machine-a-cafe-domestique\/#primaryimage\"},\"image\":{\"@id\":\"http:\/\/www.essence-france.com\/en\/product\/machine-a-cafe-domestique\/#primaryimage\"},\"thumbnailUrl\":\"https:\/\/www.essence-france.com\/wp-content\/uploads\/2024\/04\/Lavazaa-kit-150.png\",\"datePublished\":\"2024-04-26T17:56:16+00:00\",\"dateModified\":\"2026-03-31T06:51:53+00:00\",\"description\":\"D\u00e9couvrez notre service de Machine \u00e0 Caf\u00e9 Domestique en location, une solution compl\u00e8te pour vos \u00e9v\u00e9nements exclusifs.\",\"breadcrumb\":{\"@id\":\"http:\/\/www.essence-france.com\/en\/product\/machine-a-cafe-domestique\/#breadcrumb\"},\"inLanguage\":\"fr-FR\",\"potentialAction\":[{\"@type\":\"ReadAction\",\"target\":[\"http:\/\/www.essence-france.com\/en\/product\/machine-a-cafe-domestique\/\"]}]},{\"@type\":\"ImageObject\",\"inLanguage\":\"fr-FR\",\"@id\":\"http:\/\/www.essence-france.com\/en\/product\/machine-a-cafe-domestique\/#primaryimage\",\"url\":\"https:\/\/www.essence-france.com\/wp-content\/uploads\/2024\/04\/Lavazaa-kit-150.png\",\"contentUrl\":\"https:\/\/www.essence-france.com\/wp-content\/uploads\/2024\/04\/Lavazaa-kit-150.png\",\"width\":1200,\"height\":1200},{\"@type\":\"BreadcrumbList\",\"@id\":\"http:\/\/www.essence-france.com\/en\/product\/machine-a-cafe-domestique\/#breadcrumb\",\"itemListElement\":[{\"@type\":\"ListItem\",\"position\":1,\"name\":\"Accueil\",\"item\":\"https:\/\/www.essence-france.com\/en\/\"},{\"@type\":\"ListItem\",\"position\":2,\"name\":\"Shop\",\"item\":\"https:\/\/www.essence-france.com\/en\/boutique\/\"},{\"@type\":\"ListItem\",\"position\":3,\"name\":\"Lavazza coffee machine with kit 200 Lavazza coffees\"}]},{\"@type\":\"WebSite\",\"@id\":\"https:\/\/www.essence-france.com\/en\/#website\",\"url\":\"https:\/\/www.essence-france.com\/en\/\",\"name\":\"Essence France\",\"description\":\"\",\"publisher\":{\"@id\":\"https:\/\/www.essence-france.com\/en\/#organization\"},\"potentialAction\":[{\"@type\":\"SearchAction\",\"target\":{\"@type\":\"EntryPoint\",\"urlTemplate\":\"https:\/\/www.essence-france.com\/en\/?s={search_term_string}\"},\"query-input\":{\"@type\":\"PropertyValueSpecification\",\"valueRequired\":true,\"valueName\":\"search_term_string\"}}],\"inLanguage\":\"fr-FR\"},{\"@type\":\"Organization\",\"@id\":\"https:\/\/www.essence-france.com\/en\/#organization\",\"name\":\"Essence France\",\"url\":\"https:\/\/www.essence-france.com\/en\/\",\"logo\":{\"@type\":\"ImageObject\",\"inLanguage\":\"fr-FR\",\"@id\":\"https:\/\/www.essence-france.com\/en\/#\/schema\/logo\/image\/\",\"url\":\"https:\/\/www.essence-france.com\/wp-content\/uploads\/2024\/04\/Favicon.png\",\"contentUrl\":\"https:\/\/www.essence-france.com\/wp-content\/uploads\/2024\/04\/Favicon.png\",\"width\":507,\"height\":514,\"caption\":\"Essence France\"},\"image\":{\"@id\":\"https:\/\/www.essence-france.com\/en\/#\/schema\/logo\/image\/\"},\"sameAs\":[\"https:\/\/www.instagram.com\/essence_france\/\",\"https:\/\/www.linkedin.com\/company\/essencefrance\"]}]}<\/script>\n<!-- \/ Yoast SEO plugin. -->","yoast_head_json":{"title":"Machine \u00e0 Caf\u00e9 Domestique - Essence France","description":"D\u00e9couvrez notre service de Machine \u00e0 Caf\u00e9 Domestique en location, une solution compl\u00e8te pour vos \u00e9v\u00e9nements exclusifs.","robots":{"index":"index","follow":"follow","max-snippet":"max-snippet:-1","max-image-preview":"max-image-preview:large","max-video-preview":"max-video-preview:-1"},"canonical":"http:\/\/www.essence-france.com\/fr\/produit\/machine-a-cafe-domestique\/","og_locale":"fr_FR","og_type":"article","og_title":"Machine \u00e0 Caf\u00e9 Domestique - Essence France","og_description":"D\u00e9couvrez notre service de Machine \u00e0 Caf\u00e9 Domestique en location, une solution compl\u00e8te pour vos \u00e9v\u00e9nements exclusifs.","og_url":"http:\/\/www.essence-france.com\/fr\/produit\/machine-a-cafe-domestique\/","og_site_name":"Essence France","article_modified_time":"2026-03-31T06:51:53+00:00","og_image":[{"width":1200,"height":1200,"url":"http:\/\/www.essence-france.com\/wp-content\/uploads\/2024\/04\/Lavazaa-kit-150.png","type":"image\/png"}],"twitter_card":"summary_large_image","twitter_misc":{"Dur\u00e9e de lecture estim\u00e9e":"1 minute"},"schema":{"@context":"https:\/\/schema.org","@graph":[{"@type":"WebPage","@id":"http:\/\/www.essence-france.com\/en\/product\/machine-a-cafe-domestique\/","url":"http:\/\/www.essence-france.com\/en\/product\/machine-a-cafe-domestique\/","name":"Machine \u00e0 Caf\u00e9 Domestique - Essence France","isPartOf":{"@id":"https:\/\/www.essence-france.com\/en\/#website"},"primaryImageOfPage":{"@id":"http:\/\/www.essence-france.com\/en\/product\/machine-a-cafe-domestique\/#primaryimage"},"image":{"@id":"http:\/\/www.essence-france.com\/en\/product\/machine-a-cafe-domestique\/#primaryimage"},"thumbnailUrl":"https:\/\/www.essence-france.com\/wp-content\/uploads\/2024\/04\/Lavazaa-kit-150.png","datePublished":"2024-04-26T17:56:16+00:00","dateModified":"2026-03-31T06:51:53+00:00","description":"D\u00e9couvrez notre service de Machine \u00e0 Caf\u00e9 Domestique en location, une solution compl\u00e8te pour vos \u00e9v\u00e9nements exclusifs.","breadcrumb":{"@id":"http:\/\/www.essence-france.com\/en\/product\/machine-a-cafe-domestique\/#breadcrumb"},"inLanguage":"fr-FR","potentialAction":[{"@type":"ReadAction","target":["http:\/\/www.essence-france.com\/en\/product\/machine-a-cafe-domestique\/"]}]},{"@type":"ImageObject","inLanguage":"fr-FR","@id":"http:\/\/www.essence-france.com\/en\/product\/machine-a-cafe-domestique\/#primaryimage","url":"https:\/\/www.essence-france.com\/wp-content\/uploads\/2024\/04\/Lavazaa-kit-150.png","contentUrl":"https:\/\/www.essence-france.com\/wp-content\/uploads\/2024\/04\/Lavazaa-kit-150.png","width":1200,"height":1200},{"@type":"BreadcrumbList","@id":"http:\/\/www.essence-france.com\/en\/product\/machine-a-cafe-domestique\/#breadcrumb","itemListElement":[{"@type":"ListItem","position":1,"name":"Accueil","item":"https:\/\/www.essence-france.com\/en\/"},{"@type":"ListItem","position":2,"name":"Shop","item":"https:\/\/www.essence-france.com\/en\/boutique\/"},{"@type":"ListItem","position":3,"name":"Lavazza coffee machine with kit 200 Lavazza coffees"}]},{"@type":"WebSite","@id":"https:\/\/www.essence-france.com\/en\/#website","url":"https:\/\/www.essence-france.com\/en\/","name":"Essence France","description":"","publisher":{"@id":"https:\/\/www.essence-france.com\/en\/#organization"},"potentialAction":[{"@type":"SearchAction","target":{"@type":"EntryPoint","urlTemplate":"https:\/\/www.essence-france.com\/en\/?s={search_term_string}"},"query-input":{"@type":"PropertyValueSpecification","valueRequired":true,"valueName":"search_term_string"}}],"inLanguage":"fr-FR"},{"@type":"Organization","@id":"https:\/\/www.essence-france.com\/en\/#organization","name":"Essence France","url":"https:\/\/www.essence-france.com\/en\/","logo":{"@type":"ImageObject","inLanguage":"fr-FR","@id":"https:\/\/www.essence-france.com\/en\/#\/schema\/logo\/image\/","url":"https:\/\/www.essence-france.com\/wp-content\/uploads\/2024\/04\/Favicon.png","contentUrl":"https:\/\/www.essence-france.com\/wp-content\/uploads\/2024\/04\/Favicon.png","width":507,"height":514,"caption":"Essence France"},"image":{"@id":"https:\/\/www.essence-france.com\/en\/#\/schema\/logo\/image\/"},"sameAs":["https:\/\/www.instagram.com\/essence_france\/","https:\/\/www.linkedin.com\/company\/essencefrance"]}]}},"_links":{"self":[{"href":"https:\/\/www.essence-france.com\/fr\/wp-json\/wp\/v2\/product\/108","targetHints":{"allow":["GET"]}}],"collection":[{"href":"https:\/\/www.essence-france.com\/fr\/wp-json\/wp\/v2\/product"}],"about":[{"href":"https:\/\/www.essence-france.com\/fr\/wp-json\/wp\/v2\/types\/product"}],"replies":[{"embeddable":true,"href":"https:\/\/www.essence-france.com\/fr\/wp-json\/wp\/v2\/comments?post=108"}],"wp:featuredmedia":[{"embeddable":true,"href":"https:\/\/www.essence-france.com\/fr\/wp-json\/wp\/v2\/media\/990"}],"wp:attachment":[{"href":"https:\/\/www.essence-france.com\/fr\/wp-json\/wp\/v2\/media?parent=108"}],"wp:term":[{"taxonomy":"product_brand","embeddable":true,"href":"https:\/\/www.essence-france.com\/fr\/wp-json\/wp\/v2\/product_brand?post=108"},{"taxonomy":"product_cat","embeddable":true,"href":"https:\/\/www.essence-france.com\/fr\/wp-json\/wp\/v2\/product_cat?post=108"},{"taxonomy":"product_tag","embeddable":true,"href":"https:\/\/www.essence-france.com\/fr\/wp-json\/wp\/v2\/product_tag?post=108"}],"curies":[{"name":"wp","href":"https:\/\/api.w.org\/{rel}","templated":true}]}}