{"id":1103,"date":"2024-05-28T11:11:53","date_gmt":"2024-05-28T11:11:53","guid":{"rendered":"https:\/\/www.essence-france.com\/?post_type=product&#038;p=1103"},"modified":"2026-03-31T06:50:58","modified_gmt":"2026-03-31T06:50:58","slug":"ipem-pro-pack","status":"publish","type":"product","link":"https:\/\/www.essence-france.com\/fr\/produit\/ipem-pro-pack\/","title":{"rendered":"IPEM Pro Pack"},"content":{"rendered":"<p><span class=\"fontstyle0\">D\u00e9couvrez notre IPEM Pack Starter, la solution id\u00e9ale pour lancer vos \u00e9v\u00e9nements avec un \u00e9quipement et des fournitures essentiels et de haute qualit\u00e9 chez Essence France. Nous pr\u00e9cisons que l'\u00e9quipement sera lou\u00e9 pour la dur\u00e9e de l'\u00e9v\u00e9nement. Dans le cadre de notre responsabilit\u00e9 \u00e9cologique, nous nous engageons \u00e9galement \u00e0 r\u00e9cup\u00e9rer les consommables restants.<\/span><\/p>\n<p>Composition :<br \/>\n\u2013 1 Machine \u00e0 caf\u00e9 Professionnel Nespresso avec kit 300  caf\u00e9s<br \/>\n\u2013 1 Fontaine \u00e0 eau Fmax<\/p>\n<p><span class=\"fontstyle0\"><strong>Inclus dans le pack :<\/strong><br \/>\nUn kit contenant 300 doses de caf\u00e9 Nespresso, 300 gobelets en carton, 300 doses de sucre et 300 spatules en bois.<br \/>\nUne bonbonne d'eau de 18,9 L et 100 gobelets en carton biod\u00e9gradable.<\/span><\/p>\n<p>&nbsp;<\/p>","protected":false},"excerpt":{"rendered":"<p><span class=\"fontstyle0\">Ce IPEM <\/span><span class=\"fontstyle2\">Pro Pack <\/span><span class=\"fontstyle0\">comprend notre machine \u00e0 caf\u00e9 Nespresso Professionnel avec un kit de 300 caf\u00e9s Nespresso et une fontaine \u00e0 eau Fmax.<\/span><\/p>","protected":false},"featured_media":1104,"comment_status":"open","ping_status":"closed","template":"","meta":{"_acf_changed":false},"product_brand":[],"product_cat":[23],"product_tag":[],"class_list":{"0":"post-1103","1":"product","2":"type-product","3":"status-publish","4":"has-post-thumbnail","6":"product_cat-pack","8":"first","9":"instock","10":"sale","11":"taxable","12":"shipping-taxable","13":"purchasable","14":"product-type-simple"},"acf":[],"yoast_head":"<!-- This site is optimized with the Yoast SEO plugin v26.7 - https:\/\/yoast.com\/wordpress\/plugins\/seo\/ -->\n<title>IPEM Pro Pack - Essence France<\/title>\n<meta name=\"description\" content=\"D\u00e9couvrez notre service IPEM Pro Pack, incluant la location d&#039;une machine \u00e0 caf\u00e9 Professional Nespresso et d&#039;une fontaine \u00e0 eau FMax.\" \/>\n<meta name=\"robots\" content=\"index, follow, max-snippet:-1, max-image-preview:large, max-video-preview:-1\" \/>\n<link rel=\"canonical\" href=\"https:\/\/www.essence-france.com\/fr\/produit\/ipem-pro-pack\/\" \/>\n<meta property=\"og:locale\" content=\"fr_FR\" \/>\n<meta property=\"og:type\" content=\"article\" \/>\n<meta property=\"og:title\" content=\"IPEM Pro Pack - Essence France\" \/>\n<meta property=\"og:description\" content=\"D\u00e9couvrez notre service IPEM Pro Pack, incluant la location d&#039;une machine \u00e0 caf\u00e9 Professional Nespresso et d&#039;une fontaine \u00e0 eau FMax.\" \/>\n<meta property=\"og:url\" content=\"https:\/\/www.essence-france.com\/fr\/produit\/ipem-pro-pack\/\" \/>\n<meta property=\"og:site_name\" content=\"Essence France\" \/>\n<meta property=\"article:modified_time\" content=\"2026-03-31T06:50:58+00:00\" \/>\n<meta property=\"og:image\" content=\"https:\/\/www.essence-france.com\/wp-content\/uploads\/2024\/05\/IPEM-PRO-PACK.png\" \/>\n\t<meta property=\"og:image:width\" content=\"1200\" \/>\n\t<meta property=\"og:image:height\" content=\"1200\" \/>\n\t<meta property=\"og:image:type\" content=\"image\/png\" \/>\n<meta name=\"twitter:card\" content=\"summary_large_image\" \/>\n<meta name=\"twitter:label1\" content=\"Dur\u00e9e de lecture estim\u00e9e\" \/>\n\t<meta name=\"twitter:data1\" content=\"1 minute\" \/>\n<script type=\"application\/ld+json\" class=\"yoast-schema-graph\">{\"@context\":\"https:\/\/schema.org\",\"@graph\":[{\"@type\":\"WebPage\",\"@id\":\"https:\/\/www.essence-france.com\/en\/product\/ipem-pro-pack\/\",\"url\":\"https:\/\/www.essence-france.com\/en\/product\/ipem-pro-pack\/\",\"name\":\"IPEM Pro Pack - Essence France\",\"isPartOf\":{\"@id\":\"https:\/\/www.essence-france.com\/en\/#website\"},\"primaryImageOfPage\":{\"@id\":\"https:\/\/www.essence-france.com\/en\/product\/ipem-pro-pack\/#primaryimage\"},\"image\":{\"@id\":\"https:\/\/www.essence-france.com\/en\/product\/ipem-pro-pack\/#primaryimage\"},\"thumbnailUrl\":\"https:\/\/www.essence-france.com\/wp-content\/uploads\/2024\/05\/IPEM-PRO-PACK.png\",\"datePublished\":\"2024-05-28T11:11:53+00:00\",\"dateModified\":\"2026-03-31T06:50:58+00:00\",\"description\":\"D\u00e9couvrez notre service IPEM Pro Pack, incluant la location d'une machine \u00e0 caf\u00e9 Professional Nespresso et d'une fontaine \u00e0 eau FMax.\",\"breadcrumb\":{\"@id\":\"https:\/\/www.essence-france.com\/en\/product\/ipem-pro-pack\/#breadcrumb\"},\"inLanguage\":\"fr-FR\",\"potentialAction\":[{\"@type\":\"ReadAction\",\"target\":[\"https:\/\/www.essence-france.com\/en\/product\/ipem-pro-pack\/\"]}]},{\"@type\":\"ImageObject\",\"inLanguage\":\"fr-FR\",\"@id\":\"https:\/\/www.essence-france.com\/en\/product\/ipem-pro-pack\/#primaryimage\",\"url\":\"https:\/\/www.essence-france.com\/wp-content\/uploads\/2024\/05\/IPEM-PRO-PACK.png\",\"contentUrl\":\"https:\/\/www.essence-france.com\/wp-content\/uploads\/2024\/05\/IPEM-PRO-PACK.png\",\"width\":1200,\"height\":1200},{\"@type\":\"BreadcrumbList\",\"@id\":\"https:\/\/www.essence-france.com\/en\/product\/ipem-pro-pack\/#breadcrumb\",\"itemListElement\":[{\"@type\":\"ListItem\",\"position\":1,\"name\":\"Accueil\",\"item\":\"https:\/\/www.essence-france.com\/en\/\"},{\"@type\":\"ListItem\",\"position\":2,\"name\":\"Shop\",\"item\":\"https:\/\/www.essence-france.com\/en\/boutique\/\"},{\"@type\":\"ListItem\",\"position\":3,\"name\":\"IPEM Pro Pack\"}]},{\"@type\":\"WebSite\",\"@id\":\"https:\/\/www.essence-france.com\/en\/#website\",\"url\":\"https:\/\/www.essence-france.com\/en\/\",\"name\":\"Essence France\",\"description\":\"\",\"publisher\":{\"@id\":\"https:\/\/www.essence-france.com\/en\/#organization\"},\"potentialAction\":[{\"@type\":\"SearchAction\",\"target\":{\"@type\":\"EntryPoint\",\"urlTemplate\":\"https:\/\/www.essence-france.com\/en\/?s={search_term_string}\"},\"query-input\":{\"@type\":\"PropertyValueSpecification\",\"valueRequired\":true,\"valueName\":\"search_term_string\"}}],\"inLanguage\":\"fr-FR\"},{\"@type\":\"Organization\",\"@id\":\"https:\/\/www.essence-france.com\/en\/#organization\",\"name\":\"Essence France\",\"url\":\"https:\/\/www.essence-france.com\/en\/\",\"logo\":{\"@type\":\"ImageObject\",\"inLanguage\":\"fr-FR\",\"@id\":\"https:\/\/www.essence-france.com\/en\/#\/schema\/logo\/image\/\",\"url\":\"https:\/\/www.essence-france.com\/wp-content\/uploads\/2024\/04\/Favicon.png\",\"contentUrl\":\"https:\/\/www.essence-france.com\/wp-content\/uploads\/2024\/04\/Favicon.png\",\"width\":507,\"height\":514,\"caption\":\"Essence France\"},\"image\":{\"@id\":\"https:\/\/www.essence-france.com\/en\/#\/schema\/logo\/image\/\"},\"sameAs\":[\"https:\/\/www.instagram.com\/essence_france\/\",\"https:\/\/www.linkedin.com\/company\/essencefrance\"]}]}<\/script>\n<!-- \/ Yoast SEO plugin. -->","yoast_head_json":{"title":"IPEM Pro Pack - Essence France","description":"D\u00e9couvrez notre service IPEM Pro Pack, incluant la location d'une machine \u00e0 caf\u00e9 Professional Nespresso et d'une fontaine \u00e0 eau FMax.","robots":{"index":"index","follow":"follow","max-snippet":"max-snippet:-1","max-image-preview":"max-image-preview:large","max-video-preview":"max-video-preview:-1"},"canonical":"https:\/\/www.essence-france.com\/fr\/produit\/ipem-pro-pack\/","og_locale":"fr_FR","og_type":"article","og_title":"IPEM Pro Pack - Essence France","og_description":"D\u00e9couvrez notre service IPEM Pro Pack, incluant la location d'une machine \u00e0 caf\u00e9 Professional Nespresso et d'une fontaine \u00e0 eau FMax.","og_url":"https:\/\/www.essence-france.com\/fr\/produit\/ipem-pro-pack\/","og_site_name":"Essence France","article_modified_time":"2026-03-31T06:50:58+00:00","og_image":[{"width":1200,"height":1200,"url":"https:\/\/www.essence-france.com\/wp-content\/uploads\/2024\/05\/IPEM-PRO-PACK.png","type":"image\/png"}],"twitter_card":"summary_large_image","twitter_misc":{"Dur\u00e9e de lecture estim\u00e9e":"1 minute"},"schema":{"@context":"https:\/\/schema.org","@graph":[{"@type":"WebPage","@id":"https:\/\/www.essence-france.com\/en\/product\/ipem-pro-pack\/","url":"https:\/\/www.essence-france.com\/en\/product\/ipem-pro-pack\/","name":"IPEM Pro Pack - Essence France","isPartOf":{"@id":"https:\/\/www.essence-france.com\/en\/#website"},"primaryImageOfPage":{"@id":"https:\/\/www.essence-france.com\/en\/product\/ipem-pro-pack\/#primaryimage"},"image":{"@id":"https:\/\/www.essence-france.com\/en\/product\/ipem-pro-pack\/#primaryimage"},"thumbnailUrl":"https:\/\/www.essence-france.com\/wp-content\/uploads\/2024\/05\/IPEM-PRO-PACK.png","datePublished":"2024-05-28T11:11:53+00:00","dateModified":"2026-03-31T06:50:58+00:00","description":"D\u00e9couvrez notre service IPEM Pro Pack, incluant la location d'une machine \u00e0 caf\u00e9 Professional Nespresso et d'une fontaine \u00e0 eau FMax.","breadcrumb":{"@id":"https:\/\/www.essence-france.com\/en\/product\/ipem-pro-pack\/#breadcrumb"},"inLanguage":"fr-FR","potentialAction":[{"@type":"ReadAction","target":["https:\/\/www.essence-france.com\/en\/product\/ipem-pro-pack\/"]}]},{"@type":"ImageObject","inLanguage":"fr-FR","@id":"https:\/\/www.essence-france.com\/en\/product\/ipem-pro-pack\/#primaryimage","url":"https:\/\/www.essence-france.com\/wp-content\/uploads\/2024\/05\/IPEM-PRO-PACK.png","contentUrl":"https:\/\/www.essence-france.com\/wp-content\/uploads\/2024\/05\/IPEM-PRO-PACK.png","width":1200,"height":1200},{"@type":"BreadcrumbList","@id":"https:\/\/www.essence-france.com\/en\/product\/ipem-pro-pack\/#breadcrumb","itemListElement":[{"@type":"ListItem","position":1,"name":"Accueil","item":"https:\/\/www.essence-france.com\/en\/"},{"@type":"ListItem","position":2,"name":"Shop","item":"https:\/\/www.essence-france.com\/en\/boutique\/"},{"@type":"ListItem","position":3,"name":"IPEM Pro Pack"}]},{"@type":"WebSite","@id":"https:\/\/www.essence-france.com\/en\/#website","url":"https:\/\/www.essence-france.com\/en\/","name":"Essence France","description":"","publisher":{"@id":"https:\/\/www.essence-france.com\/en\/#organization"},"potentialAction":[{"@type":"SearchAction","target":{"@type":"EntryPoint","urlTemplate":"https:\/\/www.essence-france.com\/en\/?s={search_term_string}"},"query-input":{"@type":"PropertyValueSpecification","valueRequired":true,"valueName":"search_term_string"}}],"inLanguage":"fr-FR"},{"@type":"Organization","@id":"https:\/\/www.essence-france.com\/en\/#organization","name":"Essence France","url":"https:\/\/www.essence-france.com\/en\/","logo":{"@type":"ImageObject","inLanguage":"fr-FR","@id":"https:\/\/www.essence-france.com\/en\/#\/schema\/logo\/image\/","url":"https:\/\/www.essence-france.com\/wp-content\/uploads\/2024\/04\/Favicon.png","contentUrl":"https:\/\/www.essence-france.com\/wp-content\/uploads\/2024\/04\/Favicon.png","width":507,"height":514,"caption":"Essence France"},"image":{"@id":"https:\/\/www.essence-france.com\/en\/#\/schema\/logo\/image\/"},"sameAs":["https:\/\/www.instagram.com\/essence_france\/","https:\/\/www.linkedin.com\/company\/essencefrance"]}]}},"_links":{"self":[{"href":"https:\/\/www.essence-france.com\/fr\/wp-json\/wp\/v2\/product\/1103","targetHints":{"allow":["GET"]}}],"collection":[{"href":"https:\/\/www.essence-france.com\/fr\/wp-json\/wp\/v2\/product"}],"about":[{"href":"https:\/\/www.essence-france.com\/fr\/wp-json\/wp\/v2\/types\/product"}],"replies":[{"embeddable":true,"href":"https:\/\/www.essence-france.com\/fr\/wp-json\/wp\/v2\/comments?post=1103"}],"wp:featuredmedia":[{"embeddable":true,"href":"https:\/\/www.essence-france.com\/fr\/wp-json\/wp\/v2\/media\/1104"}],"wp:attachment":[{"href":"https:\/\/www.essence-france.com\/fr\/wp-json\/wp\/v2\/media?parent=1103"}],"wp:term":[{"taxonomy":"product_brand","embeddable":true,"href":"https:\/\/www.essence-france.com\/fr\/wp-json\/wp\/v2\/product_brand?post=1103"},{"taxonomy":"product_cat","embeddable":true,"href":"https:\/\/www.essence-france.com\/fr\/wp-json\/wp\/v2\/product_cat?post=1103"},{"taxonomy":"product_tag","embeddable":true,"href":"https:\/\/www.essence-france.com\/fr\/wp-json\/wp\/v2\/product_tag?post=1103"}],"curies":[{"name":"wp","href":"https:\/\/api.w.org\/{rel}","templated":true}]}}