{"id":112,"date":"2024-04-26T17:58:42","date_gmt":"2024-04-26T17:58:42","guid":{"rendered":"https:\/\/www.essence-france.com\/?post_type=product&#038;p=112"},"modified":"2026-03-31T06:51:22","modified_gmt":"2026-03-31T06:51:22","slug":"bonbonne-deau","status":"publish","type":"product","link":"https:\/\/www.essence-france.com\/fr\/produit\/bonbonne-deau\/","title":{"rendered":"Bonbonne d\u2019eau de 18,9 L"},"content":{"rendered":"<h2>Bonbonne d'eau 18.9L \u2013 Une solution rafra\u00eechissante pour votre \u00e9v\u00e9nement<\/h2>\n<p>Optez pour notre service de bonbonne d'eau 18,9L pour offrir une option d'hydratation rafra\u00eechissante et durable \u00e0 vos invit\u00e9s. Parfait pour toute occasion, cette bouteille d'eau de grande capacit\u00e9 garantit une hydratation continue tout au long de votre \u00e9v\u00e9nement. Dans le cadre de notre engagement \u00e9cologique, nous nous engageons \u00e9galement \u00e0 collecter les consommables restants \u00e0 la fin de l'\u00e9v\u00e9nement.<\/p>\n<h3><strong>Consommables inclus dans le pack :<\/strong><\/h3>\n<ul>\n<li><strong>Approvisionnement en eau :<\/strong>\n<ul>\n<li>1 grande bonbonne d'eau (18,9L) pour maintenir vos invit\u00e9s hydrat\u00e9s.<\/li>\n<li>100 gobelets en carton biod\u00e9gradables pour un service facile et durable.<\/li>\n<\/ul>\n<\/li>\n<\/ul>\n<h3><span class=\"fontstyle0\"><strong>Caract\u00e9ristiques :<\/strong><\/span><\/h3>\n<ul>\n<li><span class=\"fontstyle0\">Dimensions: 20(L) x 30(P) x 36 (H) cm<\/span><\/li>\n<li><span class=\"fontstyle0\">Poids : 19 kg<\/span><\/li>\n<\/ul>","protected":false},"excerpt":{"rendered":"<h5><strong>Bonbonne d'eau de 18.9L \u2013 Une solution pour votre \u00e9v\u00e9nement<\/strong><\/h5>\n<p>Offrez \u00e0 vos invit\u00e9s un approvisionnement en eau fiable avec notre service de bonbonne 18.9L, id\u00e9al pour tout type d'\u00e9v\u00e9nement.<\/p>\n<h6><strong>Ce qui est inclus :<\/strong><\/h6>\n<ul>\n<li class=\"translation-block\"><strong>Approvisionnement en eau :<\/strong> Une bonbonne d'eau de 18,9L.<\/li>\n<li class=\"translation-block\"><strong>Accessoires :<\/strong> 100 gobelets en carton biod\u00e9gradables.<\/li>\n<\/ul>\n<p>Pratique, respectueux de l'environnement et rafra\u00eechissant, ce service de bouteille d'eau est la solution id\u00e9ale pour l'hydratation de vos invit\u00e9s.<\/p>","protected":false},"featured_media":512,"comment_status":"open","ping_status":"closed","template":"","meta":{"_acf_changed":false},"product_brand":[],"product_cat":[20],"product_tag":[],"class_list":{"0":"post-112","1":"product","2":"type-product","3":"status-publish","4":"has-post-thumbnail","6":"product_cat-water-coolers","8":"first","9":"instock","10":"taxable","11":"shipping-taxable","12":"purchasable","13":"product-type-simple"},"acf":[],"yoast_head":"<!-- This site is optimized with the Yoast SEO plugin v26.7 - https:\/\/yoast.com\/wordpress\/plugins\/seo\/ -->\n<title>Bonbonne d&#039;eau - Essence France<\/title>\n<meta name=\"description\" content=\"D\u00e9couvrez notre service de bouteilles d&#039;eau de 18,9 L, une option pratique et rafra\u00eechissante pour servir de l&#039;eau en grande quantit\u00e9.\" \/>\n<meta name=\"robots\" content=\"index, follow, max-snippet:-1, max-image-preview:large, max-video-preview:-1\" \/>\n<link rel=\"canonical\" href=\"https:\/\/www.essence-france.com\/fr\/produit\/bonbonne-deau\/\" \/>\n<meta property=\"og:locale\" content=\"fr_FR\" \/>\n<meta property=\"og:type\" content=\"article\" \/>\n<meta property=\"og:title\" content=\"Bonbonne d&#039;eau - Essence France\" \/>\n<meta property=\"og:description\" content=\"D\u00e9couvrez notre service de bouteilles d&#039;eau de 18,9 L, une option pratique et rafra\u00eechissante pour servir de l&#039;eau en grande quantit\u00e9.\" \/>\n<meta property=\"og:url\" content=\"https:\/\/www.essence-france.com\/fr\/produit\/bonbonne-deau\/\" \/>\n<meta property=\"og:site_name\" content=\"Essence France\" \/>\n<meta property=\"article:modified_time\" content=\"2026-03-31T06:51:22+00:00\" \/>\n<meta property=\"og:image\" content=\"https:\/\/www.essence-france.com\/wp-content\/uploads\/2024\/04\/Water-Bootle-19L.webp\" \/>\n\t<meta property=\"og:image:width\" content=\"960\" \/>\n\t<meta property=\"og:image:height\" content=\"960\" \/>\n\t<meta property=\"og:image:type\" content=\"image\/webp\" \/>\n<meta name=\"twitter:card\" content=\"summary_large_image\" \/>\n<meta name=\"twitter:label1\" content=\"Dur\u00e9e de lecture estim\u00e9e\" \/>\n\t<meta name=\"twitter:data1\" content=\"1 minute\" \/>\n<script type=\"application\/ld+json\" class=\"yoast-schema-graph\">{\"@context\":\"https:\/\/schema.org\",\"@graph\":[{\"@type\":\"WebPage\",\"@id\":\"https:\/\/www.essence-france.com\/en\/product\/bonbonne-deau\/\",\"url\":\"https:\/\/www.essence-france.com\/en\/product\/bonbonne-deau\/\",\"name\":\"Bonbonne d'eau - Essence France\",\"isPartOf\":{\"@id\":\"https:\/\/www.essence-france.com\/en\/#website\"},\"primaryImageOfPage\":{\"@id\":\"https:\/\/www.essence-france.com\/en\/product\/bonbonne-deau\/#primaryimage\"},\"image\":{\"@id\":\"https:\/\/www.essence-france.com\/en\/product\/bonbonne-deau\/#primaryimage\"},\"thumbnailUrl\":\"https:\/\/www.essence-france.com\/wp-content\/uploads\/2024\/04\/Water-Bootle-19L.webp\",\"datePublished\":\"2024-04-26T17:58:42+00:00\",\"dateModified\":\"2026-03-31T06:51:22+00:00\",\"description\":\"D\u00e9couvrez notre service de bouteilles d'eau de 18,9 L, une option pratique et rafra\u00eechissante pour servir de l'eau en grande quantit\u00e9.\",\"breadcrumb\":{\"@id\":\"https:\/\/www.essence-france.com\/en\/product\/bonbonne-deau\/#breadcrumb\"},\"inLanguage\":\"fr-FR\",\"potentialAction\":[{\"@type\":\"ReadAction\",\"target\":[\"https:\/\/www.essence-france.com\/en\/product\/bonbonne-deau\/\"]}]},{\"@type\":\"ImageObject\",\"inLanguage\":\"fr-FR\",\"@id\":\"https:\/\/www.essence-france.com\/en\/product\/bonbonne-deau\/#primaryimage\",\"url\":\"https:\/\/www.essence-france.com\/wp-content\/uploads\/2024\/04\/Water-Bootle-19L.webp\",\"contentUrl\":\"https:\/\/www.essence-france.com\/wp-content\/uploads\/2024\/04\/Water-Bootle-19L.webp\",\"width\":960,\"height\":960},{\"@type\":\"BreadcrumbList\",\"@id\":\"https:\/\/www.essence-france.com\/en\/product\/bonbonne-deau\/#breadcrumb\",\"itemListElement\":[{\"@type\":\"ListItem\",\"position\":1,\"name\":\"Accueil\",\"item\":\"https:\/\/www.essence-france.com\/en\/\"},{\"@type\":\"ListItem\",\"position\":2,\"name\":\"Shop\",\"item\":\"https:\/\/www.essence-france.com\/en\/boutique\/\"},{\"@type\":\"ListItem\",\"position\":3,\"name\":\"Water bottle 18,9 L\"}]},{\"@type\":\"WebSite\",\"@id\":\"https:\/\/www.essence-france.com\/en\/#website\",\"url\":\"https:\/\/www.essence-france.com\/en\/\",\"name\":\"Essence France\",\"description\":\"\",\"publisher\":{\"@id\":\"https:\/\/www.essence-france.com\/en\/#organization\"},\"potentialAction\":[{\"@type\":\"SearchAction\",\"target\":{\"@type\":\"EntryPoint\",\"urlTemplate\":\"https:\/\/www.essence-france.com\/en\/?s={search_term_string}\"},\"query-input\":{\"@type\":\"PropertyValueSpecification\",\"valueRequired\":true,\"valueName\":\"search_term_string\"}}],\"inLanguage\":\"fr-FR\"},{\"@type\":\"Organization\",\"@id\":\"https:\/\/www.essence-france.com\/en\/#organization\",\"name\":\"Essence France\",\"url\":\"https:\/\/www.essence-france.com\/en\/\",\"logo\":{\"@type\":\"ImageObject\",\"inLanguage\":\"fr-FR\",\"@id\":\"https:\/\/www.essence-france.com\/en\/#\/schema\/logo\/image\/\",\"url\":\"https:\/\/www.essence-france.com\/wp-content\/uploads\/2024\/04\/Favicon.png\",\"contentUrl\":\"https:\/\/www.essence-france.com\/wp-content\/uploads\/2024\/04\/Favicon.png\",\"width\":507,\"height\":514,\"caption\":\"Essence France\"},\"image\":{\"@id\":\"https:\/\/www.essence-france.com\/en\/#\/schema\/logo\/image\/\"},\"sameAs\":[\"https:\/\/www.instagram.com\/essence_france\/\",\"https:\/\/www.linkedin.com\/company\/essencefrance\"]}]}<\/script>\n<!-- \/ Yoast SEO plugin. -->","yoast_head_json":{"title":"Bonbonne d'eau - Essence France","description":"D\u00e9couvrez notre service de bouteilles d'eau de 18,9 L, une option pratique et rafra\u00eechissante pour servir de l'eau en grande quantit\u00e9.","robots":{"index":"index","follow":"follow","max-snippet":"max-snippet:-1","max-image-preview":"max-image-preview:large","max-video-preview":"max-video-preview:-1"},"canonical":"https:\/\/www.essence-france.com\/fr\/produit\/bonbonne-deau\/","og_locale":"fr_FR","og_type":"article","og_title":"Bonbonne d'eau - Essence France","og_description":"D\u00e9couvrez notre service de bouteilles d'eau de 18,9 L, une option pratique et rafra\u00eechissante pour servir de l'eau en grande quantit\u00e9.","og_url":"https:\/\/www.essence-france.com\/fr\/produit\/bonbonne-deau\/","og_site_name":"Essence France","article_modified_time":"2026-03-31T06:51:22+00:00","og_image":[{"width":960,"height":960,"url":"https:\/\/www.essence-france.com\/wp-content\/uploads\/2024\/04\/Water-Bootle-19L.webp","type":"image\/webp"}],"twitter_card":"summary_large_image","twitter_misc":{"Dur\u00e9e de lecture estim\u00e9e":"1 minute"},"schema":{"@context":"https:\/\/schema.org","@graph":[{"@type":"WebPage","@id":"https:\/\/www.essence-france.com\/en\/product\/bonbonne-deau\/","url":"https:\/\/www.essence-france.com\/en\/product\/bonbonne-deau\/","name":"Bonbonne d'eau - Essence France","isPartOf":{"@id":"https:\/\/www.essence-france.com\/en\/#website"},"primaryImageOfPage":{"@id":"https:\/\/www.essence-france.com\/en\/product\/bonbonne-deau\/#primaryimage"},"image":{"@id":"https:\/\/www.essence-france.com\/en\/product\/bonbonne-deau\/#primaryimage"},"thumbnailUrl":"https:\/\/www.essence-france.com\/wp-content\/uploads\/2024\/04\/Water-Bootle-19L.webp","datePublished":"2024-04-26T17:58:42+00:00","dateModified":"2026-03-31T06:51:22+00:00","description":"D\u00e9couvrez notre service de bouteilles d'eau de 18,9 L, une option pratique et rafra\u00eechissante pour servir de l'eau en grande quantit\u00e9.","breadcrumb":{"@id":"https:\/\/www.essence-france.com\/en\/product\/bonbonne-deau\/#breadcrumb"},"inLanguage":"fr-FR","potentialAction":[{"@type":"ReadAction","target":["https:\/\/www.essence-france.com\/en\/product\/bonbonne-deau\/"]}]},{"@type":"ImageObject","inLanguage":"fr-FR","@id":"https:\/\/www.essence-france.com\/en\/product\/bonbonne-deau\/#primaryimage","url":"https:\/\/www.essence-france.com\/wp-content\/uploads\/2024\/04\/Water-Bootle-19L.webp","contentUrl":"https:\/\/www.essence-france.com\/wp-content\/uploads\/2024\/04\/Water-Bootle-19L.webp","width":960,"height":960},{"@type":"BreadcrumbList","@id":"https:\/\/www.essence-france.com\/en\/product\/bonbonne-deau\/#breadcrumb","itemListElement":[{"@type":"ListItem","position":1,"name":"Accueil","item":"https:\/\/www.essence-france.com\/en\/"},{"@type":"ListItem","position":2,"name":"Shop","item":"https:\/\/www.essence-france.com\/en\/boutique\/"},{"@type":"ListItem","position":3,"name":"Water bottle 18,9 L"}]},{"@type":"WebSite","@id":"https:\/\/www.essence-france.com\/en\/#website","url":"https:\/\/www.essence-france.com\/en\/","name":"Essence France","description":"","publisher":{"@id":"https:\/\/www.essence-france.com\/en\/#organization"},"potentialAction":[{"@type":"SearchAction","target":{"@type":"EntryPoint","urlTemplate":"https:\/\/www.essence-france.com\/en\/?s={search_term_string}"},"query-input":{"@type":"PropertyValueSpecification","valueRequired":true,"valueName":"search_term_string"}}],"inLanguage":"fr-FR"},{"@type":"Organization","@id":"https:\/\/www.essence-france.com\/en\/#organization","name":"Essence France","url":"https:\/\/www.essence-france.com\/en\/","logo":{"@type":"ImageObject","inLanguage":"fr-FR","@id":"https:\/\/www.essence-france.com\/en\/#\/schema\/logo\/image\/","url":"https:\/\/www.essence-france.com\/wp-content\/uploads\/2024\/04\/Favicon.png","contentUrl":"https:\/\/www.essence-france.com\/wp-content\/uploads\/2024\/04\/Favicon.png","width":507,"height":514,"caption":"Essence France"},"image":{"@id":"https:\/\/www.essence-france.com\/en\/#\/schema\/logo\/image\/"},"sameAs":["https:\/\/www.instagram.com\/essence_france\/","https:\/\/www.linkedin.com\/company\/essencefrance"]}]}},"_links":{"self":[{"href":"https:\/\/www.essence-france.com\/fr\/wp-json\/wp\/v2\/product\/112","targetHints":{"allow":["GET"]}}],"collection":[{"href":"https:\/\/www.essence-france.com\/fr\/wp-json\/wp\/v2\/product"}],"about":[{"href":"https:\/\/www.essence-france.com\/fr\/wp-json\/wp\/v2\/types\/product"}],"replies":[{"embeddable":true,"href":"https:\/\/www.essence-france.com\/fr\/wp-json\/wp\/v2\/comments?post=112"}],"wp:featuredmedia":[{"embeddable":true,"href":"https:\/\/www.essence-france.com\/fr\/wp-json\/wp\/v2\/media\/512"}],"wp:attachment":[{"href":"https:\/\/www.essence-france.com\/fr\/wp-json\/wp\/v2\/media?parent=112"}],"wp:term":[{"taxonomy":"product_brand","embeddable":true,"href":"https:\/\/www.essence-france.com\/fr\/wp-json\/wp\/v2\/product_brand?post=112"},{"taxonomy":"product_cat","embeddable":true,"href":"https:\/\/www.essence-france.com\/fr\/wp-json\/wp\/v2\/product_cat?post=112"},{"taxonomy":"product_tag","embeddable":true,"href":"https:\/\/www.essence-france.com\/fr\/wp-json\/wp\/v2\/product_tag?post=112"}],"curies":[{"name":"wp","href":"https:\/\/api.w.org\/{rel}","templated":true}]}}