{"id":113,"date":"2024-04-26T17:59:29","date_gmt":"2024-04-26T17:59:29","guid":{"rendered":"https:\/\/www.essence-france.com\/?post_type=product&#038;p=113"},"modified":"2026-01-13T13:22:44","modified_gmt":"2026-01-13T13:22:44","slug":"refrigerateur-140l","status":"publish","type":"product","link":"https:\/\/www.essence-france.com\/fr\/produit\/refrigerateur-140l\/","title":{"rendered":"Refrigerator 140 L"},"content":{"rendered":"<h2><strong>R\u00e9frig\u00e9rateur 140L \u2013 Stockage efficace et polyvalent pour vos \u00e9v\u00e9nements<\/strong><\/h2>\n<p>Optimisez le stockage de vos aliments et boissons pour votre \u00e9v\u00e9nement avec notre service de r\u00e9frig\u00e9rateur 140L. Con\u00e7u pour sa polyvalence et sa praticit\u00e9, ce r\u00e9frig\u00e9rateur \u00e0 grande capacit\u00e9 garantit que vos produits frais restent parfaitement au frais tout au long de l'\u00e9v\u00e9nement. Son design compact comprend un compartiment cong\u00e9lateur, ce qui le rend id\u00e9al pour divers besoins de stockage. L'\u00e9quipement est disponible uniquement en location pendant la dur\u00e9e de votre \u00e9v\u00e9nement.<\/p>\n<h3><strong>Caract\u00e9ristiques :<\/strong><\/h3>\n<ul>\n<li><strong>Dimensions:<\/strong> 54(L) x 59(W) x 84(H) cm.<\/li>\n<li><strong>Volume:<\/strong> 104 L, including a 13 L freezer compartment.<\/li>\n<\/ul>","protected":false},"excerpt":{"rendered":"<h5><strong>R\u00e9frig\u00e9rateur 140L \u2013 Stockage efficace et polyvalent pour vos \u00e9v\u00e9nements<\/strong><\/h5>\n<p>Conservez vos produits frais parfaitement stock\u00e9s avec notre r\u00e9frig\u00e9rateur spacieux de 140L.<\/p>","protected":false},"featured_media":1583,"comment_status":"open","ping_status":"closed","template":"","meta":{"_acf_changed":false},"product_brand":[],"product_cat":[21],"product_tag":[],"class_list":{"0":"post-113","1":"product","2":"type-product","3":"status-publish","4":"has-post-thumbnail","6":"product_cat-refrigerator","8":"first","9":"instock","10":"taxable","11":"shipping-taxable","12":"purchasable","13":"product-type-simple"},"acf":[],"yoast_head":"<!-- This site is optimized with the Yoast SEO plugin v26.7 - https:\/\/yoast.com\/wordpress\/plugins\/seo\/ -->\n<title>R\u00e9frig\u00e9rateur 140L - Essence France<\/title>\n<meta name=\"description\" content=\"D\u00e9couvrez notre service de r\u00e9frig\u00e9rateur 140L en location, l&#039;option id\u00e9ale pour stocker une capacit\u00e9 g\u00e9n\u00e9reuse de produits frais.\" \/>\n<meta name=\"robots\" content=\"index, follow, max-snippet:-1, max-image-preview:large, max-video-preview:-1\" \/>\n<link rel=\"canonical\" href=\"http:\/\/www.essence-france.com\/fr\/produit\/refrigerateur-140l\/\" \/>\n<meta property=\"og:locale\" content=\"fr_FR\" \/>\n<meta property=\"og:type\" content=\"article\" \/>\n<meta property=\"og:title\" content=\"R\u00e9frig\u00e9rateur 140L - Essence France\" \/>\n<meta property=\"og:description\" content=\"D\u00e9couvrez notre service de r\u00e9frig\u00e9rateur 140L en location, l&#039;option id\u00e9ale pour stocker une capacit\u00e9 g\u00e9n\u00e9reuse de produits frais.\" \/>\n<meta property=\"og:url\" content=\"http:\/\/www.essence-france.com\/fr\/produit\/refrigerateur-140l\/\" \/>\n<meta property=\"og:site_name\" content=\"Essence France\" \/>\n<meta property=\"article:modified_time\" content=\"2026-01-13T13:22:44+00:00\" \/>\n<meta property=\"og:image\" content=\"http:\/\/www.essence-france.com\/wp-content\/uploads\/2024\/04\/FRIGO-140.png\" \/>\n\t<meta property=\"og:image:width\" content=\"1200\" \/>\n\t<meta property=\"og:image:height\" content=\"1200\" \/>\n\t<meta property=\"og:image:type\" content=\"image\/png\" \/>\n<meta name=\"twitter:card\" content=\"summary_large_image\" \/>\n<meta name=\"twitter:label1\" content=\"Dur\u00e9e de lecture estim\u00e9e\" \/>\n\t<meta name=\"twitter:data1\" content=\"1 minute\" \/>\n<script type=\"application\/ld+json\" class=\"yoast-schema-graph\">{\"@context\":\"https:\/\/schema.org\",\"@graph\":[{\"@type\":\"WebPage\",\"@id\":\"http:\/\/www.essence-france.com\/fr\/produit\/refrigerateur-140l\/\",\"url\":\"http:\/\/www.essence-france.com\/fr\/produit\/refrigerateur-140l\/\",\"name\":\"R\u00e9frig\u00e9rateur 140L - Essence France\",\"isPartOf\":{\"@id\":\"https:\/\/www.essence-france.com\/en\/#website\"},\"primaryImageOfPage\":{\"@id\":\"http:\/\/www.essence-france.com\/fr\/produit\/refrigerateur-140l\/#primaryimage\"},\"image\":{\"@id\":\"http:\/\/www.essence-france.com\/fr\/produit\/refrigerateur-140l\/#primaryimage\"},\"thumbnailUrl\":\"https:\/\/www.essence-france.com\/wp-content\/uploads\/2024\/04\/FRIGO-140.png\",\"datePublished\":\"2024-04-26T17:59:29+00:00\",\"dateModified\":\"2026-01-13T13:22:44+00:00\",\"description\":\"D\u00e9couvrez notre service de r\u00e9frig\u00e9rateur 140L en location, l'option id\u00e9ale pour stocker une capacit\u00e9 g\u00e9n\u00e9reuse de produits frais.\",\"breadcrumb\":{\"@id\":\"http:\/\/www.essence-france.com\/fr\/produit\/refrigerateur-140l\/#breadcrumb\"},\"inLanguage\":\"fr-FR\",\"potentialAction\":[{\"@type\":\"ReadAction\",\"target\":[\"http:\/\/www.essence-france.com\/fr\/produit\/refrigerateur-140l\/\"]}]},{\"@type\":\"ImageObject\",\"inLanguage\":\"fr-FR\",\"@id\":\"http:\/\/www.essence-france.com\/fr\/produit\/refrigerateur-140l\/#primaryimage\",\"url\":\"https:\/\/www.essence-france.com\/wp-content\/uploads\/2024\/04\/FRIGO-140.png\",\"contentUrl\":\"https:\/\/www.essence-france.com\/wp-content\/uploads\/2024\/04\/FRIGO-140.png\",\"width\":1200,\"height\":1200},{\"@type\":\"BreadcrumbList\",\"@id\":\"http:\/\/www.essence-france.com\/fr\/produit\/refrigerateur-140l\/#breadcrumb\",\"itemListElement\":[{\"@type\":\"ListItem\",\"position\":1,\"name\":\"Accueil\",\"item\":\"https:\/\/www.essence-france.com\/en\/\"},{\"@type\":\"ListItem\",\"position\":2,\"name\":\"Shop\",\"item\":\"https:\/\/www.essence-france.com\/en\/boutique\/\"},{\"@type\":\"ListItem\",\"position\":3,\"name\":\"Refrigerator 140 L\"}]},{\"@type\":\"WebSite\",\"@id\":\"https:\/\/www.essence-france.com\/en\/#website\",\"url\":\"https:\/\/www.essence-france.com\/en\/\",\"name\":\"Essence France\",\"description\":\"\",\"publisher\":{\"@id\":\"https:\/\/www.essence-france.com\/en\/#organization\"},\"potentialAction\":[{\"@type\":\"SearchAction\",\"target\":{\"@type\":\"EntryPoint\",\"urlTemplate\":\"https:\/\/www.essence-france.com\/en\/?s={search_term_string}\"},\"query-input\":{\"@type\":\"PropertyValueSpecification\",\"valueRequired\":true,\"valueName\":\"search_term_string\"}}],\"inLanguage\":\"fr-FR\"},{\"@type\":\"Organization\",\"@id\":\"https:\/\/www.essence-france.com\/en\/#organization\",\"name\":\"Essence France\",\"url\":\"https:\/\/www.essence-france.com\/en\/\",\"logo\":{\"@type\":\"ImageObject\",\"inLanguage\":\"fr-FR\",\"@id\":\"https:\/\/www.essence-france.com\/en\/#\/schema\/logo\/image\/\",\"url\":\"https:\/\/www.essence-france.com\/wp-content\/uploads\/2024\/04\/Favicon.png\",\"contentUrl\":\"https:\/\/www.essence-france.com\/wp-content\/uploads\/2024\/04\/Favicon.png\",\"width\":507,\"height\":514,\"caption\":\"Essence France\"},\"image\":{\"@id\":\"https:\/\/www.essence-france.com\/en\/#\/schema\/logo\/image\/\"},\"sameAs\":[\"https:\/\/www.instagram.com\/essence_france\/\",\"https:\/\/www.linkedin.com\/company\/essencefrance\"]}]}<\/script>\n<!-- \/ Yoast SEO plugin. -->","yoast_head_json":{"title":"R\u00e9frig\u00e9rateur 140L - Essence France","description":"D\u00e9couvrez notre service de r\u00e9frig\u00e9rateur 140L en location, l'option id\u00e9ale pour stocker une capacit\u00e9 g\u00e9n\u00e9reuse de produits frais.","robots":{"index":"index","follow":"follow","max-snippet":"max-snippet:-1","max-image-preview":"max-image-preview:large","max-video-preview":"max-video-preview:-1"},"canonical":"http:\/\/www.essence-france.com\/fr\/produit\/refrigerateur-140l\/","og_locale":"fr_FR","og_type":"article","og_title":"R\u00e9frig\u00e9rateur 140L - Essence France","og_description":"D\u00e9couvrez notre service de r\u00e9frig\u00e9rateur 140L en location, l'option id\u00e9ale pour stocker une capacit\u00e9 g\u00e9n\u00e9reuse de produits frais.","og_url":"http:\/\/www.essence-france.com\/fr\/produit\/refrigerateur-140l\/","og_site_name":"Essence France","article_modified_time":"2026-01-13T13:22:44+00:00","og_image":[{"width":1200,"height":1200,"url":"http:\/\/www.essence-france.com\/wp-content\/uploads\/2024\/04\/FRIGO-140.png","type":"image\/png"}],"twitter_card":"summary_large_image","twitter_misc":{"Dur\u00e9e de lecture estim\u00e9e":"1 minute"},"schema":{"@context":"https:\/\/schema.org","@graph":[{"@type":"WebPage","@id":"http:\/\/www.essence-france.com\/fr\/produit\/refrigerateur-140l\/","url":"http:\/\/www.essence-france.com\/fr\/produit\/refrigerateur-140l\/","name":"R\u00e9frig\u00e9rateur 140L - Essence France","isPartOf":{"@id":"https:\/\/www.essence-france.com\/en\/#website"},"primaryImageOfPage":{"@id":"http:\/\/www.essence-france.com\/fr\/produit\/refrigerateur-140l\/#primaryimage"},"image":{"@id":"http:\/\/www.essence-france.com\/fr\/produit\/refrigerateur-140l\/#primaryimage"},"thumbnailUrl":"https:\/\/www.essence-france.com\/wp-content\/uploads\/2024\/04\/FRIGO-140.png","datePublished":"2024-04-26T17:59:29+00:00","dateModified":"2026-01-13T13:22:44+00:00","description":"D\u00e9couvrez notre service de r\u00e9frig\u00e9rateur 140L en location, l'option id\u00e9ale pour stocker une capacit\u00e9 g\u00e9n\u00e9reuse de produits frais.","breadcrumb":{"@id":"http:\/\/www.essence-france.com\/fr\/produit\/refrigerateur-140l\/#breadcrumb"},"inLanguage":"fr-FR","potentialAction":[{"@type":"ReadAction","target":["http:\/\/www.essence-france.com\/fr\/produit\/refrigerateur-140l\/"]}]},{"@type":"ImageObject","inLanguage":"fr-FR","@id":"http:\/\/www.essence-france.com\/fr\/produit\/refrigerateur-140l\/#primaryimage","url":"https:\/\/www.essence-france.com\/wp-content\/uploads\/2024\/04\/FRIGO-140.png","contentUrl":"https:\/\/www.essence-france.com\/wp-content\/uploads\/2024\/04\/FRIGO-140.png","width":1200,"height":1200},{"@type":"BreadcrumbList","@id":"http:\/\/www.essence-france.com\/fr\/produit\/refrigerateur-140l\/#breadcrumb","itemListElement":[{"@type":"ListItem","position":1,"name":"Accueil","item":"https:\/\/www.essence-france.com\/en\/"},{"@type":"ListItem","position":2,"name":"Shop","item":"https:\/\/www.essence-france.com\/en\/boutique\/"},{"@type":"ListItem","position":3,"name":"Refrigerator 140 L"}]},{"@type":"WebSite","@id":"https:\/\/www.essence-france.com\/en\/#website","url":"https:\/\/www.essence-france.com\/en\/","name":"Essence France","description":"","publisher":{"@id":"https:\/\/www.essence-france.com\/en\/#organization"},"potentialAction":[{"@type":"SearchAction","target":{"@type":"EntryPoint","urlTemplate":"https:\/\/www.essence-france.com\/en\/?s={search_term_string}"},"query-input":{"@type":"PropertyValueSpecification","valueRequired":true,"valueName":"search_term_string"}}],"inLanguage":"fr-FR"},{"@type":"Organization","@id":"https:\/\/www.essence-france.com\/en\/#organization","name":"Essence France","url":"https:\/\/www.essence-france.com\/en\/","logo":{"@type":"ImageObject","inLanguage":"fr-FR","@id":"https:\/\/www.essence-france.com\/en\/#\/schema\/logo\/image\/","url":"https:\/\/www.essence-france.com\/wp-content\/uploads\/2024\/04\/Favicon.png","contentUrl":"https:\/\/www.essence-france.com\/wp-content\/uploads\/2024\/04\/Favicon.png","width":507,"height":514,"caption":"Essence France"},"image":{"@id":"https:\/\/www.essence-france.com\/en\/#\/schema\/logo\/image\/"},"sameAs":["https:\/\/www.instagram.com\/essence_france\/","https:\/\/www.linkedin.com\/company\/essencefrance"]}]}},"_links":{"self":[{"href":"https:\/\/www.essence-france.com\/fr\/wp-json\/wp\/v2\/product\/113","targetHints":{"allow":["GET"]}}],"collection":[{"href":"https:\/\/www.essence-france.com\/fr\/wp-json\/wp\/v2\/product"}],"about":[{"href":"https:\/\/www.essence-france.com\/fr\/wp-json\/wp\/v2\/types\/product"}],"replies":[{"embeddable":true,"href":"https:\/\/www.essence-france.com\/fr\/wp-json\/wp\/v2\/comments?post=113"}],"wp:featuredmedia":[{"embeddable":true,"href":"https:\/\/www.essence-france.com\/fr\/wp-json\/wp\/v2\/media\/1583"}],"wp:attachment":[{"href":"https:\/\/www.essence-france.com\/fr\/wp-json\/wp\/v2\/media?parent=113"}],"wp:term":[{"taxonomy":"product_brand","embeddable":true,"href":"https:\/\/www.essence-france.com\/fr\/wp-json\/wp\/v2\/product_brand?post=113"},{"taxonomy":"product_cat","embeddable":true,"href":"https:\/\/www.essence-france.com\/fr\/wp-json\/wp\/v2\/product_cat?post=113"},{"taxonomy":"product_tag","embeddable":true,"href":"https:\/\/www.essence-france.com\/fr\/wp-json\/wp\/v2\/product_tag?post=113"}],"curies":[{"name":"wp","href":"https:\/\/api.w.org\/{rel}","templated":true}]}}