{"id":114,"date":"2024-04-26T18:00:16","date_gmt":"2024-04-26T18:00:16","guid":{"rendered":"https:\/\/www.essence-france.com\/?post_type=product&#038;p=114"},"modified":"2026-01-13T14:05:23","modified_gmt":"2026-01-13T14:05:23","slug":"refrigerateur-220l","status":"publish","type":"product","link":"https:\/\/www.essence-france.com\/fr\/produit\/refrigerateur-220l\/","title":{"rendered":"R\u00e9frig\u00e9rateur 220 L"},"content":{"rendered":"<p class=\"translation-block\">D\u00e9couvrez notre <strong>service de r\u00e9frig\u00e9rateur 220L<\/strong>, con\u00e7u pour accueillir un grand volume de produits frais, garantissant commodit\u00e9 et efficacit\u00e9 pour votre \u00e9v\u00e9nement. Avec sa capacit\u00e9 spacieuse et son compartiment cong\u00e9lateur int\u00e9gr\u00e9, c'est un excellent choix pour une utilisation professionnelle. Veuillez noter que l'\u00e9quipement est lou\u00e9 pour la dur\u00e9e de l'\u00e9v\u00e9nement.<\/p>\n<h3><strong>Caract\u00e9ristiques :<\/strong><\/h3>\n<ul>\n<li class=\"translation-block\"><strong>Dimensions :<\/strong> 54 cm (longueur) x 57,4 cm (largeur) x 146,5 cm (hauteur)<\/li>\n<li class=\"translation-block\"><strong>Volume :<\/strong> 220 litres, incluant un compartiment cong\u00e9lateur de 46 litres<\/li>\n<\/ul>\n<p>\u00c9levez l'exp\u00e9rience de votre \u00e9v\u00e9nement avec la qualit\u00e9 et la praticit\u00e9 offertes par Essence France.<\/p>","protected":false},"excerpt":{"rendered":"<p class=\"translation-block\">Optez pour notre <strong>service de r\u00e9frig\u00e9rateur 220L<\/strong> pour stocker de grandes quantit\u00e9s de produits frais en toute simplicit\u00e9. Cette solution professionnelle inclut un compartiment cong\u00e9lateur et est lou\u00e9e pour la dur\u00e9e de l'\u00e9v\u00e9nement.<\/p>","protected":false},"featured_media":511,"comment_status":"open","ping_status":"closed","template":"","meta":{"_acf_changed":false},"product_brand":[],"product_cat":[21],"product_tag":[],"class_list":{"0":"post-114","1":"product","2":"type-product","3":"status-publish","4":"has-post-thumbnail","6":"product_cat-refrigerator","8":"first","9":"outofstock","10":"taxable","11":"shipping-taxable","12":"purchasable","13":"product-type-simple"},"acf":[],"yoast_head":"<!-- This site is optimized with the Yoast SEO plugin v26.7 - https:\/\/yoast.com\/wordpress\/plugins\/seo\/ -->\n<title>R\u00e9frig\u00e9rateur 220L - Essence France<\/title>\n<meta name=\"description\" content=\"D\u00e9couvrez notre service de r\u00e9frig\u00e9rateur 220L en location, l&#039;option id\u00e9ale pour stocker une grande capacit\u00e9 de produits frais.\" \/>\n<meta name=\"robots\" content=\"index, follow, max-snippet:-1, max-image-preview:large, max-video-preview:-1\" \/>\n<link rel=\"canonical\" href=\"https:\/\/www.essence-france.com\/fr\/produit\/refrigerateur-220l\/\" \/>\n<meta property=\"og:locale\" content=\"fr_FR\" \/>\n<meta property=\"og:type\" content=\"article\" \/>\n<meta property=\"og:title\" content=\"R\u00e9frig\u00e9rateur 220L - Essence France\" \/>\n<meta property=\"og:description\" content=\"D\u00e9couvrez notre service de r\u00e9frig\u00e9rateur 220L en location, l&#039;option id\u00e9ale pour stocker une grande capacit\u00e9 de produits frais.\" \/>\n<meta property=\"og:url\" content=\"https:\/\/www.essence-france.com\/fr\/produit\/refrigerateur-220l\/\" \/>\n<meta property=\"og:site_name\" content=\"Essence France\" \/>\n<meta property=\"article:modified_time\" content=\"2026-01-13T14:05:23+00:00\" \/>\n<meta property=\"og:image\" content=\"https:\/\/www.essence-france.com\/wp-content\/uploads\/2024\/04\/Beko-200-K.webp\" \/>\n\t<meta property=\"og:image:width\" content=\"900\" \/>\n\t<meta property=\"og:image:height\" content=\"900\" \/>\n\t<meta property=\"og:image:type\" content=\"image\/webp\" \/>\n<meta name=\"twitter:card\" content=\"summary_large_image\" \/>\n<meta name=\"twitter:label1\" content=\"Dur\u00e9e de lecture estim\u00e9e\" \/>\n\t<meta name=\"twitter:data1\" content=\"1 minute\" \/>\n<script type=\"application\/ld+json\" class=\"yoast-schema-graph\">{\"@context\":\"https:\/\/schema.org\",\"@graph\":[{\"@type\":\"WebPage\",\"@id\":\"https:\/\/www.essence-france.com\/fr\/produit\/refrigerateur-220l\/\",\"url\":\"https:\/\/www.essence-france.com\/fr\/produit\/refrigerateur-220l\/\",\"name\":\"R\u00e9frig\u00e9rateur 220L - Essence France\",\"isPartOf\":{\"@id\":\"https:\/\/www.essence-france.com\/en\/#website\"},\"primaryImageOfPage\":{\"@id\":\"https:\/\/www.essence-france.com\/fr\/produit\/refrigerateur-220l\/#primaryimage\"},\"image\":{\"@id\":\"https:\/\/www.essence-france.com\/fr\/produit\/refrigerateur-220l\/#primaryimage\"},\"thumbnailUrl\":\"https:\/\/www.essence-france.com\/wp-content\/uploads\/2024\/04\/Beko-200-K.webp\",\"datePublished\":\"2024-04-26T18:00:16+00:00\",\"dateModified\":\"2026-01-13T14:05:23+00:00\",\"description\":\"D\u00e9couvrez notre service de r\u00e9frig\u00e9rateur 220L en location, l'option id\u00e9ale pour stocker une grande capacit\u00e9 de produits frais.\",\"breadcrumb\":{\"@id\":\"https:\/\/www.essence-france.com\/fr\/produit\/refrigerateur-220l\/#breadcrumb\"},\"inLanguage\":\"fr-FR\",\"potentialAction\":[{\"@type\":\"ReadAction\",\"target\":[\"https:\/\/www.essence-france.com\/fr\/produit\/refrigerateur-220l\/\"]}]},{\"@type\":\"ImageObject\",\"inLanguage\":\"fr-FR\",\"@id\":\"https:\/\/www.essence-france.com\/fr\/produit\/refrigerateur-220l\/#primaryimage\",\"url\":\"https:\/\/www.essence-france.com\/wp-content\/uploads\/2024\/04\/Beko-200-K.webp\",\"contentUrl\":\"https:\/\/www.essence-france.com\/wp-content\/uploads\/2024\/04\/Beko-200-K.webp\",\"width\":900,\"height\":900},{\"@type\":\"BreadcrumbList\",\"@id\":\"https:\/\/www.essence-france.com\/fr\/produit\/refrigerateur-220l\/#breadcrumb\",\"itemListElement\":[{\"@type\":\"ListItem\",\"position\":1,\"name\":\"Accueil\",\"item\":\"https:\/\/www.essence-france.com\/en\/\"},{\"@type\":\"ListItem\",\"position\":2,\"name\":\"Shop\",\"item\":\"https:\/\/www.essence-france.com\/en\/boutique\/\"},{\"@type\":\"ListItem\",\"position\":3,\"name\":\"Refrigerator 220 L\"}]},{\"@type\":\"WebSite\",\"@id\":\"https:\/\/www.essence-france.com\/en\/#website\",\"url\":\"https:\/\/www.essence-france.com\/en\/\",\"name\":\"Essence France\",\"description\":\"\",\"publisher\":{\"@id\":\"https:\/\/www.essence-france.com\/en\/#organization\"},\"potentialAction\":[{\"@type\":\"SearchAction\",\"target\":{\"@type\":\"EntryPoint\",\"urlTemplate\":\"https:\/\/www.essence-france.com\/en\/?s={search_term_string}\"},\"query-input\":{\"@type\":\"PropertyValueSpecification\",\"valueRequired\":true,\"valueName\":\"search_term_string\"}}],\"inLanguage\":\"fr-FR\"},{\"@type\":\"Organization\",\"@id\":\"https:\/\/www.essence-france.com\/en\/#organization\",\"name\":\"Essence France\",\"url\":\"https:\/\/www.essence-france.com\/en\/\",\"logo\":{\"@type\":\"ImageObject\",\"inLanguage\":\"fr-FR\",\"@id\":\"https:\/\/www.essence-france.com\/en\/#\/schema\/logo\/image\/\",\"url\":\"https:\/\/www.essence-france.com\/wp-content\/uploads\/2024\/04\/Favicon.png\",\"contentUrl\":\"https:\/\/www.essence-france.com\/wp-content\/uploads\/2024\/04\/Favicon.png\",\"width\":507,\"height\":514,\"caption\":\"Essence France\"},\"image\":{\"@id\":\"https:\/\/www.essence-france.com\/en\/#\/schema\/logo\/image\/\"},\"sameAs\":[\"https:\/\/www.instagram.com\/essence_france\/\",\"https:\/\/www.linkedin.com\/company\/essencefrance\"]}]}<\/script>\n<!-- \/ Yoast SEO plugin. -->","yoast_head_json":{"title":"R\u00e9frig\u00e9rateur 220L - Essence France","description":"D\u00e9couvrez notre service de r\u00e9frig\u00e9rateur 220L en location, l'option id\u00e9ale pour stocker une grande capacit\u00e9 de produits frais.","robots":{"index":"index","follow":"follow","max-snippet":"max-snippet:-1","max-image-preview":"max-image-preview:large","max-video-preview":"max-video-preview:-1"},"canonical":"https:\/\/www.essence-france.com\/fr\/produit\/refrigerateur-220l\/","og_locale":"fr_FR","og_type":"article","og_title":"R\u00e9frig\u00e9rateur 220L - Essence France","og_description":"D\u00e9couvrez notre service de r\u00e9frig\u00e9rateur 220L en location, l'option id\u00e9ale pour stocker une grande capacit\u00e9 de produits frais.","og_url":"https:\/\/www.essence-france.com\/fr\/produit\/refrigerateur-220l\/","og_site_name":"Essence France","article_modified_time":"2026-01-13T14:05:23+00:00","og_image":[{"width":900,"height":900,"url":"https:\/\/www.essence-france.com\/wp-content\/uploads\/2024\/04\/Beko-200-K.webp","type":"image\/webp"}],"twitter_card":"summary_large_image","twitter_misc":{"Dur\u00e9e de lecture estim\u00e9e":"1 minute"},"schema":{"@context":"https:\/\/schema.org","@graph":[{"@type":"WebPage","@id":"https:\/\/www.essence-france.com\/fr\/produit\/refrigerateur-220l\/","url":"https:\/\/www.essence-france.com\/fr\/produit\/refrigerateur-220l\/","name":"R\u00e9frig\u00e9rateur 220L - Essence France","isPartOf":{"@id":"https:\/\/www.essence-france.com\/en\/#website"},"primaryImageOfPage":{"@id":"https:\/\/www.essence-france.com\/fr\/produit\/refrigerateur-220l\/#primaryimage"},"image":{"@id":"https:\/\/www.essence-france.com\/fr\/produit\/refrigerateur-220l\/#primaryimage"},"thumbnailUrl":"https:\/\/www.essence-france.com\/wp-content\/uploads\/2024\/04\/Beko-200-K.webp","datePublished":"2024-04-26T18:00:16+00:00","dateModified":"2026-01-13T14:05:23+00:00","description":"D\u00e9couvrez notre service de r\u00e9frig\u00e9rateur 220L en location, l'option id\u00e9ale pour stocker une grande capacit\u00e9 de produits frais.","breadcrumb":{"@id":"https:\/\/www.essence-france.com\/fr\/produit\/refrigerateur-220l\/#breadcrumb"},"inLanguage":"fr-FR","potentialAction":[{"@type":"ReadAction","target":["https:\/\/www.essence-france.com\/fr\/produit\/refrigerateur-220l\/"]}]},{"@type":"ImageObject","inLanguage":"fr-FR","@id":"https:\/\/www.essence-france.com\/fr\/produit\/refrigerateur-220l\/#primaryimage","url":"https:\/\/www.essence-france.com\/wp-content\/uploads\/2024\/04\/Beko-200-K.webp","contentUrl":"https:\/\/www.essence-france.com\/wp-content\/uploads\/2024\/04\/Beko-200-K.webp","width":900,"height":900},{"@type":"BreadcrumbList","@id":"https:\/\/www.essence-france.com\/fr\/produit\/refrigerateur-220l\/#breadcrumb","itemListElement":[{"@type":"ListItem","position":1,"name":"Accueil","item":"https:\/\/www.essence-france.com\/en\/"},{"@type":"ListItem","position":2,"name":"Shop","item":"https:\/\/www.essence-france.com\/en\/boutique\/"},{"@type":"ListItem","position":3,"name":"Refrigerator 220 L"}]},{"@type":"WebSite","@id":"https:\/\/www.essence-france.com\/en\/#website","url":"https:\/\/www.essence-france.com\/en\/","name":"Essence France","description":"","publisher":{"@id":"https:\/\/www.essence-france.com\/en\/#organization"},"potentialAction":[{"@type":"SearchAction","target":{"@type":"EntryPoint","urlTemplate":"https:\/\/www.essence-france.com\/en\/?s={search_term_string}"},"query-input":{"@type":"PropertyValueSpecification","valueRequired":true,"valueName":"search_term_string"}}],"inLanguage":"fr-FR"},{"@type":"Organization","@id":"https:\/\/www.essence-france.com\/en\/#organization","name":"Essence France","url":"https:\/\/www.essence-france.com\/en\/","logo":{"@type":"ImageObject","inLanguage":"fr-FR","@id":"https:\/\/www.essence-france.com\/en\/#\/schema\/logo\/image\/","url":"https:\/\/www.essence-france.com\/wp-content\/uploads\/2024\/04\/Favicon.png","contentUrl":"https:\/\/www.essence-france.com\/wp-content\/uploads\/2024\/04\/Favicon.png","width":507,"height":514,"caption":"Essence France"},"image":{"@id":"https:\/\/www.essence-france.com\/en\/#\/schema\/logo\/image\/"},"sameAs":["https:\/\/www.instagram.com\/essence_france\/","https:\/\/www.linkedin.com\/company\/essencefrance"]}]}},"_links":{"self":[{"href":"https:\/\/www.essence-france.com\/fr\/wp-json\/wp\/v2\/product\/114","targetHints":{"allow":["GET"]}}],"collection":[{"href":"https:\/\/www.essence-france.com\/fr\/wp-json\/wp\/v2\/product"}],"about":[{"href":"https:\/\/www.essence-france.com\/fr\/wp-json\/wp\/v2\/types\/product"}],"replies":[{"embeddable":true,"href":"https:\/\/www.essence-france.com\/fr\/wp-json\/wp\/v2\/comments?post=114"}],"wp:featuredmedia":[{"embeddable":true,"href":"https:\/\/www.essence-france.com\/fr\/wp-json\/wp\/v2\/media\/511"}],"wp:attachment":[{"href":"https:\/\/www.essence-france.com\/fr\/wp-json\/wp\/v2\/media?parent=114"}],"wp:term":[{"taxonomy":"product_brand","embeddable":true,"href":"https:\/\/www.essence-france.com\/fr\/wp-json\/wp\/v2\/product_brand?post=114"},{"taxonomy":"product_cat","embeddable":true,"href":"https:\/\/www.essence-france.com\/fr\/wp-json\/wp\/v2\/product_cat?post=114"},{"taxonomy":"product_tag","embeddable":true,"href":"https:\/\/www.essence-france.com\/fr\/wp-json\/wp\/v2\/product_tag?post=114"}],"curies":[{"name":"wp","href":"https:\/\/api.w.org\/{rel}","templated":true}]}}