{"id":115,"date":"2024-04-26T18:01:03","date_gmt":"2024-04-26T18:01:03","guid":{"rendered":"https:\/\/www.essence-france.com\/?post_type=product&#038;p=115"},"modified":"2026-01-13T14:46:00","modified_gmt":"2026-01-13T14:46:00","slug":"micro-ondes","status":"publish","type":"product","link":"https:\/\/www.essence-france.com\/fr\/produit\/micro-ondes\/","title":{"rendered":"Micro-ondes"},"content":{"rendered":"<h2><strong>Micro-ondes<\/strong><\/h2>\n<p class=\"translation-block\">D\u00e9couvrez notre service de micro-ondes, la solution pratique pour r\u00e9pondre \u00e0 vos besoins de chauffage lors de vos \u00e9v\u00e9nements. Que ce soit pour r\u00e9chauffer des en-cas ou des repas, cet appareil fiable garantit un fonctionnement fluide et une grande efficacit\u00e9. Veuillez noter que l'\u00e9quipement est lou\u00e9 pour la dur\u00e9e de l'\u00e9v\u00e9nement.<\/p>\n<h3><strong>Caract\u00e9ristiques :<\/strong><\/h3>\n<ul>\n<li class=\"translation-block\"><strong>Dimensions :<\/strong> 44 cm (longueur) x 34 cm (largeur) x 26 cm (hauteur)<\/li>\n<li class=\"translation-block\"><strong>Puissance :<\/strong> 700 Watts<\/li>\n<\/ul>\n<p>Compact et facile \u00e0 utiliser, c'est l'ajout parfait \u00e0 l'am\u00e9nagement de votre \u00e9v\u00e9nement.<\/p>","protected":false},"excerpt":{"rendered":"<p class=\"translation-block\">Simplifiez votre \u00e9v\u00e9nement avec notre service de micro-ondes. Id\u00e9al pour r\u00e9chauffer vos repas, il est compact, efficace et lou\u00e9 pour toute la dur\u00e9e de l'\u00e9v\u00e9nement.<\/p>","protected":false},"featured_media":508,"comment_status":"open","ping_status":"closed","template":"","meta":{"_acf_changed":false},"product_brand":[],"product_cat":[22],"product_tag":[],"class_list":{"0":"post-115","1":"product","2":"type-product","3":"status-publish","4":"has-post-thumbnail","6":"product_cat-accessories","8":"first","9":"instock","10":"taxable","11":"shipping-taxable","12":"purchasable","13":"product-type-simple"},"acf":[],"yoast_head":"<!-- This site is optimized with the Yoast SEO plugin v26.7 - https:\/\/yoast.com\/wordpress\/plugins\/seo\/ -->\n<title>Micro-ondes - Essence France<\/title>\n<meta name=\"description\" content=\"D\u00e9couvrez notre service de micro-ondes en location, l&#039;option id\u00e9ale pour \u00e9lever vos \u00e9v\u00e9nements avec une gamme compl\u00e8te d&#039;\u00e9quipements.\" \/>\n<meta name=\"robots\" content=\"index, follow, max-snippet:-1, max-image-preview:large, max-video-preview:-1\" \/>\n<link rel=\"canonical\" href=\"http:\/\/www.essence-france.com\/fr\/produit\/micro-ondes\/\" \/>\n<meta property=\"og:locale\" content=\"fr_FR\" \/>\n<meta property=\"og:type\" content=\"article\" \/>\n<meta property=\"og:title\" content=\"Micro-ondes - Essence France\" \/>\n<meta property=\"og:description\" content=\"D\u00e9couvrez notre service de micro-ondes en location, l&#039;option id\u00e9ale pour \u00e9lever vos \u00e9v\u00e9nements avec une gamme compl\u00e8te d&#039;\u00e9quipements.\" \/>\n<meta property=\"og:url\" content=\"http:\/\/www.essence-france.com\/fr\/produit\/micro-ondes\/\" \/>\n<meta property=\"og:site_name\" content=\"Essence France\" \/>\n<meta property=\"article:modified_time\" content=\"2026-01-13T14:46:00+00:00\" \/>\n<meta property=\"og:image\" content=\"http:\/\/www.essence-france.com\/wp-content\/uploads\/2024\/04\/microwave.webp\" \/>\n\t<meta property=\"og:image:width\" content=\"1500\" \/>\n\t<meta property=\"og:image:height\" content=\"1500\" \/>\n\t<meta property=\"og:image:type\" content=\"image\/webp\" \/>\n<meta name=\"twitter:card\" content=\"summary_large_image\" \/>\n<meta name=\"twitter:label1\" content=\"Dur\u00e9e de lecture estim\u00e9e\" \/>\n\t<meta name=\"twitter:data1\" content=\"1 minute\" \/>\n<script type=\"application\/ld+json\" class=\"yoast-schema-graph\">{\"@context\":\"https:\/\/schema.org\",\"@graph\":[{\"@type\":\"WebPage\",\"@id\":\"http:\/\/www.essence-france.com\/fr\/produit\/micro-ondes\/\",\"url\":\"http:\/\/www.essence-france.com\/fr\/produit\/micro-ondes\/\",\"name\":\"Micro-ondes - Essence France\",\"isPartOf\":{\"@id\":\"https:\/\/www.essence-france.com\/en\/#website\"},\"primaryImageOfPage\":{\"@id\":\"http:\/\/www.essence-france.com\/fr\/produit\/micro-ondes\/#primaryimage\"},\"image\":{\"@id\":\"http:\/\/www.essence-france.com\/fr\/produit\/micro-ondes\/#primaryimage\"},\"thumbnailUrl\":\"https:\/\/www.essence-france.com\/wp-content\/uploads\/2024\/04\/microwave.webp\",\"datePublished\":\"2024-04-26T18:01:03+00:00\",\"dateModified\":\"2026-01-13T14:46:00+00:00\",\"description\":\"D\u00e9couvrez notre service de micro-ondes en location, l'option id\u00e9ale pour \u00e9lever vos \u00e9v\u00e9nements avec une gamme compl\u00e8te d'\u00e9quipements.\",\"breadcrumb\":{\"@id\":\"http:\/\/www.essence-france.com\/fr\/produit\/micro-ondes\/#breadcrumb\"},\"inLanguage\":\"fr-FR\",\"potentialAction\":[{\"@type\":\"ReadAction\",\"target\":[\"http:\/\/www.essence-france.com\/fr\/produit\/micro-ondes\/\"]}]},{\"@type\":\"ImageObject\",\"inLanguage\":\"fr-FR\",\"@id\":\"http:\/\/www.essence-france.com\/fr\/produit\/micro-ondes\/#primaryimage\",\"url\":\"https:\/\/www.essence-france.com\/wp-content\/uploads\/2024\/04\/microwave.webp\",\"contentUrl\":\"https:\/\/www.essence-france.com\/wp-content\/uploads\/2024\/04\/microwave.webp\",\"width\":1500,\"height\":1500},{\"@type\":\"BreadcrumbList\",\"@id\":\"http:\/\/www.essence-france.com\/fr\/produit\/micro-ondes\/#breadcrumb\",\"itemListElement\":[{\"@type\":\"ListItem\",\"position\":1,\"name\":\"Accueil\",\"item\":\"https:\/\/www.essence-france.com\/en\/\"},{\"@type\":\"ListItem\",\"position\":2,\"name\":\"Shop\",\"item\":\"https:\/\/www.essence-france.com\/en\/boutique\/\"},{\"@type\":\"ListItem\",\"position\":3,\"name\":\"Microwave\"}]},{\"@type\":\"WebSite\",\"@id\":\"https:\/\/www.essence-france.com\/en\/#website\",\"url\":\"https:\/\/www.essence-france.com\/en\/\",\"name\":\"Essence France\",\"description\":\"\",\"publisher\":{\"@id\":\"https:\/\/www.essence-france.com\/en\/#organization\"},\"potentialAction\":[{\"@type\":\"SearchAction\",\"target\":{\"@type\":\"EntryPoint\",\"urlTemplate\":\"https:\/\/www.essence-france.com\/en\/?s={search_term_string}\"},\"query-input\":{\"@type\":\"PropertyValueSpecification\",\"valueRequired\":true,\"valueName\":\"search_term_string\"}}],\"inLanguage\":\"fr-FR\"},{\"@type\":\"Organization\",\"@id\":\"https:\/\/www.essence-france.com\/en\/#organization\",\"name\":\"Essence France\",\"url\":\"https:\/\/www.essence-france.com\/en\/\",\"logo\":{\"@type\":\"ImageObject\",\"inLanguage\":\"fr-FR\",\"@id\":\"https:\/\/www.essence-france.com\/en\/#\/schema\/logo\/image\/\",\"url\":\"https:\/\/www.essence-france.com\/wp-content\/uploads\/2024\/04\/Favicon.png\",\"contentUrl\":\"https:\/\/www.essence-france.com\/wp-content\/uploads\/2024\/04\/Favicon.png\",\"width\":507,\"height\":514,\"caption\":\"Essence France\"},\"image\":{\"@id\":\"https:\/\/www.essence-france.com\/en\/#\/schema\/logo\/image\/\"},\"sameAs\":[\"https:\/\/www.instagram.com\/essence_france\/\",\"https:\/\/www.linkedin.com\/company\/essencefrance\"]}]}<\/script>\n<!-- \/ Yoast SEO plugin. -->","yoast_head_json":{"title":"Micro-ondes - Essence France","description":"D\u00e9couvrez notre service de micro-ondes en location, l'option id\u00e9ale pour \u00e9lever vos \u00e9v\u00e9nements avec une gamme compl\u00e8te d'\u00e9quipements.","robots":{"index":"index","follow":"follow","max-snippet":"max-snippet:-1","max-image-preview":"max-image-preview:large","max-video-preview":"max-video-preview:-1"},"canonical":"http:\/\/www.essence-france.com\/fr\/produit\/micro-ondes\/","og_locale":"fr_FR","og_type":"article","og_title":"Micro-ondes - Essence France","og_description":"D\u00e9couvrez notre service de micro-ondes en location, l'option id\u00e9ale pour \u00e9lever vos \u00e9v\u00e9nements avec une gamme compl\u00e8te d'\u00e9quipements.","og_url":"http:\/\/www.essence-france.com\/fr\/produit\/micro-ondes\/","og_site_name":"Essence France","article_modified_time":"2026-01-13T14:46:00+00:00","og_image":[{"width":1500,"height":1500,"url":"http:\/\/www.essence-france.com\/wp-content\/uploads\/2024\/04\/microwave.webp","type":"image\/webp"}],"twitter_card":"summary_large_image","twitter_misc":{"Dur\u00e9e de lecture estim\u00e9e":"1 minute"},"schema":{"@context":"https:\/\/schema.org","@graph":[{"@type":"WebPage","@id":"http:\/\/www.essence-france.com\/fr\/produit\/micro-ondes\/","url":"http:\/\/www.essence-france.com\/fr\/produit\/micro-ondes\/","name":"Micro-ondes - Essence France","isPartOf":{"@id":"https:\/\/www.essence-france.com\/en\/#website"},"primaryImageOfPage":{"@id":"http:\/\/www.essence-france.com\/fr\/produit\/micro-ondes\/#primaryimage"},"image":{"@id":"http:\/\/www.essence-france.com\/fr\/produit\/micro-ondes\/#primaryimage"},"thumbnailUrl":"https:\/\/www.essence-france.com\/wp-content\/uploads\/2024\/04\/microwave.webp","datePublished":"2024-04-26T18:01:03+00:00","dateModified":"2026-01-13T14:46:00+00:00","description":"D\u00e9couvrez notre service de micro-ondes en location, l'option id\u00e9ale pour \u00e9lever vos \u00e9v\u00e9nements avec une gamme compl\u00e8te d'\u00e9quipements.","breadcrumb":{"@id":"http:\/\/www.essence-france.com\/fr\/produit\/micro-ondes\/#breadcrumb"},"inLanguage":"fr-FR","potentialAction":[{"@type":"ReadAction","target":["http:\/\/www.essence-france.com\/fr\/produit\/micro-ondes\/"]}]},{"@type":"ImageObject","inLanguage":"fr-FR","@id":"http:\/\/www.essence-france.com\/fr\/produit\/micro-ondes\/#primaryimage","url":"https:\/\/www.essence-france.com\/wp-content\/uploads\/2024\/04\/microwave.webp","contentUrl":"https:\/\/www.essence-france.com\/wp-content\/uploads\/2024\/04\/microwave.webp","width":1500,"height":1500},{"@type":"BreadcrumbList","@id":"http:\/\/www.essence-france.com\/fr\/produit\/micro-ondes\/#breadcrumb","itemListElement":[{"@type":"ListItem","position":1,"name":"Accueil","item":"https:\/\/www.essence-france.com\/en\/"},{"@type":"ListItem","position":2,"name":"Shop","item":"https:\/\/www.essence-france.com\/en\/boutique\/"},{"@type":"ListItem","position":3,"name":"Microwave"}]},{"@type":"WebSite","@id":"https:\/\/www.essence-france.com\/en\/#website","url":"https:\/\/www.essence-france.com\/en\/","name":"Essence France","description":"","publisher":{"@id":"https:\/\/www.essence-france.com\/en\/#organization"},"potentialAction":[{"@type":"SearchAction","target":{"@type":"EntryPoint","urlTemplate":"https:\/\/www.essence-france.com\/en\/?s={search_term_string}"},"query-input":{"@type":"PropertyValueSpecification","valueRequired":true,"valueName":"search_term_string"}}],"inLanguage":"fr-FR"},{"@type":"Organization","@id":"https:\/\/www.essence-france.com\/en\/#organization","name":"Essence France","url":"https:\/\/www.essence-france.com\/en\/","logo":{"@type":"ImageObject","inLanguage":"fr-FR","@id":"https:\/\/www.essence-france.com\/en\/#\/schema\/logo\/image\/","url":"https:\/\/www.essence-france.com\/wp-content\/uploads\/2024\/04\/Favicon.png","contentUrl":"https:\/\/www.essence-france.com\/wp-content\/uploads\/2024\/04\/Favicon.png","width":507,"height":514,"caption":"Essence France"},"image":{"@id":"https:\/\/www.essence-france.com\/en\/#\/schema\/logo\/image\/"},"sameAs":["https:\/\/www.instagram.com\/essence_france\/","https:\/\/www.linkedin.com\/company\/essencefrance"]}]}},"_links":{"self":[{"href":"https:\/\/www.essence-france.com\/fr\/wp-json\/wp\/v2\/product\/115","targetHints":{"allow":["GET"]}}],"collection":[{"href":"https:\/\/www.essence-france.com\/fr\/wp-json\/wp\/v2\/product"}],"about":[{"href":"https:\/\/www.essence-france.com\/fr\/wp-json\/wp\/v2\/types\/product"}],"replies":[{"embeddable":true,"href":"https:\/\/www.essence-france.com\/fr\/wp-json\/wp\/v2\/comments?post=115"}],"wp:featuredmedia":[{"embeddable":true,"href":"https:\/\/www.essence-france.com\/fr\/wp-json\/wp\/v2\/media\/508"}],"wp:attachment":[{"href":"https:\/\/www.essence-france.com\/fr\/wp-json\/wp\/v2\/media?parent=115"}],"wp:term":[{"taxonomy":"product_brand","embeddable":true,"href":"https:\/\/www.essence-france.com\/fr\/wp-json\/wp\/v2\/product_brand?post=115"},{"taxonomy":"product_cat","embeddable":true,"href":"https:\/\/www.essence-france.com\/fr\/wp-json\/wp\/v2\/product_cat?post=115"},{"taxonomy":"product_tag","embeddable":true,"href":"https:\/\/www.essence-france.com\/fr\/wp-json\/wp\/v2\/product_tag?post=115"}],"curies":[{"name":"wp","href":"https:\/\/api.w.org\/{rel}","templated":true}]}}