{"id":1540,"date":"2024-11-21T18:29:47","date_gmt":"2024-11-21T18:29:47","guid":{"rendered":"https:\/\/www.essence-france.com\/?post_type=product&#038;p=1540"},"modified":"2026-01-13T13:27:10","modified_gmt":"2026-01-13T13:27:10","slug":"refrigerator-140l-stocked-with-soft-beverages","status":"publish","type":"product","link":"https:\/\/www.essence-france.com\/fr\/produit\/refrigerator-140l-stocked-with-soft-beverages\/","title":{"rendered":"R\u00e9frig\u00e9rateur 140L Rempli de Boissons Sans Alcool"},"content":{"rendered":"<h2><strong>R\u00e9frig\u00e9rateur 140L Rempli de Boissons Sans Alcool<\/strong><\/h2>\n<p>D\u00e9couvrez notre service de r\u00e9frig\u00e9rateur 140L, rempli par nos soins avec une vari\u00e9t\u00e9 de boissons non alcoolis\u00e9es, garantissant qu'elles restent parfaitement fra\u00eeches. Veuillez noter que l'\u00e9quipement est disponible \u00e0 la location exclusivement pendant la dur\u00e9e de votre \u00e9v\u00e9nement.<\/p>\n<h3><strong>Boissons<\/strong><\/h3>\n<ul>\n<li><strong>Boissons Non-Alcoolis\u00e9es :<\/strong>\n<ul>\n<li>5L de jus d'orange : Parfait pour le petit d\u00e9jeuner, les cocktails ou une boisson rafra\u00eechissante \u00e0 tout moment.<\/li>\n<li>5L de Coca-Cola : Un soda classique, id\u00e9al pour accompagner des snacks ou des repas.<\/li>\n<li>3L de Perrier : Eau p\u00e9tillante pour une option rafra\u00eechissante et vivifiante.<\/li>\n<li>6L d'eau min\u00e9rale : Essentielle pour l'hydratation et polyvalente pour toutes les occasions.<\/li>\n<\/ul>\n<\/li>\n<\/ul>\n<h3><strong><span class=\"fontstyle0\">Caract\u00e9ristiques :<\/span><\/strong><\/h3>\n<ul>\n<li><span class=\"fontstyle0\">Dimensions : 54(L) x 59(L) x 84(H) cm<\/span><\/li>\n<li><span class=\"fontstyle0\">Volume : 104L, comprenant un compartiment cong\u00e9lateur de 13L<\/span><\/li>\n<\/ul>\n<p>&nbsp;<\/p>","protected":false},"excerpt":{"rendered":"<h5><strong>R\u00e9frig\u00e9rateur 140L \u2013 Boissons Fra\u00eeches pour Votre \u00c9v\u00e9nement<\/strong><\/h5>\n<p>Louez notre r\u00e9frig\u00e9rateur 140L, rempli de boissons non alcoolis\u00e9es pour garder vos invit\u00e9s hydrat\u00e9s et satisfaits. Avec son design spacieux et son syst\u00e8me de refroidissement efficace, c\u2019est un ajout essentiel \u00e0 votre \u00e9v\u00e9nement.<\/p>\n<h6><strong>Ce qui est inclus :<\/strong><\/h6>\n<ul>\n<li><strong>R\u00e9frig\u00e9rateur Enti\u00e8rement Approvisionn\u00e9 :<\/strong> Orange juice, Coca-Cola, Perrier, mineral water and\u00a0a variety of snacks.<\/li>\n<\/ul>\n<p>Pratique et polyvalent, ce r\u00e9frig\u00e9rateur garantit que toutes vos boissons sans alcool sont servies bien fra\u00eeches et pr\u00eates \u00e0 \u00eatre d\u00e9gust\u00e9es.<\/p>","protected":false},"featured_media":1541,"comment_status":"open","ping_status":"closed","template":"","meta":{"_acf_changed":false},"product_brand":[],"product_cat":[21],"product_tag":[],"class_list":{"0":"post-1540","1":"product","2":"type-product","3":"status-publish","4":"has-post-thumbnail","6":"product_cat-refrigerator","8":"first","9":"instock","10":"taxable","11":"shipping-taxable","12":"purchasable","13":"product-type-simple"},"acf":[],"yoast_head":"<!-- This site is optimized with the Yoast SEO plugin v26.7 - https:\/\/yoast.com\/wordpress\/plugins\/seo\/ -->\n<title>R\u00e9frig\u00e9rateur 140L garni non alcoolis\u00e9 - Essence France<\/title>\n<meta name=\"description\" content=\"D\u00e9couvrez notre service de location de r\u00e9frig\u00e9rateur 140L, garni de boissons non alcoolis\u00e9es.\" \/>\n<meta name=\"robots\" content=\"index, follow, max-snippet:-1, max-image-preview:large, max-video-preview:-1\" \/>\n<link rel=\"canonical\" href=\"https:\/\/www.essence-france.com\/fr\/produit\/refrigerator-140l-stocked-with-soft-beverages\/\" \/>\n<meta property=\"og:locale\" content=\"fr_FR\" \/>\n<meta property=\"og:type\" content=\"article\" \/>\n<meta property=\"og:title\" content=\"R\u00e9frig\u00e9rateur 140L garni non alcoolis\u00e9 - Essence France\" \/>\n<meta property=\"og:description\" content=\"D\u00e9couvrez notre service de location de r\u00e9frig\u00e9rateur 140L, garni de boissons non alcoolis\u00e9es.\" \/>\n<meta property=\"og:url\" content=\"https:\/\/www.essence-france.com\/fr\/produit\/refrigerator-140l-stocked-with-soft-beverages\/\" \/>\n<meta property=\"og:site_name\" content=\"Essence France\" \/>\n<meta property=\"article:modified_time\" content=\"2026-01-13T13:27:10+00:00\" \/>\n<meta property=\"og:image\" content=\"https:\/\/www.essence-france.com\/wp-content\/uploads\/2024\/11\/FRIGO_GARNIT_SOFT.png\" \/>\n\t<meta property=\"og:image:width\" content=\"1200\" \/>\n\t<meta property=\"og:image:height\" content=\"1200\" \/>\n\t<meta property=\"og:image:type\" content=\"image\/png\" \/>\n<meta name=\"twitter:card\" content=\"summary_large_image\" \/>\n<meta name=\"twitter:label1\" content=\"Dur\u00e9e de lecture estim\u00e9e\" \/>\n\t<meta name=\"twitter:data1\" content=\"1 minute\" \/>\n<script type=\"application\/ld+json\" class=\"yoast-schema-graph\">{\"@context\":\"https:\/\/schema.org\",\"@graph\":[{\"@type\":\"WebPage\",\"@id\":\"https:\/\/www.essence-france.com\/en\/product\/refrigerator-140l-stocked-with-soft-beverages\/\",\"url\":\"https:\/\/www.essence-france.com\/en\/product\/refrigerator-140l-stocked-with-soft-beverages\/\",\"name\":\"R\u00e9frig\u00e9rateur 140L garni non alcoolis\u00e9 - Essence France\",\"isPartOf\":{\"@id\":\"http:\/\/www.essence-france.com\/en\/#website\"},\"primaryImageOfPage\":{\"@id\":\"https:\/\/www.essence-france.com\/en\/product\/refrigerator-140l-stocked-with-soft-beverages\/#primaryimage\"},\"image\":{\"@id\":\"https:\/\/www.essence-france.com\/en\/product\/refrigerator-140l-stocked-with-soft-beverages\/#primaryimage\"},\"thumbnailUrl\":\"https:\/\/www.essence-france.com\/wp-content\/uploads\/2024\/11\/FRIGO_GARNIT_SOFT.png\",\"datePublished\":\"2024-11-21T18:29:47+00:00\",\"dateModified\":\"2026-01-13T13:27:10+00:00\",\"description\":\"D\u00e9couvrez notre service de location de r\u00e9frig\u00e9rateur 140L, garni de boissons non alcoolis\u00e9es.\",\"breadcrumb\":{\"@id\":\"https:\/\/www.essence-france.com\/en\/product\/refrigerator-140l-stocked-with-soft-beverages\/#breadcrumb\"},\"inLanguage\":\"fr-FR\",\"potentialAction\":[{\"@type\":\"ReadAction\",\"target\":[\"https:\/\/www.essence-france.com\/en\/product\/refrigerator-140l-stocked-with-soft-beverages\/\"]}]},{\"@type\":\"ImageObject\",\"inLanguage\":\"fr-FR\",\"@id\":\"https:\/\/www.essence-france.com\/en\/product\/refrigerator-140l-stocked-with-soft-beverages\/#primaryimage\",\"url\":\"https:\/\/www.essence-france.com\/wp-content\/uploads\/2024\/11\/FRIGO_GARNIT_SOFT.png\",\"contentUrl\":\"https:\/\/www.essence-france.com\/wp-content\/uploads\/2024\/11\/FRIGO_GARNIT_SOFT.png\",\"width\":1200,\"height\":1200},{\"@type\":\"BreadcrumbList\",\"@id\":\"https:\/\/www.essence-france.com\/en\/product\/refrigerator-140l-stocked-with-soft-beverages\/#breadcrumb\",\"itemListElement\":[{\"@type\":\"ListItem\",\"position\":1,\"name\":\"Accueil\",\"item\":\"http:\/\/www.essence-france.com\/fr\/\"},{\"@type\":\"ListItem\",\"position\":2,\"name\":\"Shop\",\"item\":\"http:\/\/www.essence-france.com\/fr\/boutique\/\"},{\"@type\":\"ListItem\",\"position\":3,\"name\":\"Refrigerator 140L Stocked with Soft Beverages\"}]},{\"@type\":\"WebSite\",\"@id\":\"http:\/\/www.essence-france.com\/en\/#website\",\"url\":\"http:\/\/www.essence-france.com\/en\/\",\"name\":\"Essence France\",\"description\":\"\",\"publisher\":{\"@id\":\"http:\/\/www.essence-france.com\/en\/#organization\"},\"potentialAction\":[{\"@type\":\"SearchAction\",\"target\":{\"@type\":\"EntryPoint\",\"urlTemplate\":\"http:\/\/www.essence-france.com\/en\/?s={search_term_string}\"},\"query-input\":{\"@type\":\"PropertyValueSpecification\",\"valueRequired\":true,\"valueName\":\"search_term_string\"}}],\"inLanguage\":\"fr-FR\"},{\"@type\":\"Organization\",\"@id\":\"http:\/\/www.essence-france.com\/en\/#organization\",\"name\":\"Essence France\",\"url\":\"http:\/\/www.essence-france.com\/en\/\",\"logo\":{\"@type\":\"ImageObject\",\"inLanguage\":\"fr-FR\",\"@id\":\"http:\/\/www.essence-france.com\/en\/#\/schema\/logo\/image\/\",\"url\":\"https:\/\/www.essence-france.com\/wp-content\/uploads\/2024\/04\/Favicon.png\",\"contentUrl\":\"https:\/\/www.essence-france.com\/wp-content\/uploads\/2024\/04\/Favicon.png\",\"width\":507,\"height\":514,\"caption\":\"Essence France\"},\"image\":{\"@id\":\"http:\/\/www.essence-france.com\/en\/#\/schema\/logo\/image\/\"},\"sameAs\":[\"https:\/\/www.instagram.com\/essence_france\/\",\"https:\/\/www.linkedin.com\/company\/essencefrance\"]}]}<\/script>\n<!-- \/ Yoast SEO plugin. -->","yoast_head_json":{"title":"R\u00e9frig\u00e9rateur 140L garni non alcoolis\u00e9 - Essence France","description":"D\u00e9couvrez notre service de location de r\u00e9frig\u00e9rateur 140L, garni de boissons non alcoolis\u00e9es.","robots":{"index":"index","follow":"follow","max-snippet":"max-snippet:-1","max-image-preview":"max-image-preview:large","max-video-preview":"max-video-preview:-1"},"canonical":"https:\/\/www.essence-france.com\/fr\/produit\/refrigerator-140l-stocked-with-soft-beverages\/","og_locale":"fr_FR","og_type":"article","og_title":"R\u00e9frig\u00e9rateur 140L garni non alcoolis\u00e9 - Essence France","og_description":"D\u00e9couvrez notre service de location de r\u00e9frig\u00e9rateur 140L, garni de boissons non alcoolis\u00e9es.","og_url":"https:\/\/www.essence-france.com\/fr\/produit\/refrigerator-140l-stocked-with-soft-beverages\/","og_site_name":"Essence France","article_modified_time":"2026-01-13T13:27:10+00:00","og_image":[{"width":1200,"height":1200,"url":"https:\/\/www.essence-france.com\/wp-content\/uploads\/2024\/11\/FRIGO_GARNIT_SOFT.png","type":"image\/png"}],"twitter_card":"summary_large_image","twitter_misc":{"Dur\u00e9e de lecture estim\u00e9e":"1 minute"},"schema":{"@context":"https:\/\/schema.org","@graph":[{"@type":"WebPage","@id":"https:\/\/www.essence-france.com\/en\/product\/refrigerator-140l-stocked-with-soft-beverages\/","url":"https:\/\/www.essence-france.com\/en\/product\/refrigerator-140l-stocked-with-soft-beverages\/","name":"R\u00e9frig\u00e9rateur 140L garni non alcoolis\u00e9 - Essence France","isPartOf":{"@id":"http:\/\/www.essence-france.com\/en\/#website"},"primaryImageOfPage":{"@id":"https:\/\/www.essence-france.com\/en\/product\/refrigerator-140l-stocked-with-soft-beverages\/#primaryimage"},"image":{"@id":"https:\/\/www.essence-france.com\/en\/product\/refrigerator-140l-stocked-with-soft-beverages\/#primaryimage"},"thumbnailUrl":"https:\/\/www.essence-france.com\/wp-content\/uploads\/2024\/11\/FRIGO_GARNIT_SOFT.png","datePublished":"2024-11-21T18:29:47+00:00","dateModified":"2026-01-13T13:27:10+00:00","description":"D\u00e9couvrez notre service de location de r\u00e9frig\u00e9rateur 140L, garni de boissons non alcoolis\u00e9es.","breadcrumb":{"@id":"https:\/\/www.essence-france.com\/en\/product\/refrigerator-140l-stocked-with-soft-beverages\/#breadcrumb"},"inLanguage":"fr-FR","potentialAction":[{"@type":"ReadAction","target":["https:\/\/www.essence-france.com\/en\/product\/refrigerator-140l-stocked-with-soft-beverages\/"]}]},{"@type":"ImageObject","inLanguage":"fr-FR","@id":"https:\/\/www.essence-france.com\/en\/product\/refrigerator-140l-stocked-with-soft-beverages\/#primaryimage","url":"https:\/\/www.essence-france.com\/wp-content\/uploads\/2024\/11\/FRIGO_GARNIT_SOFT.png","contentUrl":"https:\/\/www.essence-france.com\/wp-content\/uploads\/2024\/11\/FRIGO_GARNIT_SOFT.png","width":1200,"height":1200},{"@type":"BreadcrumbList","@id":"https:\/\/www.essence-france.com\/en\/product\/refrigerator-140l-stocked-with-soft-beverages\/#breadcrumb","itemListElement":[{"@type":"ListItem","position":1,"name":"Accueil","item":"http:\/\/www.essence-france.com\/fr\/"},{"@type":"ListItem","position":2,"name":"Shop","item":"http:\/\/www.essence-france.com\/fr\/boutique\/"},{"@type":"ListItem","position":3,"name":"Refrigerator 140L Stocked with Soft Beverages"}]},{"@type":"WebSite","@id":"http:\/\/www.essence-france.com\/en\/#website","url":"http:\/\/www.essence-france.com\/en\/","name":"Essence France","description":"","publisher":{"@id":"http:\/\/www.essence-france.com\/en\/#organization"},"potentialAction":[{"@type":"SearchAction","target":{"@type":"EntryPoint","urlTemplate":"http:\/\/www.essence-france.com\/en\/?s={search_term_string}"},"query-input":{"@type":"PropertyValueSpecification","valueRequired":true,"valueName":"search_term_string"}}],"inLanguage":"fr-FR"},{"@type":"Organization","@id":"http:\/\/www.essence-france.com\/en\/#organization","name":"Essence France","url":"http:\/\/www.essence-france.com\/en\/","logo":{"@type":"ImageObject","inLanguage":"fr-FR","@id":"http:\/\/www.essence-france.com\/en\/#\/schema\/logo\/image\/","url":"https:\/\/www.essence-france.com\/wp-content\/uploads\/2024\/04\/Favicon.png","contentUrl":"https:\/\/www.essence-france.com\/wp-content\/uploads\/2024\/04\/Favicon.png","width":507,"height":514,"caption":"Essence France"},"image":{"@id":"http:\/\/www.essence-france.com\/en\/#\/schema\/logo\/image\/"},"sameAs":["https:\/\/www.instagram.com\/essence_france\/","https:\/\/www.linkedin.com\/company\/essencefrance"]}]}},"_links":{"self":[{"href":"https:\/\/www.essence-france.com\/fr\/wp-json\/wp\/v2\/product\/1540","targetHints":{"allow":["GET"]}}],"collection":[{"href":"https:\/\/www.essence-france.com\/fr\/wp-json\/wp\/v2\/product"}],"about":[{"href":"https:\/\/www.essence-france.com\/fr\/wp-json\/wp\/v2\/types\/product"}],"replies":[{"embeddable":true,"href":"https:\/\/www.essence-france.com\/fr\/wp-json\/wp\/v2\/comments?post=1540"}],"wp:featuredmedia":[{"embeddable":true,"href":"https:\/\/www.essence-france.com\/fr\/wp-json\/wp\/v2\/media\/1541"}],"wp:attachment":[{"href":"https:\/\/www.essence-france.com\/fr\/wp-json\/wp\/v2\/media?parent=1540"}],"wp:term":[{"taxonomy":"product_brand","embeddable":true,"href":"https:\/\/www.essence-france.com\/fr\/wp-json\/wp\/v2\/product_brand?post=1540"},{"taxonomy":"product_cat","embeddable":true,"href":"https:\/\/www.essence-france.com\/fr\/wp-json\/wp\/v2\/product_cat?post=1540"},{"taxonomy":"product_tag","embeddable":true,"href":"https:\/\/www.essence-france.com\/fr\/wp-json\/wp\/v2\/product_tag?post=1540"}],"curies":[{"name":"wp","href":"https:\/\/api.w.org\/{rel}","templated":true}]}}