{"id":1658,"date":"2025-02-19T16:45:36","date_gmt":"2025-02-19T16:45:36","guid":{"rendered":"https:\/\/www.essence-france.com\/?post_type=product&#038;p=1658"},"modified":"2026-01-13T14:44:40","modified_gmt":"2026-01-13T14:44:40","slug":"restock-alcoholic-beverages","status":"publish","type":"product","link":"https:\/\/www.essence-france.com\/fr\/produit\/restock-alcoholic-beverages\/","title":{"rendered":"140L &#8211; Restock Alcoholic Beverages"},"content":{"rendered":"<h2><strong>Restock Alcoholic Beverages for refrigerator 140L<\/strong><\/h2>\n<p>D\u00e9couvrez notre r\u00e9approvisionnement de diverses boissons alcoolis\u00e9es et non alcoolis\u00e9es, garantissant qu'elles restent parfaitement fra\u00eeches.<br \/>\nLes commandes doivent \u00eatre pass\u00e9es la veille pour une livraison le lendemain.<\/p>\n<h3><strong>Boissons<\/strong><\/h3>\n<ul>\n<li><strong>Boissons Non-Alcoolis\u00e9es :<\/strong>\n<ul>\n<li>2 Litres de jus d'orange : Parfait pour le petit d\u00e9jeuner, les cocktails ou une boisson rafra\u00eechissante \u00e0 tout moment.<\/li>\n<li>3 Litres de Coca-Cola : Un soda classique qui se marie bien avec des encas et des repas.<\/li>\n<li>3 Litres de Perrier : De l\u2019eau p\u00e9tillante pour une option fra\u00eeche et revigorante.<\/li>\n<li>6 Litres d\u2019eau min\u00e9rale : Indispensable pour l\u2019hydratation et polyvalent pour toutes les occasions.<\/li>\n<\/ul>\n<\/li>\n<li><strong>Boissons Alcoolis\u00e9es :<\/strong>\n<ul>\n<li>1 Litre de whisky : Un choix premium pour les connaisseurs ou pour les cocktails.<\/li>\n<li>0,75 Litres de champagne : Un vin mousseux festif pour les moments sp\u00e9ciaux.<\/li>\n<\/ul>\n<\/li>\n<\/ul>","protected":false},"excerpt":{"rendered":"<h5><strong>Boissons fra\u00eeches pour votre \u00e9v\u00e9nement<\/strong><\/h5>\n<p>S\u00e9lection de boissons alcoolis\u00e9es et non alcoolis\u00e9es pour ravir vos invit\u00e9s. Garantit des boissons fra\u00eeches et pr\u00eates \u00e0 servir, un ajout essentiel \u00e0 tout \u00e9v\u00e9nement.<\/p>\n<h6><strong>Ce qui est inclus :<\/strong><\/h6>\n<ul>\n<li><strong>Restocke R\u00e9frig\u00e9rateur :<\/strong> Juices, Coca-Cola, Perrier, mineral water, whisky, champagne, and a variety of snacks.<\/li>\n<\/ul>","protected":false},"featured_media":1659,"comment_status":"open","ping_status":"closed","template":"","meta":{"_acf_changed":false},"product_brand":[],"product_cat":[21],"product_tag":[],"class_list":{"0":"post-1658","1":"product","2":"type-product","3":"status-publish","4":"has-post-thumbnail","6":"product_cat-refrigerator","8":"first","9":"instock","10":"taxable","11":"shipping-taxable","12":"purchasable","13":"product-type-simple"},"acf":[],"yoast_head":"<!-- This site is optimized with the Yoast SEO plugin v26.7 - https:\/\/yoast.com\/wordpress\/plugins\/seo\/ -->\n<title>R\u00e9frig\u00e9rateur 140L garni alcoolis\u00e9 - Essence France<\/title>\n<meta name=\"description\" content=\"D\u00e9couvrez notre service de location de r\u00e9frig\u00e9rateur 140L, garni de boissons alcoolis\u00e9es.\" \/>\n<meta name=\"robots\" content=\"index, follow, max-snippet:-1, max-image-preview:large, max-video-preview:-1\" \/>\n<link rel=\"canonical\" href=\"https:\/\/www.essence-france.com\/fr\/produit\/restock-alcoholic-beverages\/\" \/>\n<meta property=\"og:locale\" content=\"fr_FR\" \/>\n<meta property=\"og:type\" content=\"article\" \/>\n<meta property=\"og:title\" content=\"R\u00e9frig\u00e9rateur 140L garni alcoolis\u00e9 - Essence France\" \/>\n<meta property=\"og:description\" content=\"D\u00e9couvrez notre service de location de r\u00e9frig\u00e9rateur 140L, garni de boissons alcoolis\u00e9es.\" \/>\n<meta property=\"og:url\" content=\"https:\/\/www.essence-france.com\/fr\/produit\/restock-alcoholic-beverages\/\" \/>\n<meta property=\"og:site_name\" content=\"Essence France\" \/>\n<meta property=\"article:modified_time\" content=\"2026-01-13T14:44:40+00:00\" \/>\n<meta property=\"og:image\" content=\"https:\/\/www.essence-france.com\/wp-content\/uploads\/2025\/02\/PACK_ALCOOL_REA.png\" \/>\n\t<meta property=\"og:image:width\" content=\"1200\" \/>\n\t<meta property=\"og:image:height\" content=\"1200\" \/>\n\t<meta property=\"og:image:type\" content=\"image\/png\" \/>\n<meta name=\"twitter:card\" content=\"summary_large_image\" \/>\n<meta name=\"twitter:label1\" content=\"Dur\u00e9e de lecture estim\u00e9e\" \/>\n\t<meta name=\"twitter:data1\" content=\"1 minute\" \/>\n<script type=\"application\/ld+json\" class=\"yoast-schema-graph\">{\"@context\":\"https:\/\/schema.org\",\"@graph\":[{\"@type\":\"WebPage\",\"@id\":\"https:\/\/www.essence-france.com\/fr\/produit\/restock-alcoholic-beverages\/\",\"url\":\"https:\/\/www.essence-france.com\/fr\/produit\/restock-alcoholic-beverages\/\",\"name\":\"R\u00e9frig\u00e9rateur 140L garni alcoolis\u00e9 - Essence France\",\"isPartOf\":{\"@id\":\"https:\/\/www.essence-france.com\/en\/#website\"},\"primaryImageOfPage\":{\"@id\":\"https:\/\/www.essence-france.com\/fr\/produit\/restock-alcoholic-beverages\/#primaryimage\"},\"image\":{\"@id\":\"https:\/\/www.essence-france.com\/fr\/produit\/restock-alcoholic-beverages\/#primaryimage\"},\"thumbnailUrl\":\"https:\/\/www.essence-france.com\/wp-content\/uploads\/2025\/02\/PACK_ALCOOL_REA.png\",\"datePublished\":\"2025-02-19T16:45:36+00:00\",\"dateModified\":\"2026-01-13T14:44:40+00:00\",\"description\":\"D\u00e9couvrez notre service de location de r\u00e9frig\u00e9rateur 140L, garni de boissons alcoolis\u00e9es.\",\"breadcrumb\":{\"@id\":\"https:\/\/www.essence-france.com\/fr\/produit\/restock-alcoholic-beverages\/#breadcrumb\"},\"inLanguage\":\"fr-FR\",\"potentialAction\":[{\"@type\":\"ReadAction\",\"target\":[\"https:\/\/www.essence-france.com\/fr\/produit\/restock-alcoholic-beverages\/\"]}]},{\"@type\":\"ImageObject\",\"inLanguage\":\"fr-FR\",\"@id\":\"https:\/\/www.essence-france.com\/fr\/produit\/restock-alcoholic-beverages\/#primaryimage\",\"url\":\"https:\/\/www.essence-france.com\/wp-content\/uploads\/2025\/02\/PACK_ALCOOL_REA.png\",\"contentUrl\":\"https:\/\/www.essence-france.com\/wp-content\/uploads\/2025\/02\/PACK_ALCOOL_REA.png\",\"width\":1200,\"height\":1200},{\"@type\":\"BreadcrumbList\",\"@id\":\"https:\/\/www.essence-france.com\/fr\/produit\/restock-alcoholic-beverages\/#breadcrumb\",\"itemListElement\":[{\"@type\":\"ListItem\",\"position\":1,\"name\":\"Accueil\",\"item\":\"https:\/\/www.essence-france.com\/en\/\"},{\"@type\":\"ListItem\",\"position\":2,\"name\":\"Shop\",\"item\":\"https:\/\/www.essence-france.com\/en\/boutique\/\"},{\"@type\":\"ListItem\",\"position\":3,\"name\":\"140L &#8211; Restock Alcoholic Beverages\"}]},{\"@type\":\"WebSite\",\"@id\":\"https:\/\/www.essence-france.com\/en\/#website\",\"url\":\"https:\/\/www.essence-france.com\/en\/\",\"name\":\"Essence France\",\"description\":\"\",\"publisher\":{\"@id\":\"https:\/\/www.essence-france.com\/en\/#organization\"},\"potentialAction\":[{\"@type\":\"SearchAction\",\"target\":{\"@type\":\"EntryPoint\",\"urlTemplate\":\"https:\/\/www.essence-france.com\/en\/?s={search_term_string}\"},\"query-input\":{\"@type\":\"PropertyValueSpecification\",\"valueRequired\":true,\"valueName\":\"search_term_string\"}}],\"inLanguage\":\"fr-FR\"},{\"@type\":\"Organization\",\"@id\":\"https:\/\/www.essence-france.com\/en\/#organization\",\"name\":\"Essence France\",\"url\":\"https:\/\/www.essence-france.com\/en\/\",\"logo\":{\"@type\":\"ImageObject\",\"inLanguage\":\"fr-FR\",\"@id\":\"https:\/\/www.essence-france.com\/en\/#\/schema\/logo\/image\/\",\"url\":\"https:\/\/www.essence-france.com\/wp-content\/uploads\/2024\/04\/Favicon.png\",\"contentUrl\":\"https:\/\/www.essence-france.com\/wp-content\/uploads\/2024\/04\/Favicon.png\",\"width\":507,\"height\":514,\"caption\":\"Essence France\"},\"image\":{\"@id\":\"https:\/\/www.essence-france.com\/en\/#\/schema\/logo\/image\/\"},\"sameAs\":[\"https:\/\/www.instagram.com\/essence_france\/\",\"https:\/\/www.linkedin.com\/company\/essencefrance\"]}]}<\/script>\n<!-- \/ Yoast SEO plugin. -->","yoast_head_json":{"title":"R\u00e9frig\u00e9rateur 140L garni alcoolis\u00e9 - Essence France","description":"D\u00e9couvrez notre service de location de r\u00e9frig\u00e9rateur 140L, garni de boissons alcoolis\u00e9es.","robots":{"index":"index","follow":"follow","max-snippet":"max-snippet:-1","max-image-preview":"max-image-preview:large","max-video-preview":"max-video-preview:-1"},"canonical":"https:\/\/www.essence-france.com\/fr\/produit\/restock-alcoholic-beverages\/","og_locale":"fr_FR","og_type":"article","og_title":"R\u00e9frig\u00e9rateur 140L garni alcoolis\u00e9 - Essence France","og_description":"D\u00e9couvrez notre service de location de r\u00e9frig\u00e9rateur 140L, garni de boissons alcoolis\u00e9es.","og_url":"https:\/\/www.essence-france.com\/fr\/produit\/restock-alcoholic-beverages\/","og_site_name":"Essence France","article_modified_time":"2026-01-13T14:44:40+00:00","og_image":[{"width":1200,"height":1200,"url":"https:\/\/www.essence-france.com\/wp-content\/uploads\/2025\/02\/PACK_ALCOOL_REA.png","type":"image\/png"}],"twitter_card":"summary_large_image","twitter_misc":{"Dur\u00e9e de lecture estim\u00e9e":"1 minute"},"schema":{"@context":"https:\/\/schema.org","@graph":[{"@type":"WebPage","@id":"https:\/\/www.essence-france.com\/fr\/produit\/restock-alcoholic-beverages\/","url":"https:\/\/www.essence-france.com\/fr\/produit\/restock-alcoholic-beverages\/","name":"R\u00e9frig\u00e9rateur 140L garni alcoolis\u00e9 - Essence France","isPartOf":{"@id":"https:\/\/www.essence-france.com\/en\/#website"},"primaryImageOfPage":{"@id":"https:\/\/www.essence-france.com\/fr\/produit\/restock-alcoholic-beverages\/#primaryimage"},"image":{"@id":"https:\/\/www.essence-france.com\/fr\/produit\/restock-alcoholic-beverages\/#primaryimage"},"thumbnailUrl":"https:\/\/www.essence-france.com\/wp-content\/uploads\/2025\/02\/PACK_ALCOOL_REA.png","datePublished":"2025-02-19T16:45:36+00:00","dateModified":"2026-01-13T14:44:40+00:00","description":"D\u00e9couvrez notre service de location de r\u00e9frig\u00e9rateur 140L, garni de boissons alcoolis\u00e9es.","breadcrumb":{"@id":"https:\/\/www.essence-france.com\/fr\/produit\/restock-alcoholic-beverages\/#breadcrumb"},"inLanguage":"fr-FR","potentialAction":[{"@type":"ReadAction","target":["https:\/\/www.essence-france.com\/fr\/produit\/restock-alcoholic-beverages\/"]}]},{"@type":"ImageObject","inLanguage":"fr-FR","@id":"https:\/\/www.essence-france.com\/fr\/produit\/restock-alcoholic-beverages\/#primaryimage","url":"https:\/\/www.essence-france.com\/wp-content\/uploads\/2025\/02\/PACK_ALCOOL_REA.png","contentUrl":"https:\/\/www.essence-france.com\/wp-content\/uploads\/2025\/02\/PACK_ALCOOL_REA.png","width":1200,"height":1200},{"@type":"BreadcrumbList","@id":"https:\/\/www.essence-france.com\/fr\/produit\/restock-alcoholic-beverages\/#breadcrumb","itemListElement":[{"@type":"ListItem","position":1,"name":"Accueil","item":"https:\/\/www.essence-france.com\/en\/"},{"@type":"ListItem","position":2,"name":"Shop","item":"https:\/\/www.essence-france.com\/en\/boutique\/"},{"@type":"ListItem","position":3,"name":"140L &#8211; Restock Alcoholic Beverages"}]},{"@type":"WebSite","@id":"https:\/\/www.essence-france.com\/en\/#website","url":"https:\/\/www.essence-france.com\/en\/","name":"Essence France","description":"","publisher":{"@id":"https:\/\/www.essence-france.com\/en\/#organization"},"potentialAction":[{"@type":"SearchAction","target":{"@type":"EntryPoint","urlTemplate":"https:\/\/www.essence-france.com\/en\/?s={search_term_string}"},"query-input":{"@type":"PropertyValueSpecification","valueRequired":true,"valueName":"search_term_string"}}],"inLanguage":"fr-FR"},{"@type":"Organization","@id":"https:\/\/www.essence-france.com\/en\/#organization","name":"Essence France","url":"https:\/\/www.essence-france.com\/en\/","logo":{"@type":"ImageObject","inLanguage":"fr-FR","@id":"https:\/\/www.essence-france.com\/en\/#\/schema\/logo\/image\/","url":"https:\/\/www.essence-france.com\/wp-content\/uploads\/2024\/04\/Favicon.png","contentUrl":"https:\/\/www.essence-france.com\/wp-content\/uploads\/2024\/04\/Favicon.png","width":507,"height":514,"caption":"Essence France"},"image":{"@id":"https:\/\/www.essence-france.com\/en\/#\/schema\/logo\/image\/"},"sameAs":["https:\/\/www.instagram.com\/essence_france\/","https:\/\/www.linkedin.com\/company\/essencefrance"]}]}},"_links":{"self":[{"href":"https:\/\/www.essence-france.com\/fr\/wp-json\/wp\/v2\/product\/1658","targetHints":{"allow":["GET"]}}],"collection":[{"href":"https:\/\/www.essence-france.com\/fr\/wp-json\/wp\/v2\/product"}],"about":[{"href":"https:\/\/www.essence-france.com\/fr\/wp-json\/wp\/v2\/types\/product"}],"replies":[{"embeddable":true,"href":"https:\/\/www.essence-france.com\/fr\/wp-json\/wp\/v2\/comments?post=1658"}],"wp:featuredmedia":[{"embeddable":true,"href":"https:\/\/www.essence-france.com\/fr\/wp-json\/wp\/v2\/media\/1659"}],"wp:attachment":[{"href":"https:\/\/www.essence-france.com\/fr\/wp-json\/wp\/v2\/media?parent=1658"}],"wp:term":[{"taxonomy":"product_brand","embeddable":true,"href":"https:\/\/www.essence-france.com\/fr\/wp-json\/wp\/v2\/product_brand?post=1658"},{"taxonomy":"product_cat","embeddable":true,"href":"https:\/\/www.essence-france.com\/fr\/wp-json\/wp\/v2\/product_cat?post=1658"},{"taxonomy":"product_tag","embeddable":true,"href":"https:\/\/www.essence-france.com\/fr\/wp-json\/wp\/v2\/product_tag?post=1658"}],"curies":[{"name":"wp","href":"https:\/\/api.w.org\/{rel}","templated":true}]}}