{"id":1660,"date":"2025-02-19T17:01:24","date_gmt":"2025-02-19T17:01:24","guid":{"rendered":"https:\/\/www.essence-france.com\/?post_type=product&#038;p=1660"},"modified":"2026-01-13T14:44:22","modified_gmt":"2026-01-13T14:44:22","slug":"restocked-soft-beverages","status":"publish","type":"product","link":"https:\/\/www.essence-france.com\/fr\/produit\/restocked-soft-beverages\/","title":{"rendered":"140L &#8211; Restocked Soft Beverages"},"content":{"rendered":"<h2><strong><span dir=\"auto\" style=\"vertical-align: inherit;\"><span dir=\"auto\" style=\"vertical-align: inherit;\">Soft Beverages for <\/span><\/span><\/strong><strong><span dir=\"auto\" style=\"vertical-align: inherit;\"><span dir=\"auto\" style=\"vertical-align: inherit;\">Refrigerator 140L<\/span><\/span><\/strong><\/h2>\n<p><span dir=\"auto\" style=\"vertical-align: inherit;\"><span dir=\"auto\" style=\"vertical-align: inherit;\">R\u00e9approvisionn\u00e9 par nos soins avec une vari\u00e9t\u00e9 de boissons non alcoolis\u00e9es. <\/span><\/span><br \/>\n<span dir=\"auto\" style=\"vertical-align: inherit;\"><span dir=\"auto\" style=\"vertical-align: inherit;\">Les commandes doivent \u00eatre pass\u00e9es la veille pour une livraison le lendemain.<\/span><\/span><\/p>\n<h3><strong><span dir=\"auto\" style=\"vertical-align: inherit;\"><span dir=\"auto\" style=\"vertical-align: inherit;\">Boissons<\/span><\/span><\/strong><\/h3>\n<ul>\n<li><strong><span dir=\"auto\" style=\"vertical-align: inherit;\"><span dir=\"auto\" style=\"vertical-align: inherit;\">Boissons Non-Alcoolis\u00e9es :<\/span><\/span><\/strong>\n<ul>\n<li><span dir=\"auto\" style=\"vertical-align: inherit;\"><span dir=\"auto\" style=\"vertical-align: inherit;\">5L de jus d'orange : Parfait pour le petit d\u00e9jeuner, les cocktails ou une boisson rafra\u00eechissante \u00e0 tout moment.<\/span><\/span><\/li>\n<li><span dir=\"auto\" style=\"vertical-align: inherit;\"><span dir=\"auto\" style=\"vertical-align: inherit;\">5L de Coca-Cola : Un soda classique, id\u00e9al pour accompagner des snacks ou des repas.<\/span><\/span><\/li>\n<li><span dir=\"auto\" style=\"vertical-align: inherit;\"><span dir=\"auto\" style=\"vertical-align: inherit;\">3L de Perrier : Eau p\u00e9tillante pour une option rafra\u00eechissante et vivifiante.<\/span><\/span><\/li>\n<li><span dir=\"auto\" style=\"vertical-align: inherit;\"><span dir=\"auto\" style=\"vertical-align: inherit;\">6L d'eau min\u00e9rale : Essentielle pour l'hydratation et polyvalente pour toutes les occasions.<\/span><\/span><\/li>\n<\/ul>\n<\/li>\n<\/ul>\n<p>&nbsp;<\/p>","protected":false},"excerpt":{"rendered":"<h5><strong><span dir=\"auto\" style=\"vertical-align: inherit;\"><span dir=\"auto\" style=\"vertical-align: inherit;\">Boissons non alcoolis\u00e9es fra\u00eeches pour votre \u00e9v\u00e9nement<\/span><\/span><\/strong><\/h5>\n<p><span dir=\"auto\" style=\"vertical-align: inherit;\"><span dir=\"auto\" style=\"vertical-align: inherit;\">R\u00e9approvisionn\u00e9 avec des boissons non alcoolis\u00e9es pour garder vos invit\u00e9s hydrat\u00e9s et satisfaits.<\/span><\/span><\/p>\n<h6><strong><span dir=\"auto\" style=\"vertical-align: inherit;\"><span dir=\"auto\" style=\"vertical-align: inherit;\">What&#8217;s Included:<\/span><\/span><\/strong><\/h6>\n<ul>\n<li><strong><span dir=\"auto\" style=\"vertical-align: inherit;\"><span dir=\"auto\" style=\"vertical-align: inherit;\">Restocke R\u00e9frig\u00e9rateur :<\/span><\/span><\/strong><span dir=\"auto\" style=\"vertical-align: inherit;\"><span dir=\"auto\" style=\"vertical-align: inherit;\"> Juices, Coca-Cola, Perrier, mineral water and a variety of snacks.<\/span><\/span><\/li>\n<\/ul>\n<p>&nbsp;<\/p>","protected":false},"featured_media":1661,"comment_status":"open","ping_status":"closed","template":"","meta":{"_acf_changed":false},"product_brand":[],"product_cat":[21],"product_tag":[],"class_list":{"0":"post-1660","1":"product","2":"type-product","3":"status-publish","4":"has-post-thumbnail","6":"product_cat-refrigerator","8":"first","9":"instock","10":"taxable","11":"shipping-taxable","12":"purchasable","13":"product-type-simple"},"acf":[],"yoast_head":"<!-- This site is optimized with the Yoast SEO plugin v26.7 - https:\/\/yoast.com\/wordpress\/plugins\/seo\/ -->\n<title>R\u00e9frig\u00e9rateur 140L garni non alcoolis\u00e9 - Essence France<\/title>\n<meta name=\"description\" content=\"D\u00e9couvrez notre service de location de r\u00e9frig\u00e9rateur 140L, garni de boissons non alcoolis\u00e9es.\" \/>\n<meta name=\"robots\" content=\"index, follow, max-snippet:-1, max-image-preview:large, max-video-preview:-1\" \/>\n<link rel=\"canonical\" href=\"http:\/\/www.essence-france.com\/fr\/produit\/restocked-soft-beverages\/\" \/>\n<meta property=\"og:locale\" content=\"fr_FR\" \/>\n<meta property=\"og:type\" content=\"article\" \/>\n<meta property=\"og:title\" content=\"R\u00e9frig\u00e9rateur 140L garni non alcoolis\u00e9 - Essence France\" \/>\n<meta property=\"og:description\" content=\"D\u00e9couvrez notre service de location de r\u00e9frig\u00e9rateur 140L, garni de boissons non alcoolis\u00e9es.\" \/>\n<meta property=\"og:url\" content=\"http:\/\/www.essence-france.com\/fr\/produit\/restocked-soft-beverages\/\" \/>\n<meta property=\"og:site_name\" content=\"Essence France\" \/>\n<meta property=\"article:modified_time\" content=\"2026-01-13T14:44:22+00:00\" \/>\n<meta property=\"og:image\" content=\"http:\/\/www.essence-france.com\/wp-content\/uploads\/2025\/02\/PACK_SOFT_REA.png\" \/>\n\t<meta property=\"og:image:width\" content=\"1200\" \/>\n\t<meta property=\"og:image:height\" content=\"1200\" \/>\n\t<meta property=\"og:image:type\" content=\"image\/png\" \/>\n<meta name=\"twitter:card\" content=\"summary_large_image\" \/>\n<meta name=\"twitter:label1\" content=\"Dur\u00e9e de lecture estim\u00e9e\" \/>\n\t<meta name=\"twitter:data1\" content=\"1 minute\" \/>\n<script type=\"application\/ld+json\" class=\"yoast-schema-graph\">{\"@context\":\"https:\/\/schema.org\",\"@graph\":[{\"@type\":\"WebPage\",\"@id\":\"http:\/\/www.essence-france.com\/en\/product\/restocked-soft-beverages\/\",\"url\":\"http:\/\/www.essence-france.com\/en\/product\/restocked-soft-beverages\/\",\"name\":\"R\u00e9frig\u00e9rateur 140L garni non alcoolis\u00e9 - Essence France\",\"isPartOf\":{\"@id\":\"https:\/\/www.essence-france.com\/en\/#website\"},\"primaryImageOfPage\":{\"@id\":\"http:\/\/www.essence-france.com\/en\/product\/restocked-soft-beverages\/#primaryimage\"},\"image\":{\"@id\":\"http:\/\/www.essence-france.com\/en\/product\/restocked-soft-beverages\/#primaryimage\"},\"thumbnailUrl\":\"https:\/\/www.essence-france.com\/wp-content\/uploads\/2025\/02\/PACK_SOFT_REA.png\",\"datePublished\":\"2025-02-19T17:01:24+00:00\",\"dateModified\":\"2026-01-13T14:44:22+00:00\",\"description\":\"D\u00e9couvrez notre service de location de r\u00e9frig\u00e9rateur 140L, garni de boissons non alcoolis\u00e9es.\",\"breadcrumb\":{\"@id\":\"http:\/\/www.essence-france.com\/en\/product\/restocked-soft-beverages\/#breadcrumb\"},\"inLanguage\":\"fr-FR\",\"potentialAction\":[{\"@type\":\"ReadAction\",\"target\":[\"http:\/\/www.essence-france.com\/en\/product\/restocked-soft-beverages\/\"]}]},{\"@type\":\"ImageObject\",\"inLanguage\":\"fr-FR\",\"@id\":\"http:\/\/www.essence-france.com\/en\/product\/restocked-soft-beverages\/#primaryimage\",\"url\":\"https:\/\/www.essence-france.com\/wp-content\/uploads\/2025\/02\/PACK_SOFT_REA.png\",\"contentUrl\":\"https:\/\/www.essence-france.com\/wp-content\/uploads\/2025\/02\/PACK_SOFT_REA.png\",\"width\":1200,\"height\":1200},{\"@type\":\"BreadcrumbList\",\"@id\":\"http:\/\/www.essence-france.com\/en\/product\/restocked-soft-beverages\/#breadcrumb\",\"itemListElement\":[{\"@type\":\"ListItem\",\"position\":1,\"name\":\"Accueil\",\"item\":\"https:\/\/www.essence-france.com\/en\/\"},{\"@type\":\"ListItem\",\"position\":2,\"name\":\"Shop\",\"item\":\"https:\/\/www.essence-france.com\/en\/boutique\/\"},{\"@type\":\"ListItem\",\"position\":3,\"name\":\"140L &#8211; Restocked Soft Beverages\"}]},{\"@type\":\"WebSite\",\"@id\":\"https:\/\/www.essence-france.com\/en\/#website\",\"url\":\"https:\/\/www.essence-france.com\/en\/\",\"name\":\"Essence France\",\"description\":\"\",\"publisher\":{\"@id\":\"https:\/\/www.essence-france.com\/en\/#organization\"},\"potentialAction\":[{\"@type\":\"SearchAction\",\"target\":{\"@type\":\"EntryPoint\",\"urlTemplate\":\"https:\/\/www.essence-france.com\/en\/?s={search_term_string}\"},\"query-input\":{\"@type\":\"PropertyValueSpecification\",\"valueRequired\":true,\"valueName\":\"search_term_string\"}}],\"inLanguage\":\"fr-FR\"},{\"@type\":\"Organization\",\"@id\":\"https:\/\/www.essence-france.com\/en\/#organization\",\"name\":\"Essence France\",\"url\":\"https:\/\/www.essence-france.com\/en\/\",\"logo\":{\"@type\":\"ImageObject\",\"inLanguage\":\"fr-FR\",\"@id\":\"https:\/\/www.essence-france.com\/en\/#\/schema\/logo\/image\/\",\"url\":\"https:\/\/www.essence-france.com\/wp-content\/uploads\/2024\/04\/Favicon.png\",\"contentUrl\":\"https:\/\/www.essence-france.com\/wp-content\/uploads\/2024\/04\/Favicon.png\",\"width\":507,\"height\":514,\"caption\":\"Essence France\"},\"image\":{\"@id\":\"https:\/\/www.essence-france.com\/en\/#\/schema\/logo\/image\/\"},\"sameAs\":[\"https:\/\/www.instagram.com\/essence_france\/\",\"https:\/\/www.linkedin.com\/company\/essencefrance\"]}]}<\/script>\n<!-- \/ Yoast SEO plugin. -->","yoast_head_json":{"title":"R\u00e9frig\u00e9rateur 140L garni non alcoolis\u00e9 - Essence France","description":"D\u00e9couvrez notre service de location de r\u00e9frig\u00e9rateur 140L, garni de boissons non alcoolis\u00e9es.","robots":{"index":"index","follow":"follow","max-snippet":"max-snippet:-1","max-image-preview":"max-image-preview:large","max-video-preview":"max-video-preview:-1"},"canonical":"http:\/\/www.essence-france.com\/fr\/produit\/restocked-soft-beverages\/","og_locale":"fr_FR","og_type":"article","og_title":"R\u00e9frig\u00e9rateur 140L garni non alcoolis\u00e9 - Essence France","og_description":"D\u00e9couvrez notre service de location de r\u00e9frig\u00e9rateur 140L, garni de boissons non alcoolis\u00e9es.","og_url":"http:\/\/www.essence-france.com\/fr\/produit\/restocked-soft-beverages\/","og_site_name":"Essence France","article_modified_time":"2026-01-13T14:44:22+00:00","og_image":[{"width":1200,"height":1200,"url":"http:\/\/www.essence-france.com\/wp-content\/uploads\/2025\/02\/PACK_SOFT_REA.png","type":"image\/png"}],"twitter_card":"summary_large_image","twitter_misc":{"Dur\u00e9e de lecture estim\u00e9e":"1 minute"},"schema":{"@context":"https:\/\/schema.org","@graph":[{"@type":"WebPage","@id":"http:\/\/www.essence-france.com\/en\/product\/restocked-soft-beverages\/","url":"http:\/\/www.essence-france.com\/en\/product\/restocked-soft-beverages\/","name":"R\u00e9frig\u00e9rateur 140L garni non alcoolis\u00e9 - Essence France","isPartOf":{"@id":"https:\/\/www.essence-france.com\/en\/#website"},"primaryImageOfPage":{"@id":"http:\/\/www.essence-france.com\/en\/product\/restocked-soft-beverages\/#primaryimage"},"image":{"@id":"http:\/\/www.essence-france.com\/en\/product\/restocked-soft-beverages\/#primaryimage"},"thumbnailUrl":"https:\/\/www.essence-france.com\/wp-content\/uploads\/2025\/02\/PACK_SOFT_REA.png","datePublished":"2025-02-19T17:01:24+00:00","dateModified":"2026-01-13T14:44:22+00:00","description":"D\u00e9couvrez notre service de location de r\u00e9frig\u00e9rateur 140L, garni de boissons non alcoolis\u00e9es.","breadcrumb":{"@id":"http:\/\/www.essence-france.com\/en\/product\/restocked-soft-beverages\/#breadcrumb"},"inLanguage":"fr-FR","potentialAction":[{"@type":"ReadAction","target":["http:\/\/www.essence-france.com\/en\/product\/restocked-soft-beverages\/"]}]},{"@type":"ImageObject","inLanguage":"fr-FR","@id":"http:\/\/www.essence-france.com\/en\/product\/restocked-soft-beverages\/#primaryimage","url":"https:\/\/www.essence-france.com\/wp-content\/uploads\/2025\/02\/PACK_SOFT_REA.png","contentUrl":"https:\/\/www.essence-france.com\/wp-content\/uploads\/2025\/02\/PACK_SOFT_REA.png","width":1200,"height":1200},{"@type":"BreadcrumbList","@id":"http:\/\/www.essence-france.com\/en\/product\/restocked-soft-beverages\/#breadcrumb","itemListElement":[{"@type":"ListItem","position":1,"name":"Accueil","item":"https:\/\/www.essence-france.com\/en\/"},{"@type":"ListItem","position":2,"name":"Shop","item":"https:\/\/www.essence-france.com\/en\/boutique\/"},{"@type":"ListItem","position":3,"name":"140L &#8211; Restocked Soft Beverages"}]},{"@type":"WebSite","@id":"https:\/\/www.essence-france.com\/en\/#website","url":"https:\/\/www.essence-france.com\/en\/","name":"Essence France","description":"","publisher":{"@id":"https:\/\/www.essence-france.com\/en\/#organization"},"potentialAction":[{"@type":"SearchAction","target":{"@type":"EntryPoint","urlTemplate":"https:\/\/www.essence-france.com\/en\/?s={search_term_string}"},"query-input":{"@type":"PropertyValueSpecification","valueRequired":true,"valueName":"search_term_string"}}],"inLanguage":"fr-FR"},{"@type":"Organization","@id":"https:\/\/www.essence-france.com\/en\/#organization","name":"Essence France","url":"https:\/\/www.essence-france.com\/en\/","logo":{"@type":"ImageObject","inLanguage":"fr-FR","@id":"https:\/\/www.essence-france.com\/en\/#\/schema\/logo\/image\/","url":"https:\/\/www.essence-france.com\/wp-content\/uploads\/2024\/04\/Favicon.png","contentUrl":"https:\/\/www.essence-france.com\/wp-content\/uploads\/2024\/04\/Favicon.png","width":507,"height":514,"caption":"Essence France"},"image":{"@id":"https:\/\/www.essence-france.com\/en\/#\/schema\/logo\/image\/"},"sameAs":["https:\/\/www.instagram.com\/essence_france\/","https:\/\/www.linkedin.com\/company\/essencefrance"]}]}},"_links":{"self":[{"href":"https:\/\/www.essence-france.com\/fr\/wp-json\/wp\/v2\/product\/1660","targetHints":{"allow":["GET"]}}],"collection":[{"href":"https:\/\/www.essence-france.com\/fr\/wp-json\/wp\/v2\/product"}],"about":[{"href":"https:\/\/www.essence-france.com\/fr\/wp-json\/wp\/v2\/types\/product"}],"replies":[{"embeddable":true,"href":"https:\/\/www.essence-france.com\/fr\/wp-json\/wp\/v2\/comments?post=1660"}],"wp:featuredmedia":[{"embeddable":true,"href":"https:\/\/www.essence-france.com\/fr\/wp-json\/wp\/v2\/media\/1661"}],"wp:attachment":[{"href":"https:\/\/www.essence-france.com\/fr\/wp-json\/wp\/v2\/media?parent=1660"}],"wp:term":[{"taxonomy":"product_brand","embeddable":true,"href":"https:\/\/www.essence-france.com\/fr\/wp-json\/wp\/v2\/product_brand?post=1660"},{"taxonomy":"product_cat","embeddable":true,"href":"https:\/\/www.essence-france.com\/fr\/wp-json\/wp\/v2\/product_cat?post=1660"},{"taxonomy":"product_tag","embeddable":true,"href":"https:\/\/www.essence-france.com\/fr\/wp-json\/wp\/v2\/product_tag?post=1660"}],"curies":[{"name":"wp","href":"https:\/\/api.w.org\/{rel}","templated":true}]}}