{"id":2241,"date":"2026-01-13T13:51:27","date_gmt":"2026-01-13T13:51:27","guid":{"rendered":"https:\/\/www.essence-france.com\/?post_type=product&#038;p=2241"},"modified":"2026-01-13T14:39:32","modified_gmt":"2026-01-13T14:39:32","slug":"nespresso-professional-coffee-machine-cs200-with-kit-400-coffees","status":"publish","type":"product","link":"https:\/\/www.essence-france.com\/fr\/produit\/nespresso-professional-coffee-machine-cs200-with-kit-400-coffees\/","title":{"rendered":"Nespresso Professional coffee machine CS200 with kit 400 coffees"},"content":{"rendered":"<h2 data-start=\"160\" data-end=\"257\"><strong data-start=\"163\" data-end=\"257\">Location de machine \u00e0 caf\u00e9 Nespresso Professional CS200 \u2013 Caf\u00e9 premium grand volume pour vos \u00e9v\u00e9nements<\/strong><\/h2>\n<p data-start=\"259\" data-end=\"698\">Offrez une exp\u00e9rience caf\u00e9 fluide et haut de gamme lors de vos \u00e9v\u00e9nements gr\u00e2ce \u00e0 notre <strong data-start=\"332\" data-end=\"386\">service de location de machine \u00e0 caf\u00e9 professionnelle Nespresso CS200<\/strong>. Con\u00e7ue pour <strong data-start=\"401\" data-end=\"442\">pour les environnements professionnels \u00e0 forte affluence<\/strong>, la CS200 est \u00e9quip\u00e9e d\u2019un <strong data-start=\"465\" data-end=\"498\">syst\u00e8me de double extraction<\/strong>, permettant de pr\u00e9parer deux caf\u00e9s simultan\u00e9ment. Elle constitue ainsi la solution id\u00e9ale pour <strong data-start=\"589\" data-end=\"666\">les \u00e9v\u00e9nements corporate, salons professionnels, conf\u00e9rences, festivals et r\u00e9ceptions VIP<\/strong> , o\u00f9 rapidit\u00e9 et qualit\u00e9 sont essentielles.<\/p>\n<p data-start=\"700\" data-end=\"855\">Notre service associe <strong data-start=\"721\" data-end=\"766\">un \u00e9quipement Nespresso professionnel haut de gamme<\/strong> \u00e0 une solution caf\u00e9 cl\u00e9 en main, garantissant un caf\u00e9 de qualit\u00e9 barista avec une efficacit\u00e9 maximale.<\/p>\n<h3 data-start=\"857\" data-end=\"902\"><strong data-start=\"861\" data-end=\"902\">Ce qui est inclus dans le service de location<\/strong><\/h3>\n<ul data-start=\"903\" data-end=\"1102\">\n<li data-start=\"903\" data-end=\"1004\">\n<p data-start=\"905\" data-end=\"1004\">Location de la <strong data-start=\"919\" data-end=\"966\">machine \u00e0 caf\u00e9 professionnelle Nespresso CS200<\/strong> pour toute la dur\u00e9e de votre \u00e9v\u00e9nement<\/p>\n<\/li>\n<li data-start=\"1005\" data-end=\"1102\">\n<p data-start=\"1007\" data-end=\"1102\" class=\"translation-block\">Collecte des consommables restants apr\u00e8s l\u2019\u00e9v\u00e9nement, dans le cadre de notre d\u00e9marche \u00e9coresponsable<\/p>\n<\/li>\n<\/ul>\n<hr data-start=\"1104\" data-end=\"1107\" \/>\n<h2 data-start=\"1109\" data-end=\"1143\"><strong data-start=\"1112\" data-end=\"1143\">Consommables caf\u00e9 inclus<\/strong><\/h2>\n<p data-start=\"1144\" data-end=\"1181\"><strong data-start=\"1144\" data-end=\"1181\">Kit Caf\u00e9 Nespresso Professional<\/strong><\/p>\n<ul data-start=\"1182\" data-end=\"1402\">\n<li data-start=\"1182\" data-end=\"1253\">\n<p data-start=\"1184\" data-end=\"1253\" class=\"translation-block\">400 capsules de caf\u00e9 Nespresso pour satisfaire toutes les pr\u00e9f\u00e9rences<\/p>\n<\/li>\n<li data-start=\"1254\" data-end=\"1318\">\n<p data-start=\"1256\" data-end=\"1318\" class=\"translation-block\">400 doses de sucre et 400 touillettes en bois pour un service complet<\/p>\n<\/li>\n<li data-start=\"1319\" data-end=\"1402\">\n<p data-start=\"1321\" data-end=\"1402\"><strong data-start=\"1321\" data-end=\"1342\">400 sugar sachets<\/strong> and <strong data-start=\"1347\" data-end=\"1370\">300 wooden stirrers<\/strong> for a complete coffee service<\/p>\n<\/li>\n<\/ul>\n<hr data-start=\"1404\" data-end=\"1407\" \/>\n<h2 data-start=\"1409\" data-end=\"1428\"><strong data-start=\"1412\" data-end=\"1428\">Caract\u00e9ristiques principales<\/strong><\/h2>\n<ul data-start=\"1429\" data-end=\"2089\">\n<li data-start=\"1429\" data-end=\"1523\">\n<p data-start=\"1431\" data-end=\"1523\" class=\"translation-block\">Double t\u00eate d\u2019extraction \u2013 pr\u00e9pare deux caf\u00e9s simultan\u00e9ment pour un service rapide et continu<\/p>\n<\/li>\n<li data-start=\"1524\" data-end=\"1639\">\n<p data-start=\"1526\" data-end=\"1571\"><strong data-start=\"1526\" data-end=\"1568\">Trois s\u00e9lections de caf\u00e9 pr\u00e9programm\u00e9es :<\/strong>:<\/p>\n<ul data-start=\"1574\" data-end=\"1639\">\n<li data-start=\"1574\" data-end=\"1595\">\n<p data-start=\"1576\" data-end=\"1595\">Ristretto \u2013 25 ml<\/p>\n<\/li>\n<li data-start=\"1598\" data-end=\"1618\">\n<p data-start=\"1600\" data-end=\"1618\">Espresso \u2013 40 ml<\/p>\n<\/li>\n<li data-start=\"1621\" data-end=\"1639\">\n<p data-start=\"1623\" data-end=\"1639\">Lungo \u2013 110 ml<\/p>\n<\/li>\n<\/ul>\n<\/li>\n<li data-start=\"1640\" data-end=\"1718\">\n<p data-start=\"1642\" data-end=\"1718\" class=\"translation-block\">Pression professionnelle jusqu\u2019\u00e0 19 bars pour une extraction optimale des ar\u00f4mes<\/p>\n<\/li>\n<li data-start=\"1719\" data-end=\"1794\">\n<p data-start=\"1721\" data-end=\"1794\" class=\"translation-block\">Interface digitale pour une utilisation simple et intuitive<\/p>\n<\/li>\n<li data-start=\"1795\" data-end=\"1868\">\n<p data-start=\"1797\" data-end=\"1868\" class=\"translation-block\">Insertion et \u00e9jection semi-automatiques des capsules pour un flux de travail fluide<\/p>\n<\/li>\n<li data-start=\"1869\" data-end=\"1945\">\n<p data-start=\"1871\" data-end=\"1945\" class=\"translation-block\">Plateau chauffe-tasses int\u00e9gr\u00e9 pour une temp\u00e9rature de service id\u00e9ale<\/p>\n<\/li>\n<li data-start=\"1946\" data-end=\"2023\">\n<p data-start=\"1948\" data-end=\"2023\" class=\"translation-block\">Mode \u00e9conomie d\u2019\u00e9nergie et alertes de d\u00e9tartrage pour une fiabilit\u00e9 optimale<\/p>\n<\/li>\n<li data-start=\"2024\" data-end=\"2089\">\n<p data-start=\"2026\" data-end=\"2089\" class=\"translation-block\">Option de raccordement direct \u00e0 l\u2019eau ou utilisation avec double r\u00e9servoir<\/p>\n<\/li>\n<\/ul>\n<hr data-start=\"2091\" data-end=\"2094\" \/>\n<h2 data-start=\"2096\" data-end=\"2127\"><strong data-start=\"2099\" data-end=\"2127\">Sp\u00e9cifications techniques<\/strong><\/h2>\n<ul data-start=\"2128\" data-end=\"2399\">\n<li data-start=\"2128\" data-end=\"2191\">\n<p data-start=\"2130\" data-end=\"2191\" class=\"translation-block\">Dimensions : env. 56 cm (L) \u00d7 39,2 cm (P) \u00d7 37 cm (H)<\/p>\n<\/li>\n<li data-start=\"2192\" data-end=\"2240\">\n<p data-start=\"2194\" data-end=\"2240\"><strong data-start=\"2194\" data-end=\"2217\">Water tank capacity<\/strong>: 6 L (2 \u00d7 3 L tanks)<\/p>\n<\/li>\n<li data-start=\"2241\" data-end=\"2270\">\n<p data-start=\"2243\" data-end=\"2270\" class=\"translation-block\">Poids : env. 15 kg<\/p>\n<\/li>\n<li data-start=\"2271\" data-end=\"2292\">\n<p data-start=\"2273\" data-end=\"2292\" class=\"translation-block\">Puissance : 2410 W<\/p>\n<\/li>\n<li data-start=\"2293\" data-end=\"2334\">\n<p data-start=\"2295\" data-end=\"2334\" class=\"translation-block\">Pression d\u2019extraction : jusqu\u2019\u00e0 19 bars<\/p>\n<\/li>\n<li data-start=\"2335\" data-end=\"2399\">\n<p data-start=\"2337\" data-end=\"2399\" class=\"translation-block\">Capacit\u00e9 du bac \u00e0 capsules usag\u00e9es : env. 2 \u00d7 35 capsules<\/p>\n<\/li>\n<\/ul>\n<hr data-start=\"2401\" data-end=\"2404\" \/>\n<h2 data-start=\"2406\" data-end=\"2459\"><strong data-start=\"2409\" data-end=\"2459\">Pourquoi choisir la Nespresso CS200 pour votre \u00e9v\u00e9nement ?<\/strong><\/h2>\n<ul data-start=\"2460\" data-end=\"2891\">\n<li data-start=\"2460\" data-end=\"2542\">\n<p data-start=\"2462\" data-end=\"2542\" class=\"translation-block\">Id\u00e9ale pour les \u00e9v\u00e9nements \u00e0 forte fr\u00e9quentation n\u00e9cessitant un service caf\u00e9 rapide et constant<\/p>\n<\/li>\n<li data-start=\"2543\" data-end=\"2617\">\n<p data-start=\"2545\" data-end=\"2617\" class=\"translation-block\">La double extraction permet de r\u00e9duire consid\u00e9rablement le temps d\u2019attente lors des pauses caf\u00e9<\/p>\n<\/li>\n<li data-start=\"2618\" data-end=\"2702\">\n<p data-start=\"2620\" data-end=\"2702\" class=\"translation-block\">Offre une qualit\u00e9 de caf\u00e9 Nespresso premium sans personnel sp\u00e9cialis\u00e9<\/p>\n<\/li>\n<li data-start=\"2703\" data-end=\"2792\">\n<p data-start=\"2705\" data-end=\"2792\" class=\"translation-block\">Machine Nespresso professionnelle reconnue, utilis\u00e9e dans les environnements corporate et h\u00f4teliers<\/p>\n<\/li>\n<li data-start=\"2793\" data-end=\"2891\">\n<p data-start=\"2795\" data-end=\"2891\" class=\"translation-block\">Parfaite pour la location de machine \u00e0 caf\u00e9 \u00e9v\u00e9nementielle, salons, s\u00e9minaires et \u00e9v\u00e9nements de grande envergure<\/p>\n<\/li>\n<\/ul>\n<p>&nbsp;<\/p>","protected":false},"excerpt":{"rendered":"<h5><strong>Machine \u00e0 Caf\u00e9 Professionnelle Nespresso \u2013 Sophistication et Efficacit\u00e9 dans Chaque Tasse<\/strong><\/h5>\n<p>Impressionnez vos invit\u00e9s avec une machine \u00e0 caf\u00e9 de qualit\u00e9 professionnelle qui allie performance et style.<\/p>\n<h6><strong>Ce qui est inclus :<\/strong><\/h6>\n<ul>\n<li><strong>Kit de caf\u00e9 Nespresso :<\/strong> 400 doses de caf\u00e9 Nespresso, 400 gobelets, 400 sachets de sucre et 400 spatules en bois.<\/li>\n<\/ul>\n<p>\u00c9l\u00e9gante, efficace et \u00e9co-responsable, cette prestation est id\u00e9ale pour sublimer l\u2019offre de caf\u00e9 de votre \u00e9v\u00e9nement.<\/p>","protected":false},"featured_media":2242,"comment_status":"open","ping_status":"closed","template":"","meta":{"_acf_changed":false},"product_brand":[],"product_cat":[46],"product_tag":[],"class_list":{"0":"post-2241","1":"product","2":"type-product","3":"status-publish","4":"has-post-thumbnail","6":"product_cat-coffee-machine","8":"first","9":"instock","10":"taxable","11":"shipping-taxable","12":"purchasable","13":"product-type-simple"},"acf":[],"yoast_head":"<!-- This site is optimized with the Yoast SEO plugin v26.7 - https:\/\/yoast.com\/wordpress\/plugins\/seo\/ -->\n<title>Machine \u00e0 caf\u00e9 Professionnel Kit 300 caf\u00e9s - Essence France<\/title>\n<meta name=\"description\" content=\"D\u00e9couvrez notre service de Machine \u00e0 Caf\u00e9 Professionnelle avec Kit Caf\u00e9s en location, la solution pour vos \u00e9v\u00e9nements avec un \u00e9quipement de haute qualit\u00e9.\" \/>\n<meta name=\"robots\" content=\"index, follow, max-snippet:-1, max-image-preview:large, max-video-preview:-1\" \/>\n<link rel=\"canonical\" href=\"https:\/\/www.essence-france.com\/fr\/produit\/nespresso-professional-coffee-machine-cs200-with-kit-400-coffees\/\" \/>\n<meta property=\"og:locale\" content=\"fr_FR\" \/>\n<meta property=\"og:type\" content=\"article\" \/>\n<meta property=\"og:title\" content=\"Machine \u00e0 caf\u00e9 Professionnel Kit 300 caf\u00e9s - Essence France\" \/>\n<meta property=\"og:description\" content=\"D\u00e9couvrez notre service de Machine \u00e0 Caf\u00e9 Professionnelle avec Kit Caf\u00e9s en location, la solution pour vos \u00e9v\u00e9nements avec un \u00e9quipement de haute qualit\u00e9.\" \/>\n<meta property=\"og:url\" content=\"https:\/\/www.essence-france.com\/fr\/produit\/nespresso-professional-coffee-machine-cs200-with-kit-400-coffees\/\" \/>\n<meta property=\"og:site_name\" content=\"Essence France\" \/>\n<meta property=\"article:modified_time\" content=\"2026-01-13T14:39:32+00:00\" \/>\n<meta property=\"og:image\" content=\"https:\/\/www.essence-france.com\/wp-content\/uploads\/2026\/01\/CS200_NESP_ESSENCE_FRANCE.png\" \/>\n\t<meta property=\"og:image:width\" content=\"400\" \/>\n\t<meta property=\"og:image:height\" content=\"400\" \/>\n\t<meta property=\"og:image:type\" content=\"image\/png\" \/>\n<meta name=\"twitter:card\" content=\"summary_large_image\" \/>\n<meta name=\"twitter:label1\" content=\"Dur\u00e9e de lecture estim\u00e9e\" \/>\n\t<meta name=\"twitter:data1\" content=\"2 minutes\" \/>\n<script type=\"application\/ld+json\" class=\"yoast-schema-graph\">{\"@context\":\"https:\/\/schema.org\",\"@graph\":[{\"@type\":\"WebPage\",\"@id\":\"https:\/\/www.essence-france.com\/en\/product\/nespresso-professional-coffee-machine-cs200-with-kit-400-coffees\/\",\"url\":\"https:\/\/www.essence-france.com\/en\/product\/nespresso-professional-coffee-machine-cs200-with-kit-400-coffees\/\",\"name\":\"Machine \u00e0 caf\u00e9 Professionnel Kit 300 caf\u00e9s - Essence France\",\"isPartOf\":{\"@id\":\"https:\/\/www.essence-france.com\/en\/#website\"},\"primaryImageOfPage\":{\"@id\":\"https:\/\/www.essence-france.com\/en\/product\/nespresso-professional-coffee-machine-cs200-with-kit-400-coffees\/#primaryimage\"},\"image\":{\"@id\":\"https:\/\/www.essence-france.com\/en\/product\/nespresso-professional-coffee-machine-cs200-with-kit-400-coffees\/#primaryimage\"},\"thumbnailUrl\":\"https:\/\/www.essence-france.com\/wp-content\/uploads\/2026\/01\/CS200_NESP_ESSENCE_FRANCE.png\",\"datePublished\":\"2026-01-13T13:51:27+00:00\",\"dateModified\":\"2026-01-13T14:39:32+00:00\",\"description\":\"D\u00e9couvrez notre service de Machine \u00e0 Caf\u00e9 Professionnelle avec Kit Caf\u00e9s en location, la solution pour vos \u00e9v\u00e9nements avec un \u00e9quipement de haute qualit\u00e9.\",\"breadcrumb\":{\"@id\":\"https:\/\/www.essence-france.com\/en\/product\/nespresso-professional-coffee-machine-cs200-with-kit-400-coffees\/#breadcrumb\"},\"inLanguage\":\"fr-FR\",\"potentialAction\":[{\"@type\":\"ReadAction\",\"target\":[\"https:\/\/www.essence-france.com\/en\/product\/nespresso-professional-coffee-machine-cs200-with-kit-400-coffees\/\"]}]},{\"@type\":\"ImageObject\",\"inLanguage\":\"fr-FR\",\"@id\":\"https:\/\/www.essence-france.com\/en\/product\/nespresso-professional-coffee-machine-cs200-with-kit-400-coffees\/#primaryimage\",\"url\":\"https:\/\/www.essence-france.com\/wp-content\/uploads\/2026\/01\/CS200_NESP_ESSENCE_FRANCE.png\",\"contentUrl\":\"https:\/\/www.essence-france.com\/wp-content\/uploads\/2026\/01\/CS200_NESP_ESSENCE_FRANCE.png\",\"width\":400,\"height\":400},{\"@type\":\"BreadcrumbList\",\"@id\":\"https:\/\/www.essence-france.com\/en\/product\/nespresso-professional-coffee-machine-cs200-with-kit-400-coffees\/#breadcrumb\",\"itemListElement\":[{\"@type\":\"ListItem\",\"position\":1,\"name\":\"Accueil\",\"item\":\"https:\/\/www.essence-france.com\/en\/\"},{\"@type\":\"ListItem\",\"position\":2,\"name\":\"Shop\",\"item\":\"https:\/\/www.essence-france.com\/en\/boutique\/\"},{\"@type\":\"ListItem\",\"position\":3,\"name\":\"Nespresso Professional coffee machine CS200 with kit 400 coffees\"}]},{\"@type\":\"WebSite\",\"@id\":\"https:\/\/www.essence-france.com\/en\/#website\",\"url\":\"https:\/\/www.essence-france.com\/en\/\",\"name\":\"Essence France\",\"description\":\"\",\"publisher\":{\"@id\":\"https:\/\/www.essence-france.com\/en\/#organization\"},\"potentialAction\":[{\"@type\":\"SearchAction\",\"target\":{\"@type\":\"EntryPoint\",\"urlTemplate\":\"https:\/\/www.essence-france.com\/en\/?s={search_term_string}\"},\"query-input\":{\"@type\":\"PropertyValueSpecification\",\"valueRequired\":true,\"valueName\":\"search_term_string\"}}],\"inLanguage\":\"fr-FR\"},{\"@type\":\"Organization\",\"@id\":\"https:\/\/www.essence-france.com\/en\/#organization\",\"name\":\"Essence France\",\"url\":\"https:\/\/www.essence-france.com\/en\/\",\"logo\":{\"@type\":\"ImageObject\",\"inLanguage\":\"fr-FR\",\"@id\":\"https:\/\/www.essence-france.com\/en\/#\/schema\/logo\/image\/\",\"url\":\"https:\/\/www.essence-france.com\/wp-content\/uploads\/2024\/04\/Favicon.png\",\"contentUrl\":\"https:\/\/www.essence-france.com\/wp-content\/uploads\/2024\/04\/Favicon.png\",\"width\":507,\"height\":514,\"caption\":\"Essence France\"},\"image\":{\"@id\":\"https:\/\/www.essence-france.com\/en\/#\/schema\/logo\/image\/\"},\"sameAs\":[\"https:\/\/www.instagram.com\/essence_france\/\",\"https:\/\/www.linkedin.com\/company\/essencefrance\"]}]}<\/script>\n<!-- \/ Yoast SEO plugin. -->","yoast_head_json":{"title":"Machine \u00e0 caf\u00e9 Professionnel Kit 300 caf\u00e9s - Essence France","description":"D\u00e9couvrez notre service de Machine \u00e0 Caf\u00e9 Professionnelle avec Kit Caf\u00e9s en location, la solution pour vos \u00e9v\u00e9nements avec un \u00e9quipement de haute qualit\u00e9.","robots":{"index":"index","follow":"follow","max-snippet":"max-snippet:-1","max-image-preview":"max-image-preview:large","max-video-preview":"max-video-preview:-1"},"canonical":"https:\/\/www.essence-france.com\/fr\/produit\/nespresso-professional-coffee-machine-cs200-with-kit-400-coffees\/","og_locale":"fr_FR","og_type":"article","og_title":"Machine \u00e0 caf\u00e9 Professionnel Kit 300 caf\u00e9s - Essence France","og_description":"D\u00e9couvrez notre service de Machine \u00e0 Caf\u00e9 Professionnelle avec Kit Caf\u00e9s en location, la solution pour vos \u00e9v\u00e9nements avec un \u00e9quipement de haute qualit\u00e9.","og_url":"https:\/\/www.essence-france.com\/fr\/produit\/nespresso-professional-coffee-machine-cs200-with-kit-400-coffees\/","og_site_name":"Essence France","article_modified_time":"2026-01-13T14:39:32+00:00","og_image":[{"width":400,"height":400,"url":"https:\/\/www.essence-france.com\/wp-content\/uploads\/2026\/01\/CS200_NESP_ESSENCE_FRANCE.png","type":"image\/png"}],"twitter_card":"summary_large_image","twitter_misc":{"Dur\u00e9e de lecture estim\u00e9e":"2 minutes"},"schema":{"@context":"https:\/\/schema.org","@graph":[{"@type":"WebPage","@id":"https:\/\/www.essence-france.com\/en\/product\/nespresso-professional-coffee-machine-cs200-with-kit-400-coffees\/","url":"https:\/\/www.essence-france.com\/en\/product\/nespresso-professional-coffee-machine-cs200-with-kit-400-coffees\/","name":"Machine \u00e0 caf\u00e9 Professionnel Kit 300 caf\u00e9s - Essence France","isPartOf":{"@id":"https:\/\/www.essence-france.com\/en\/#website"},"primaryImageOfPage":{"@id":"https:\/\/www.essence-france.com\/en\/product\/nespresso-professional-coffee-machine-cs200-with-kit-400-coffees\/#primaryimage"},"image":{"@id":"https:\/\/www.essence-france.com\/en\/product\/nespresso-professional-coffee-machine-cs200-with-kit-400-coffees\/#primaryimage"},"thumbnailUrl":"https:\/\/www.essence-france.com\/wp-content\/uploads\/2026\/01\/CS200_NESP_ESSENCE_FRANCE.png","datePublished":"2026-01-13T13:51:27+00:00","dateModified":"2026-01-13T14:39:32+00:00","description":"D\u00e9couvrez notre service de Machine \u00e0 Caf\u00e9 Professionnelle avec Kit Caf\u00e9s en location, la solution pour vos \u00e9v\u00e9nements avec un \u00e9quipement de haute qualit\u00e9.","breadcrumb":{"@id":"https:\/\/www.essence-france.com\/en\/product\/nespresso-professional-coffee-machine-cs200-with-kit-400-coffees\/#breadcrumb"},"inLanguage":"fr-FR","potentialAction":[{"@type":"ReadAction","target":["https:\/\/www.essence-france.com\/en\/product\/nespresso-professional-coffee-machine-cs200-with-kit-400-coffees\/"]}]},{"@type":"ImageObject","inLanguage":"fr-FR","@id":"https:\/\/www.essence-france.com\/en\/product\/nespresso-professional-coffee-machine-cs200-with-kit-400-coffees\/#primaryimage","url":"https:\/\/www.essence-france.com\/wp-content\/uploads\/2026\/01\/CS200_NESP_ESSENCE_FRANCE.png","contentUrl":"https:\/\/www.essence-france.com\/wp-content\/uploads\/2026\/01\/CS200_NESP_ESSENCE_FRANCE.png","width":400,"height":400},{"@type":"BreadcrumbList","@id":"https:\/\/www.essence-france.com\/en\/product\/nespresso-professional-coffee-machine-cs200-with-kit-400-coffees\/#breadcrumb","itemListElement":[{"@type":"ListItem","position":1,"name":"Accueil","item":"https:\/\/www.essence-france.com\/en\/"},{"@type":"ListItem","position":2,"name":"Shop","item":"https:\/\/www.essence-france.com\/en\/boutique\/"},{"@type":"ListItem","position":3,"name":"Nespresso Professional coffee machine CS200 with kit 400 coffees"}]},{"@type":"WebSite","@id":"https:\/\/www.essence-france.com\/en\/#website","url":"https:\/\/www.essence-france.com\/en\/","name":"Essence France","description":"","publisher":{"@id":"https:\/\/www.essence-france.com\/en\/#organization"},"potentialAction":[{"@type":"SearchAction","target":{"@type":"EntryPoint","urlTemplate":"https:\/\/www.essence-france.com\/en\/?s={search_term_string}"},"query-input":{"@type":"PropertyValueSpecification","valueRequired":true,"valueName":"search_term_string"}}],"inLanguage":"fr-FR"},{"@type":"Organization","@id":"https:\/\/www.essence-france.com\/en\/#organization","name":"Essence France","url":"https:\/\/www.essence-france.com\/en\/","logo":{"@type":"ImageObject","inLanguage":"fr-FR","@id":"https:\/\/www.essence-france.com\/en\/#\/schema\/logo\/image\/","url":"https:\/\/www.essence-france.com\/wp-content\/uploads\/2024\/04\/Favicon.png","contentUrl":"https:\/\/www.essence-france.com\/wp-content\/uploads\/2024\/04\/Favicon.png","width":507,"height":514,"caption":"Essence France"},"image":{"@id":"https:\/\/www.essence-france.com\/en\/#\/schema\/logo\/image\/"},"sameAs":["https:\/\/www.instagram.com\/essence_france\/","https:\/\/www.linkedin.com\/company\/essencefrance"]}]}},"_links":{"self":[{"href":"https:\/\/www.essence-france.com\/fr\/wp-json\/wp\/v2\/product\/2241","targetHints":{"allow":["GET"]}}],"collection":[{"href":"https:\/\/www.essence-france.com\/fr\/wp-json\/wp\/v2\/product"}],"about":[{"href":"https:\/\/www.essence-france.com\/fr\/wp-json\/wp\/v2\/types\/product"}],"replies":[{"embeddable":true,"href":"https:\/\/www.essence-france.com\/fr\/wp-json\/wp\/v2\/comments?post=2241"}],"wp:featuredmedia":[{"embeddable":true,"href":"https:\/\/www.essence-france.com\/fr\/wp-json\/wp\/v2\/media\/2242"}],"wp:attachment":[{"href":"https:\/\/www.essence-france.com\/fr\/wp-json\/wp\/v2\/media?parent=2241"}],"wp:term":[{"taxonomy":"product_brand","embeddable":true,"href":"https:\/\/www.essence-france.com\/fr\/wp-json\/wp\/v2\/product_brand?post=2241"},{"taxonomy":"product_cat","embeddable":true,"href":"https:\/\/www.essence-france.com\/fr\/wp-json\/wp\/v2\/product_cat?post=2241"},{"taxonomy":"product_tag","embeddable":true,"href":"https:\/\/www.essence-france.com\/fr\/wp-json\/wp\/v2\/product_tag?post=2241"}],"curies":[{"name":"wp","href":"https:\/\/api.w.org\/{rel}","templated":true}]}}