{"id":2244,"date":"2026-01-13T14:22:06","date_gmt":"2026-01-13T14:22:06","guid":{"rendered":"https:\/\/www.essence-france.com\/?post_type=product&#038;p=2244"},"modified":"2026-01-13T14:39:06","modified_gmt":"2026-01-13T14:39:06","slug":"nespresso-cs220-with-kit-400-coffees-milk-beverage","status":"publish","type":"product","link":"https:\/\/www.essence-france.com\/fr\/produit\/nespresso-cs220-with-kit-400-coffees-milk-beverage\/","title":{"rendered":"Nespresso CS220 with kit 400 coffees (milk heater included)"},"content":{"rendered":"<h3 data-start=\"246\" data-end=\"355\"><strong data-start=\"250\" data-end=\"355\">Location de machine \u00e0 caf\u00e9 professionnelle CS220 \u2013 Caf\u00e9 premium et boissons lact\u00e9es pour vos \u00e9v\u00e9nements<\/strong><\/h3>\n<p data-start=\"357\" data-end=\"828\" class=\"translation-block\">Am\u00e9liorez l\u2019exp\u00e9rience caf\u00e9 de vos \u00e9v\u00e9nements avec notre location de machine \u00e0 caf\u00e9 professionnelle Nespresso CS220, id\u00e9ale pour proposer des caf\u00e9s haut de gamme et boissons \u00e0 base de lait lors d\u2019\u00e9v\u00e9nements corporates, conf\u00e9rences, salons et r\u00e9ceptions. Dot\u00e9e d\u2019un syst\u00e8me de double extraction avec fonction moussage de lait int\u00e9gr\u00e9e, la CS220 offre une performance rapide et polyvalente pour satisfaire tous vos invit\u00e9s.<\/p>\n<p data-start=\"830\" data-end=\"1019\" class=\"translation-block\">Notre service associe un \u00e9quipement professionnel Nespresso premium \u00e0 une solution caf\u00e9 cl\u00e9 en main pour une utilisation fluide et sans stress.<\/p>\n<hr data-start=\"1021\" data-end=\"1024\" \/>\n<h3 data-start=\"1026\" data-end=\"1066\"><strong data-start=\"1030\" data-end=\"1066\">Ce qui est inclus dans la location<\/strong><\/h3>\n<ul data-start=\"1067\" data-end=\"1257\">\n<li data-start=\"1067\" data-end=\"1170\">\n<p data-start=\"1069\" data-end=\"1170\" class=\"translation-block\">Location de la machine \u00e0 caf\u00e9 professionnelle Nespresso CS220 pour toute la dur\u00e9e de votre \u00e9v\u00e9nement<\/p>\n<\/li>\n<li data-start=\"1171\" data-end=\"1257\">\n<p data-start=\"1173\" data-end=\"1257\">Collecte des consommables restants apr\u00e8s l\u2019\u00e9v\u00e9nement, dans une d\u00e9marche \u00e9coresponsable<\/p>\n<\/li>\n<\/ul>\n<hr data-start=\"1259\" data-end=\"1262\" \/>\n<h3 data-start=\"1264\" data-end=\"1303\"><strong data-start=\"1268\" data-end=\"1303\">Kit de consommables inclus<\/strong><\/h3>\n<p data-start=\"1304\" data-end=\"1342\"><strong data-start=\"1304\" data-end=\"1342\">Pack caf\u00e9 professionnel Nespresso<\/strong><\/p>\n<ul data-start=\"1343\" data-end=\"1490\">\n<li data-start=\"1343\" data-end=\"1400\">\n<p data-start=\"1345\" data-end=\"1400\" class=\"translation-block\">400 capsules de caf\u00e9 Nespresso pour servir tous vos invit\u00e9s<\/p>\n<\/li>\n<li data-start=\"1401\" data-end=\"1440\">\n<p data-start=\"1403\" data-end=\"1440\"><strong data-start=\"1403\" data-end=\"1438\">400 gobelets en carton \u00e9coresponsables<\/strong><\/p>\n<\/li>\n<li data-start=\"1441\" data-end=\"1490\">\n<p data-start=\"1443\" data-end=\"1490\"><strong data-start=\"1443\" data-end=\"1488\">400 doses de sucre et 400 touillettes en bois<\/strong><\/p>\n<\/li>\n<\/ul>\n<hr data-start=\"1492\" data-end=\"1495\" \/>\n<h3 data-start=\"1497\" data-end=\"1517\"><strong data-start=\"1501\" data-end=\"1517\">Caract\u00e9ristiques principales<\/strong><\/h3>\n<ul data-start=\"1518\" data-end=\"2271\">\n<li data-start=\"1518\" data-end=\"1588\">\n<p data-start=\"1520\" data-end=\"1588\" class=\"translation-block\">Double t\u00eate d\u2019extraction \u2013 pr\u00e9pare deux caf\u00e9s simultan\u00e9ment<\/p>\n<\/li>\n<li data-start=\"1589\" data-end=\"1697\">\n<p data-start=\"1591\" data-end=\"1697\" class=\"translation-block\">Fonction moussage de lait \/ cappuccino pour lattes, cappuccinos et autres boissons lact\u00e9es en quelques secondes<\/p>\n<\/li>\n<li data-start=\"1698\" data-end=\"1814\">\n<p data-start=\"1700\" data-end=\"1740\"><strong data-start=\"1700\" data-end=\"1737\">Trois volumes de caf\u00e9 programmables :<\/strong>:<\/p>\n<ul data-start=\"1743\" data-end=\"1814\">\n<li data-start=\"1743\" data-end=\"1766\">\n<p data-start=\"1745\" data-end=\"1766\"><em data-start=\"1745\" data-end=\"1756\">Ristretto<\/em> \u2013 25 ml<\/p>\n<\/li>\n<li data-start=\"1769\" data-end=\"1791\">\n<p data-start=\"1771\" data-end=\"1791\"><em data-start=\"1771\" data-end=\"1781\">Espresso<\/em> \u2013 40 ml<\/p>\n<\/li>\n<li data-start=\"1794\" data-end=\"1814\">\n<p data-start=\"1796\" data-end=\"1814\"><em data-start=\"1796\" data-end=\"1803\">Lungo<\/em> \u2013 110 ml<\/p>\n<\/li>\n<\/ul>\n<\/li>\n<li data-start=\"1815\" data-end=\"1883\">\n<p data-start=\"1817\" data-end=\"1883\" class=\"translation-block\">\u00c9cran digital multilingue pour une utilisation intuitive<\/p>\n<\/li>\n<li data-start=\"1884\" data-end=\"1966\">\n<p data-start=\"1886\" data-end=\"1966\" class=\"translation-block\">Connexion directe au r\u00e9seau d\u2019eau possible ou grand r\u00e9servoir amovible de 6 L<\/p>\n<\/li>\n<li data-start=\"1967\" data-end=\"2030\">\n<p data-start=\"1969\" data-end=\"2030\" class=\"translation-block\">Thermos pour lait gardant le lait frais jusqu\u2019\u00e0 8 heures<\/p>\n<\/li>\n<li data-start=\"2031\" data-end=\"2086\">\n<p data-start=\"2033\" data-end=\"2086\"><strong data-start=\"2033\" data-end=\"2084\">\u00c9jection automatique des capsules &amp; mode \u00e9conomie d\u2019\u00e9nergie<\/strong><\/p>\n<\/li>\n<li data-start=\"2087\" data-end=\"2151\">\n<p data-start=\"2089\" data-end=\"2151\" class=\"translation-block\">Plateau chauffe-tasses pour servir le caf\u00e9 \u00e0 temp\u00e9rature id\u00e9ale<\/p>\n<\/li>\n<li data-start=\"2152\" data-end=\"2271\">\n<p data-start=\"2154\" data-end=\"2271\" class=\"translation-block\">Syst\u00e8me de pression professionnel (~16\u201319 bars) pour une extraction optimale<\/p>\n<\/li>\n<\/ul>\n<hr data-start=\"2273\" data-end=\"2276\" \/>\n<h3 data-start=\"2278\" data-end=\"2310\"><strong data-start=\"2282\" data-end=\"2310\">Sp\u00e9cifications techniques<\/strong><\/h3>\n<ul data-start=\"2311\" data-end=\"2582\">\n<li data-start=\"2311\" data-end=\"2356\">\n<p data-start=\"2313\" data-end=\"2356\" class=\"translation-block\">Dimensions : env. 56 \u00d7 39,2 \u00d7 37 cm<\/p>\n<\/li>\n<li data-start=\"2357\" data-end=\"2389\">\n<p data-start=\"2359\" data-end=\"2389\" class=\"translation-block\">Capacit\u00e9 du r\u00e9servoir d\u2019eau : 6 L<\/p>\n<\/li>\n<li data-start=\"2390\" data-end=\"2412\">\n<p data-start=\"2392\" data-end=\"2412\" class=\"translation-block\">Poids : env. 18 kg<\/p>\n<\/li>\n<li data-start=\"2413\" data-end=\"2435\">\n<p data-start=\"2415\" data-end=\"2435\" class=\"translation-block\">Puissance : env. 2410 W<\/p>\n<\/li>\n<li data-start=\"2436\" data-end=\"2464\">\n<p data-start=\"2438\" data-end=\"2464\" class=\"translation-block\">Pression : env. 16\u201319 bars<\/p>\n<\/li>\n<li data-start=\"2465\" data-end=\"2582\">\n<p data-start=\"2467\" data-end=\"2582\" class=\"translation-block\">Conteneurs \u00e0 capsules usag\u00e9es : deux bacs d\u2019environ 70 capsules<\/p>\n<\/li>\n<\/ul>\n<hr data-start=\"2584\" data-end=\"2587\" \/>\n<h3 data-start=\"2589\" data-end=\"2643\"><strong data-start=\"2593\" data-end=\"2643\">Pourquoi choisir la CS220 pour votre \u00e9v\u00e9nement ?<\/strong><\/h3>\n<ul data-start=\"2644\" data-end=\"2950\">\n<li data-start=\"2644\" data-end=\"2718\">\n<p data-start=\"2646\" data-end=\"2718\" class=\"translation-block\">Id\u00e9ale pour les \u00e9v\u00e9nements \u00e0 forte demande n\u00e9cessitant un service rapide et continu<\/p>\n<\/li>\n<li data-start=\"2719\" data-end=\"2794\">\n<p data-start=\"2721\" data-end=\"2794\" class=\"translation-block\">Permet de proposer des boissons lact\u00e9es professionnelles comme les cappuccinos et lattes<\/p>\n<\/li>\n<li data-start=\"2795\" data-end=\"2857\">\n<p data-start=\"2797\" data-end=\"2857\">Performance professionnelle sans besoin de barista form\u00e9<\/p>\n<\/li>\n<li data-start=\"2858\" data-end=\"2950\">\n<p data-start=\"2860\" data-end=\"2950\" class=\"translation-block\">Solution premium professionnelle Nespresso parfaite pour les \u00e9v\u00e9nements corporate et priv\u00e9s<\/p>\n<\/li>\n<\/ul>","protected":false},"excerpt":{"rendered":"<h5><strong>Machine \u00e0 Caf\u00e9 Professionnelle Nespresso \u2013 Sophistication et Efficacit\u00e9 dans Chaque Tasse<\/strong><\/h5>\n<p>Impressionnez vos invit\u00e9s avec une machine \u00e0 caf\u00e9 de qualit\u00e9 professionnelle qui allie performance et style.<\/p>\n<h6><strong>Ce qui est inclus :<\/strong><\/h6>\n<ul>\n<li><strong>Kit de caf\u00e9 Nespresso :<\/strong> 400 doses de caf\u00e9 Nespresso, 400 gobelets, 400 sachets de sucre et 400 spatules en bois.<\/li>\n<\/ul>\n<p>\u00c9l\u00e9gante, efficace et \u00e9co-responsable, cette prestation est id\u00e9ale pour sublimer l\u2019offre de caf\u00e9 de votre \u00e9v\u00e9nement.<\/p>","protected":false},"featured_media":2245,"comment_status":"open","ping_status":"closed","template":"","meta":{"_acf_changed":false},"product_brand":[],"product_cat":[46],"product_tag":[],"class_list":{"0":"post-2244","1":"product","2":"type-product","3":"status-publish","4":"has-post-thumbnail","6":"product_cat-coffee-machine","8":"first","9":"instock","10":"taxable","11":"shipping-taxable","12":"purchasable","13":"product-type-simple"},"acf":[],"yoast_head":"<!-- This site is optimized with the Yoast SEO plugin v26.7 - https:\/\/yoast.com\/wordpress\/plugins\/seo\/ -->\n<title>Machine \u00e0 caf\u00e9 Professionnel Kit 300 caf\u00e9s - Essence France<\/title>\n<meta name=\"description\" content=\"D\u00e9couvrez notre service de Machine \u00e0 Caf\u00e9 Professionnelle avec Kit Caf\u00e9s en location, la solution pour vos \u00e9v\u00e9nements avec un \u00e9quipement de haute qualit\u00e9.\" \/>\n<meta name=\"robots\" content=\"index, follow, max-snippet:-1, max-image-preview:large, max-video-preview:-1\" \/>\n<link rel=\"canonical\" href=\"https:\/\/www.essence-france.com\/fr\/produit\/nespresso-cs220-with-kit-400-coffees-milk-beverage\/\" \/>\n<meta property=\"og:locale\" content=\"fr_FR\" \/>\n<meta property=\"og:type\" content=\"article\" \/>\n<meta property=\"og:title\" content=\"Machine \u00e0 caf\u00e9 Professionnel Kit 300 caf\u00e9s - Essence France\" \/>\n<meta property=\"og:description\" content=\"D\u00e9couvrez notre service de Machine \u00e0 Caf\u00e9 Professionnelle avec Kit Caf\u00e9s en location, la solution pour vos \u00e9v\u00e9nements avec un \u00e9quipement de haute qualit\u00e9.\" \/>\n<meta property=\"og:url\" content=\"https:\/\/www.essence-france.com\/fr\/produit\/nespresso-cs220-with-kit-400-coffees-milk-beverage\/\" \/>\n<meta property=\"og:site_name\" content=\"Essence France\" \/>\n<meta property=\"article:modified_time\" content=\"2026-01-13T14:39:06+00:00\" \/>\n<meta property=\"og:image\" content=\"https:\/\/www.essence-france.com\/wp-content\/uploads\/2026\/01\/CS220_ENSSENCE_FRANCE.png\" \/>\n\t<meta property=\"og:image:width\" content=\"400\" \/>\n\t<meta property=\"og:image:height\" content=\"400\" \/>\n\t<meta property=\"og:image:type\" content=\"image\/png\" \/>\n<meta name=\"twitter:card\" content=\"summary_large_image\" \/>\n<meta name=\"twitter:label1\" content=\"Dur\u00e9e de lecture estim\u00e9e\" \/>\n\t<meta name=\"twitter:data1\" content=\"2 minutes\" \/>\n<script type=\"application\/ld+json\" class=\"yoast-schema-graph\">{\"@context\":\"https:\/\/schema.org\",\"@graph\":[{\"@type\":\"WebPage\",\"@id\":\"https:\/\/www.essence-france.com\/fr\/produit\/nespresso-cs220-with-kit-400-coffees-milk-beverage\/\",\"url\":\"https:\/\/www.essence-france.com\/fr\/produit\/nespresso-cs220-with-kit-400-coffees-milk-beverage\/\",\"name\":\"Machine \u00e0 caf\u00e9 Professionnel Kit 300 caf\u00e9s - Essence France\",\"isPartOf\":{\"@id\":\"https:\/\/www.essence-france.com\/en\/#website\"},\"primaryImageOfPage\":{\"@id\":\"https:\/\/www.essence-france.com\/fr\/produit\/nespresso-cs220-with-kit-400-coffees-milk-beverage\/#primaryimage\"},\"image\":{\"@id\":\"https:\/\/www.essence-france.com\/fr\/produit\/nespresso-cs220-with-kit-400-coffees-milk-beverage\/#primaryimage\"},\"thumbnailUrl\":\"https:\/\/www.essence-france.com\/wp-content\/uploads\/2026\/01\/CS220_ENSSENCE_FRANCE.png\",\"datePublished\":\"2026-01-13T14:22:06+00:00\",\"dateModified\":\"2026-01-13T14:39:06+00:00\",\"description\":\"D\u00e9couvrez notre service de Machine \u00e0 Caf\u00e9 Professionnelle avec Kit Caf\u00e9s en location, la solution pour vos \u00e9v\u00e9nements avec un \u00e9quipement de haute qualit\u00e9.\",\"breadcrumb\":{\"@id\":\"https:\/\/www.essence-france.com\/fr\/produit\/nespresso-cs220-with-kit-400-coffees-milk-beverage\/#breadcrumb\"},\"inLanguage\":\"fr-FR\",\"potentialAction\":[{\"@type\":\"ReadAction\",\"target\":[\"https:\/\/www.essence-france.com\/fr\/produit\/nespresso-cs220-with-kit-400-coffees-milk-beverage\/\"]}]},{\"@type\":\"ImageObject\",\"inLanguage\":\"fr-FR\",\"@id\":\"https:\/\/www.essence-france.com\/fr\/produit\/nespresso-cs220-with-kit-400-coffees-milk-beverage\/#primaryimage\",\"url\":\"https:\/\/www.essence-france.com\/wp-content\/uploads\/2026\/01\/CS220_ENSSENCE_FRANCE.png\",\"contentUrl\":\"https:\/\/www.essence-france.com\/wp-content\/uploads\/2026\/01\/CS220_ENSSENCE_FRANCE.png\",\"width\":400,\"height\":400},{\"@type\":\"BreadcrumbList\",\"@id\":\"https:\/\/www.essence-france.com\/fr\/produit\/nespresso-cs220-with-kit-400-coffees-milk-beverage\/#breadcrumb\",\"itemListElement\":[{\"@type\":\"ListItem\",\"position\":1,\"name\":\"Accueil\",\"item\":\"https:\/\/www.essence-france.com\/en\/\"},{\"@type\":\"ListItem\",\"position\":2,\"name\":\"Shop\",\"item\":\"https:\/\/www.essence-france.com\/en\/boutique\/\"},{\"@type\":\"ListItem\",\"position\":3,\"name\":\"Nespresso CS220 with kit 400 coffees (milk heater included)\"}]},{\"@type\":\"WebSite\",\"@id\":\"https:\/\/www.essence-france.com\/en\/#website\",\"url\":\"https:\/\/www.essence-france.com\/en\/\",\"name\":\"Essence France\",\"description\":\"\",\"publisher\":{\"@id\":\"https:\/\/www.essence-france.com\/en\/#organization\"},\"potentialAction\":[{\"@type\":\"SearchAction\",\"target\":{\"@type\":\"EntryPoint\",\"urlTemplate\":\"https:\/\/www.essence-france.com\/en\/?s={search_term_string}\"},\"query-input\":{\"@type\":\"PropertyValueSpecification\",\"valueRequired\":true,\"valueName\":\"search_term_string\"}}],\"inLanguage\":\"fr-FR\"},{\"@type\":\"Organization\",\"@id\":\"https:\/\/www.essence-france.com\/en\/#organization\",\"name\":\"Essence France\",\"url\":\"https:\/\/www.essence-france.com\/en\/\",\"logo\":{\"@type\":\"ImageObject\",\"inLanguage\":\"fr-FR\",\"@id\":\"https:\/\/www.essence-france.com\/en\/#\/schema\/logo\/image\/\",\"url\":\"https:\/\/www.essence-france.com\/wp-content\/uploads\/2024\/04\/Favicon.png\",\"contentUrl\":\"https:\/\/www.essence-france.com\/wp-content\/uploads\/2024\/04\/Favicon.png\",\"width\":507,\"height\":514,\"caption\":\"Essence France\"},\"image\":{\"@id\":\"https:\/\/www.essence-france.com\/en\/#\/schema\/logo\/image\/\"},\"sameAs\":[\"https:\/\/www.instagram.com\/essence_france\/\",\"https:\/\/www.linkedin.com\/company\/essencefrance\"]}]}<\/script>\n<!-- \/ Yoast SEO plugin. -->","yoast_head_json":{"title":"Machine \u00e0 caf\u00e9 Professionnel Kit 300 caf\u00e9s - Essence France","description":"D\u00e9couvrez notre service de Machine \u00e0 Caf\u00e9 Professionnelle avec Kit Caf\u00e9s en location, la solution pour vos \u00e9v\u00e9nements avec un \u00e9quipement de haute qualit\u00e9.","robots":{"index":"index","follow":"follow","max-snippet":"max-snippet:-1","max-image-preview":"max-image-preview:large","max-video-preview":"max-video-preview:-1"},"canonical":"https:\/\/www.essence-france.com\/fr\/produit\/nespresso-cs220-with-kit-400-coffees-milk-beverage\/","og_locale":"fr_FR","og_type":"article","og_title":"Machine \u00e0 caf\u00e9 Professionnel Kit 300 caf\u00e9s - Essence France","og_description":"D\u00e9couvrez notre service de Machine \u00e0 Caf\u00e9 Professionnelle avec Kit Caf\u00e9s en location, la solution pour vos \u00e9v\u00e9nements avec un \u00e9quipement de haute qualit\u00e9.","og_url":"https:\/\/www.essence-france.com\/fr\/produit\/nespresso-cs220-with-kit-400-coffees-milk-beverage\/","og_site_name":"Essence France","article_modified_time":"2026-01-13T14:39:06+00:00","og_image":[{"width":400,"height":400,"url":"https:\/\/www.essence-france.com\/wp-content\/uploads\/2026\/01\/CS220_ENSSENCE_FRANCE.png","type":"image\/png"}],"twitter_card":"summary_large_image","twitter_misc":{"Dur\u00e9e de lecture estim\u00e9e":"2 minutes"},"schema":{"@context":"https:\/\/schema.org","@graph":[{"@type":"WebPage","@id":"https:\/\/www.essence-france.com\/fr\/produit\/nespresso-cs220-with-kit-400-coffees-milk-beverage\/","url":"https:\/\/www.essence-france.com\/fr\/produit\/nespresso-cs220-with-kit-400-coffees-milk-beverage\/","name":"Machine \u00e0 caf\u00e9 Professionnel Kit 300 caf\u00e9s - Essence France","isPartOf":{"@id":"https:\/\/www.essence-france.com\/en\/#website"},"primaryImageOfPage":{"@id":"https:\/\/www.essence-france.com\/fr\/produit\/nespresso-cs220-with-kit-400-coffees-milk-beverage\/#primaryimage"},"image":{"@id":"https:\/\/www.essence-france.com\/fr\/produit\/nespresso-cs220-with-kit-400-coffees-milk-beverage\/#primaryimage"},"thumbnailUrl":"https:\/\/www.essence-france.com\/wp-content\/uploads\/2026\/01\/CS220_ENSSENCE_FRANCE.png","datePublished":"2026-01-13T14:22:06+00:00","dateModified":"2026-01-13T14:39:06+00:00","description":"D\u00e9couvrez notre service de Machine \u00e0 Caf\u00e9 Professionnelle avec Kit Caf\u00e9s en location, la solution pour vos \u00e9v\u00e9nements avec un \u00e9quipement de haute qualit\u00e9.","breadcrumb":{"@id":"https:\/\/www.essence-france.com\/fr\/produit\/nespresso-cs220-with-kit-400-coffees-milk-beverage\/#breadcrumb"},"inLanguage":"fr-FR","potentialAction":[{"@type":"ReadAction","target":["https:\/\/www.essence-france.com\/fr\/produit\/nespresso-cs220-with-kit-400-coffees-milk-beverage\/"]}]},{"@type":"ImageObject","inLanguage":"fr-FR","@id":"https:\/\/www.essence-france.com\/fr\/produit\/nespresso-cs220-with-kit-400-coffees-milk-beverage\/#primaryimage","url":"https:\/\/www.essence-france.com\/wp-content\/uploads\/2026\/01\/CS220_ENSSENCE_FRANCE.png","contentUrl":"https:\/\/www.essence-france.com\/wp-content\/uploads\/2026\/01\/CS220_ENSSENCE_FRANCE.png","width":400,"height":400},{"@type":"BreadcrumbList","@id":"https:\/\/www.essence-france.com\/fr\/produit\/nespresso-cs220-with-kit-400-coffees-milk-beverage\/#breadcrumb","itemListElement":[{"@type":"ListItem","position":1,"name":"Accueil","item":"https:\/\/www.essence-france.com\/en\/"},{"@type":"ListItem","position":2,"name":"Shop","item":"https:\/\/www.essence-france.com\/en\/boutique\/"},{"@type":"ListItem","position":3,"name":"Nespresso CS220 with kit 400 coffees (milk heater included)"}]},{"@type":"WebSite","@id":"https:\/\/www.essence-france.com\/en\/#website","url":"https:\/\/www.essence-france.com\/en\/","name":"Essence France","description":"","publisher":{"@id":"https:\/\/www.essence-france.com\/en\/#organization"},"potentialAction":[{"@type":"SearchAction","target":{"@type":"EntryPoint","urlTemplate":"https:\/\/www.essence-france.com\/en\/?s={search_term_string}"},"query-input":{"@type":"PropertyValueSpecification","valueRequired":true,"valueName":"search_term_string"}}],"inLanguage":"fr-FR"},{"@type":"Organization","@id":"https:\/\/www.essence-france.com\/en\/#organization","name":"Essence France","url":"https:\/\/www.essence-france.com\/en\/","logo":{"@type":"ImageObject","inLanguage":"fr-FR","@id":"https:\/\/www.essence-france.com\/en\/#\/schema\/logo\/image\/","url":"https:\/\/www.essence-france.com\/wp-content\/uploads\/2024\/04\/Favicon.png","contentUrl":"https:\/\/www.essence-france.com\/wp-content\/uploads\/2024\/04\/Favicon.png","width":507,"height":514,"caption":"Essence France"},"image":{"@id":"https:\/\/www.essence-france.com\/en\/#\/schema\/logo\/image\/"},"sameAs":["https:\/\/www.instagram.com\/essence_france\/","https:\/\/www.linkedin.com\/company\/essencefrance"]}]}},"_links":{"self":[{"href":"https:\/\/www.essence-france.com\/fr\/wp-json\/wp\/v2\/product\/2244","targetHints":{"allow":["GET"]}}],"collection":[{"href":"https:\/\/www.essence-france.com\/fr\/wp-json\/wp\/v2\/product"}],"about":[{"href":"https:\/\/www.essence-france.com\/fr\/wp-json\/wp\/v2\/types\/product"}],"replies":[{"embeddable":true,"href":"https:\/\/www.essence-france.com\/fr\/wp-json\/wp\/v2\/comments?post=2244"}],"wp:featuredmedia":[{"embeddable":true,"href":"https:\/\/www.essence-france.com\/fr\/wp-json\/wp\/v2\/media\/2245"}],"wp:attachment":[{"href":"https:\/\/www.essence-france.com\/fr\/wp-json\/wp\/v2\/media?parent=2244"}],"wp:term":[{"taxonomy":"product_brand","embeddable":true,"href":"https:\/\/www.essence-france.com\/fr\/wp-json\/wp\/v2\/product_brand?post=2244"},{"taxonomy":"product_cat","embeddable":true,"href":"https:\/\/www.essence-france.com\/fr\/wp-json\/wp\/v2\/product_cat?post=2244"},{"taxonomy":"product_tag","embeddable":true,"href":"https:\/\/www.essence-france.com\/fr\/wp-json\/wp\/v2\/product_tag?post=2244"}],"curies":[{"name":"wp","href":"https:\/\/api.w.org\/{rel}","templated":true}]}}